{"id":4950,"date":"2026-01-21T13:27:45","date_gmt":"2026-01-21T05:27:45","guid":{"rendered":"https:\/\/minghanggroup.com\/?post_type=product&#038;p=4950"},"modified":"2026-01-21T13:27:47","modified_gmt":"2026-01-21T05:27:47","slug":"unusual-reed-diffuser-bottles-with-embossed-design-wholesale","status":"publish","type":"product","link":"https:\/\/minghanggroup.com\/es\/producto\/unusual-reed-diffuser-bottles-with-embossed-design-wholesale\/","title":{"rendered":"Botellas difusoras de varillas originales de 120 ml y 250 ml con dise\u00f1o en relieve, venta al por mayor"},"content":{"rendered":"<p>Tus originales botellas difusoras de varillas no solo deben contener aroma, sino que tambi\u00e9n deben hacer que la luz baile como arte l\u00edquido sobre tu mesa de centro. Como especialistas en botellas difusoras de varillas de vidrio al por mayor, creamos difusores de lujo que convierten tu difusor de aceites esenciales en el tema de conversaci\u00f3n m\u00e1s silencioso de cualquier habitaci\u00f3n.<\/p>\n<h2>Caracter\u00edsticas del producto<\/h2>\n<ul>\n<li><strong>Dise\u00f1o de vidrio art\u00edstico en relieve:<\/strong> La botella presenta un patr\u00f3n de textura de vidrio en relieve en 3D, que a la vista crea m\u00faltiples capas profundas y, por lo tanto, la botella es muy visible entre otras botellas difusoras de varillas de vidrio al por mayor similares.<\/li>\n<li><strong>Silueta irregular sim\u00e9trica:<\/strong> La forma irregular de la silueta con los lados espejados rompe el molde de las habituales botellas difusoras de forma redonda o cuadrada, por lo tanto, este elemento art\u00edstico combina bien con la decoraci\u00f3n del hogar de lujo y las l\u00edneas de productos de regalo.<\/li>\n<li><strong>Estructura de base de botella estable y engrosada: <\/strong>Un dise\u00f1o de base engrosada no solo aumenta la estabilidad general de la botella, sino que tambi\u00e9n reduce el riesgo de que se caiga, por lo que es adecuada para entornos minoristas y hoteleros.<\/li>\n<\/ul>\n<h2>Especificaciones clave<\/h2>\n<table style=\"border-collapse: collapse; width: 80%; margin-left: auto; margin-right: auto;\" border=\"0\" width=\"288\" cellspacing=\"0\" cellpadding=\"0\">\n<tbody>\n<tr style=\"height: 13.50pt;\">\n<td style=\"height: 13.5pt; width: 54pt; text-align: center;\" width=\"72\" height=\"18\">Tama\u00f1o (ml)<\/td>\n<td style=\"width: 54pt; text-align: center;\" width=\"72\">Dimensiones (mm)<\/td>\n<td style=\"width: 54pt; text-align: center;\" width=\"72\">Tipo de cuello<\/td>\n<td style=\"width: 54pt; text-align: center;\" width=\"72\">Caracter\u00edstica<\/td>\n<\/tr>\n<tr style=\"height: 13.50pt;\">\n<td style=\"height: 13.5pt; text-align: center;\" align=\"right\" height=\"18\">120<\/td>\n<td style=\"text-align: center;\">114 \u00d7 100<\/td>\n<td class=\"et2\" style=\"text-align: center;\" rowspan=\"2\">Tapa de rosca<\/td>\n<td class=\"et2\" style=\"text-align: center;\" rowspan=\"2\">Textura en relieve<\/td>\n<\/tr>\n<tr style=\"height: 13.50pt;\">\n<td style=\"height: 13.5pt; text-align: center;\" align=\"right\" height=\"18\">250<\/td>\n<td style=\"text-align: center;\">139 \u00d7 117<\/td>\n<\/tr>\n<\/tbody>\n<\/table>\n<h2>Caso de \u00e9xito<\/h2>\n<p>Una marca europea de fragancias opt\u00f3 por los exclusivos frascos difusores de varillas como envase principal para su colecci\u00f3n anual de fragancias para el hogar. Les proporcionamos una soluci\u00f3n de venta al por mayor de frascos difusores de varillas de vidrio, personalizando una exclusiva botella rosa ahumado con un logotipo serigrafiado en la base, junto con varillas difusoras de madera originales.<\/p>\n<p>Tras el lanzamiento del producto, la colecci\u00f3n experiment\u00f3 un crecimiento masivo en las tasas de recompra en tiendas de art\u00edculos de lujo para el hogar, y el precio por botella aument\u00f3 aproximadamente un 30 % en comparaci\u00f3n con el modelo b\u00e1sico inicial. Esto permiti\u00f3 al cliente crear una l\u00ednea de fragancias para el hogar m\u00e1s exclusiva.<\/p>\n<h2>Sus opciones de personalizaci\u00f3n<\/h2>\n<ol>\n<li><strong>Detalles en relieve\/grabado:<\/strong> Utilice un patr\u00f3n geom\u00e9trico o de marca personalizado en la parte delantera o trasera de la botella para aumentar el atractivo t\u00e1ctil y visual.<\/li>\n<li><strong>Combinaci\u00f3n de cuello de botella y accesorios:<\/strong> Se adapta a diferentes tama\u00f1os de cuellos de botella y es adecuado para difusores de metal, madera o dise\u00f1os personalizados para componer un estilo completo.<\/li>\n<li><strong>Opciones de color y recubrimiento:<\/strong> Permite pulverizaci\u00f3n parcial, efectos de degradado o recubrimiento de color en interiores, adapt\u00e1ndose a ediciones limitadas o colecciones de fragancias de lujo.<\/li>\n<\/ol>","protected":false},"excerpt":{"rendered":"<p>Botellas difusoras de varillas originales en elegante vidrio repujado. Estas botellas difusoras de varillas de vidrio ofrecen personalizaci\u00f3n al por mayor y muestras gratuitas.<\/p>","protected":false},"featured_media":5001,"template":"","meta":{"postBodyCss":"","postBodyMargin":[],"postBodyPadding":[],"postBodyBackground":{"backgroundType":"classic","gradient":""}},"product_brand":[],"product_cat":[15,16,63],"product_tag":[],"class_list":{"0":"post-4950","1":"product","2":"type-product","3":"status-publish","4":"has-post-thumbnail","6":"product_cat-glass-containers","7":"product_cat-glass-bottles","8":"product_cat-reed-diffuser-bottles","10":"first","11":"instock","12":"shipping-taxable","13":"product-type-simple"},"jetpack_sharing_enabled":true,"_links":{"self":[{"href":"https:\/\/minghanggroup.com\/es\/wp-json\/wp\/v2\/product\/4950","targetHints":{"allow":["GET"]}}],"collection":[{"href":"https:\/\/minghanggroup.com\/es\/wp-json\/wp\/v2\/product"}],"about":[{"href":"https:\/\/minghanggroup.com\/es\/wp-json\/wp\/v2\/types\/product"}],"wp:featuredmedia":[{"embeddable":true,"href":"https:\/\/minghanggroup.com\/es\/wp-json\/wp\/v2\/media\/5001"}],"wp:attachment":[{"href":"https:\/\/minghanggroup.com\/es\/wp-json\/wp\/v2\/media?parent=4950"}],"wp:term":[{"taxonomy":"product_brand","embeddable":true,"href":"https:\/\/minghanggroup.com\/es\/wp-json\/wp\/v2\/product_brand?post=4950"},{"taxonomy":"product_cat","embeddable":true,"href":"https:\/\/minghanggroup.com\/es\/wp-json\/wp\/v2\/product_cat?post=4950"},{"taxonomy":"product_tag","embeddable":true,"href":"https:\/\/minghanggroup.com\/es\/wp-json\/wp\/v2\/product_tag?post=4950"}],"curies":[{"name":"wp","href":"https:\/\/api.w.org\/{rel}","templated":true}]}}