{"id":4916,"date":"2026-01-21T09:37:40","date_gmt":"2026-01-21T01:37:40","guid":{"rendered":"https:\/\/minghanggroup.com\/?post_type=product&#038;p=4916"},"modified":"2026-01-21T10:57:26","modified_gmt":"2026-01-21T02:57:26","slug":"empty-glass-diffuser-bottles-with-vertical-grooves-bulk","status":"publish","type":"product","link":"https:\/\/minghanggroup.com\/es\/producto\/empty-glass-diffuser-bottles-with-vertical-grooves-bulk\/","title":{"rendered":"Botellas difusoras de vidrio vac\u00edas de 120 ml con ranuras verticales a granel"},"content":{"rendered":"<p>Estas botellas difusoras de vidrio vac\u00edas tienen forma cil\u00edndrica. El recipiente de vidrio transparente presenta ranuras verticales decorativas en el acabado y la base est\u00e1 grabada con atractivos dise\u00f1os. Su dise\u00f1o multiusos con cuello de rosca es pr\u00e1ctico y elegante.<\/p>\n<h2>Caracter\u00edsticas del producto<\/h2>\n<ul>\n<li><strong>Cuerpo acanalado vertical:<\/strong> Numerosas nervaduras verticales crean una profundidad visual sutil a trav\u00e9s de la refracci\u00f3n de la luz, al tiempo que mejoran el agarre.<\/li>\n<li><strong>Tap\u00f3n de rosca multicapa:<\/strong> El dise\u00f1o de tapa de rosca de m\u00faltiples capas permite un sellado herm\u00e9tico para evitar fugas, al tiempo que facilita el llenado, logrando as\u00ed un equilibrio entre practicidad y hermeticidad.<\/li>\n<li><strong>Gran capacidad de 120 ml:<\/strong> El generoso tama\u00f1o de 120 ml garantiza la liberaci\u00f3n continua de fragancia durante m\u00e1s tiempo en habitaciones de tama\u00f1o mediano a grande.<\/li>\n<\/ul>\n<h2 style=\"text-align: left;\">Especificaciones clave<\/h2>\n<table class=\"aligncenter\" style=\"border-collapse: collapse; width: 426.02pt;\" border=\"0\" width=\"568\" cellspacing=\"0\" cellpadding=\"0\">\n<tbody>\n<tr style=\"height: 13.50pt;\">\n<td style=\"height: 13.50pt; width: 116.25pt;\" width=\"155\" height=\"18\">Especificaci\u00f3n<\/td>\n<td style=\"width: 309.75pt;\" width=\"413\">Detalles<\/td>\n<\/tr>\n<tr style=\"height: 13.50pt;\">\n<td style=\"height: 13.50pt;\" height=\"18\">Capacidad<\/td>\n<td>120 ml<\/td>\n<\/tr>\n<tr style=\"height: 13.50pt;\">\n<td style=\"height: 13.50pt;\" height=\"18\">Dimensiones<\/td>\n<td>70\u00d781 mm<\/td>\n<\/tr>\n<tr style=\"height: 13.50pt;\">\n<td style=\"height: 13.50pt;\" height=\"18\">Di\u00e1metro interior\/exterior del cuello<\/td>\n<td>17 mm \/ 27 mm<\/td>\n<\/tr>\n<tr style=\"height: 13.50pt;\">\n<td style=\"height: 13.50pt;\" height=\"18\">Material<\/td>\n<td>Vidrio transparente<\/td>\n<\/tr>\n<tr style=\"height: 13.50pt;\">\n<td style=\"height: 13.50pt;\" height=\"18\">Alcance de personalizaci\u00f3n<\/td>\n<td>Color, tama\u00f1o, forma, tapas<\/td>\n<\/tr>\n<tr style=\"height: 13.50pt;\">\n<td style=\"height: 13.50pt;\" height=\"18\">Artesan\u00eda<\/td>\n<td>Moldeo de vidrio estriado, corte de roscas<\/td>\n<\/tr>\n<tr style=\"height: 13.50pt;\">\n<td style=\"height: 13.50pt;\" height=\"18\">Prop\u00f3sito del producto<\/td>\n<td>Botella difusora de perfume, botellas difusoras decorativas<\/td>\n<\/tr>\n<tr style=\"height: 13.50pt;\">\n<td style=\"height: 13.50pt;\" height=\"18\">Industrias adecuadas<\/td>\n<td>Marcas de fragancias para el hogar de alta gama, dise\u00f1o de interiores<\/td>\n<\/tr>\n<\/tbody>\n<\/table>\n<h2>Caso de \u00e9xito: Cadena de hoteles boutique con servicios exclusivos<\/h2>\n<p>Nuestros frascos difusores de perfume de 120 ml fueron encargados por un hotel boutique de lujo en Estados Unidos. Su dise\u00f1o presenta un suave color \u00e1mbar con fondo chapado en oro. Su capacidad de 120 ml permite rellenarlos solo una vez cada tres meses, lo que supone un ahorro del 30 % en costes operativos. Adem\u00e1s, su precio de venta al p\u00fablico se increment\u00f3 a la mitad gracias a su dise\u00f1o elegante y sofisticado. El hotel qued\u00f3 encantado con los comentarios de sus hu\u00e9spedes y el rendimiento del producto, por lo que encarg\u00f3 400\u00a0000 frascos adicionales para abastecer a todos sus hoteles durante los pr\u00f3ximos cinco a\u00f1os.<\/p>\n<h2>Opciones de personalizaci\u00f3n para botellas difusoras de vidrio vac\u00edas<\/h2>\n<ul>\n<li>Color y transparencia del vidrio: Hay vidrio transparente, ahumado, \u00e1mbar o blanco opaco.<\/li>\n<li>Dise\u00f1o de la botella: Ancho, profundidad o patr\u00f3n seleccionables de las ranuras verticales.<\/li>\n<li>Grabado inferior individualizado: agregue una banda de decoraci\u00f3n especial o combine el logotipo con el dise\u00f1o inferior.<\/li>\n<li>Acentos de vitrales: esta es una t\u00e9cnica de dos colores que aplica un fondo de vitral al vidrio transparente.<\/li>\n<\/ul>","protected":false},"excerpt":{"rendered":"<p>Botella difusora compacta para autom\u00f3vil con cuerda de cuentas de madera, recargable para aceites esenciales y aromas, botellas difusoras para autom\u00f3vil vac\u00edas de calidad al por mayor, env\u00edo r\u00e1pido.<\/p>","protected":false},"featured_media":4942,"template":"","meta":{"postBodyCss":"","postBodyMargin":[],"postBodyPadding":[],"postBodyBackground":{"backgroundType":"classic","gradient":""}},"product_brand":[],"product_cat":[15,16,63],"product_tag":[],"class_list":{"0":"post-4916","1":"product","2":"type-product","3":"status-publish","4":"has-post-thumbnail","6":"product_cat-glass-containers","7":"product_cat-glass-bottles","8":"product_cat-reed-diffuser-bottles","10":"first","11":"instock","12":"shipping-taxable","13":"product-type-simple"},"jetpack_sharing_enabled":true,"_links":{"self":[{"href":"https:\/\/minghanggroup.com\/es\/wp-json\/wp\/v2\/product\/4916","targetHints":{"allow":["GET"]}}],"collection":[{"href":"https:\/\/minghanggroup.com\/es\/wp-json\/wp\/v2\/product"}],"about":[{"href":"https:\/\/minghanggroup.com\/es\/wp-json\/wp\/v2\/types\/product"}],"wp:featuredmedia":[{"embeddable":true,"href":"https:\/\/minghanggroup.com\/es\/wp-json\/wp\/v2\/media\/4942"}],"wp:attachment":[{"href":"https:\/\/minghanggroup.com\/es\/wp-json\/wp\/v2\/media?parent=4916"}],"wp:term":[{"taxonomy":"product_brand","embeddable":true,"href":"https:\/\/minghanggroup.com\/es\/wp-json\/wp\/v2\/product_brand?post=4916"},{"taxonomy":"product_cat","embeddable":true,"href":"https:\/\/minghanggroup.com\/es\/wp-json\/wp\/v2\/product_cat?post=4916"},{"taxonomy":"product_tag","embeddable":true,"href":"https:\/\/minghanggroup.com\/es\/wp-json\/wp\/v2\/product_tag?post=4916"}],"curies":[{"name":"wp","href":"https:\/\/api.w.org\/{rel}","templated":true}]}}