{"id":4911,"date":"2026-01-21T10:08:14","date_gmt":"2026-01-21T02:08:14","guid":{"rendered":"https:\/\/minghanggroup.com\/?post_type=product&#038;p=4911"},"modified":"2026-01-21T10:08:16","modified_gmt":"2026-01-21T02:08:16","slug":"octagonal-ribbed-empty-oil-diffuser-bottles-wholesale","status":"publish","type":"product","link":"https:\/\/minghanggroup.com\/es\/producto\/octagonal-ribbed-empty-oil-diffuser-bottles-wholesale\/","title":{"rendered":"Botellas difusoras de aceite vac\u00edas con acanaladuras octogonales de 100 ml, 200 ml, 500 ml y 1000 ml, venta al por mayor"},"content":{"rendered":"<p>Tus difusores de aceites no deber\u00edan quedarse vac\u00edos, sino convertirse en una pieza decorativa para tu escritorio. Como especialistas en la venta al por mayor de difusores de varillas vac\u00edos, fabricamos difusores de varillas de vidrio que convierten tu difusor de aceites esenciales en una obra maestra silenciosa para tu habitaci\u00f3n.<\/p>\n<h2>Caracter\u00edsticas del producto<\/h2>\n<ul>\n<li><strong>Dise\u00f1o de nervadura vertical octogonal:<\/strong> La botella se caracteriza por su forma octogonal cristalina y clara y su estructura de nervaduras verticales que proporcionan un agarre m\u00e1s seguro y adem\u00e1s juegan con luces y sombras a\u00f1adiendo un aspecto de profundidad visual.<\/li>\n<li><strong>Alto, Transparencia Gruesa, Vidrio Inferior:<\/strong> La botella est\u00e1 hecha de vidrio de alta transparencia, lo que le otorga una textura muy pura y elegante. El fondo de vidrio es bastante grueso, lo que no solo le da mayor estabilidad, sino que tambi\u00e9n le da un efecto de exhibici\u00f3n lujoso.<\/li>\n<li><strong>Vers\u00e1til y f\u00e1cil de exhibir:<\/strong> El dise\u00f1o geom\u00e9trico es una mezcla perfecta de estilo contempor\u00e1neo y elementos decorativos que pueden adaptarse a diferentes entornos, como hogares, hoteles y minoristas de marcas de fragancias.<\/li>\n<\/ul>\n<h2>Especificaciones clave<\/h2>\n<table style=\"border-collapse: collapse; width: 80%; margin-left: auto; margin-right: auto;\" border=\"0\" width=\"288\" cellspacing=\"0\" cellpadding=\"0\">\n<tbody>\n<tr style=\"height: 13.50pt;\">\n<td style=\"height: 13.5pt; width: 54pt; text-align: center;\" width=\"72\" height=\"18\">Tama\u00f1o (ml)<\/td>\n<td style=\"width: 54pt; text-align: center;\" width=\"72\">Dimensiones (mm)<\/td>\n<td style=\"width: 54pt; text-align: center;\" width=\"72\">Tipo de cuello<\/td>\n<td style=\"width: 54pt; text-align: center;\" width=\"72\">Forma<\/td>\n<\/tr>\n<tr style=\"height: 13.50pt;\">\n<td style=\"height: 13.5pt; text-align: center;\" align=\"right\" height=\"18\">100<\/td>\n<td style=\"text-align: center;\">61\u00d7105<\/td>\n<td class=\"et2\" style=\"text-align: center;\" rowspan=\"4\">Ajuste a presi\u00f3n<\/td>\n<td class=\"et2\" style=\"text-align: center;\" rowspan=\"4\">Crestas octogonales<\/td>\n<\/tr>\n<tr style=\"height: 13.50pt;\">\n<td style=\"height: 13.5pt; text-align: center;\" align=\"right\" height=\"18\">200<\/td>\n<td style=\"text-align: center;\">70\u00d7121<\/td>\n<\/tr>\n<tr style=\"height: 13.50pt;\">\n<td style=\"height: 13.5pt; text-align: center;\" align=\"right\" height=\"18\">500<\/td>\n<td style=\"text-align: center;\">89\u00d7149<\/td>\n<\/tr>\n<tr style=\"height: 13.50pt;\">\n<td style=\"height: 13.5pt; text-align: center;\" align=\"right\" height=\"18\">1000<\/td>\n<td style=\"text-align: center;\">109\u00d7178<\/td>\n<\/tr>\n<\/tbody>\n<\/table>\n<h2>Caso de \u00e9xito<\/h2>\n<p>Una marca nicho de fragancias para el hogar buscaba un difusor que no solo reflejara una identidad de marca m\u00e1s refinada, sino que tambi\u00e9n fuera un atractivo visual en los estantes. Para la nueva l\u00ednea, la marca eligi\u00f3 nuestros difusores de vidrio octogonal acanalado y les aplic\u00f3 cambios como un acabado esmerilado, un logotipo grabado en relieve en el panel frontal y un color gris ahumado suave.<\/p>\n<p>Como resultado del nuevo lanzamiento, las tasas de devoluci\u00f3n de la marca relacionadas con fugas y problemas de apariencia se redujeron en un 35 % gracias al empaque mejorado. Los pedidos repetidos de los clientes aumentaron un 45 % despu\u00e9s de solo dos ciclos de producto.<\/p>\n<h2>Sus opciones de personalizaci\u00f3n<\/h2>\n<ol>\n<li><strong>Color y material del vidrio:<\/strong> Puede estar hecho de vidrio gris ahumado, \u00e1mbar, degradado o blanco transparente, por lo que es adecuado para productos de aromaterapia de alta gama, decoraci\u00f3n del hogar o l\u00edneas de regalos que requieren un posicionamiento diferente.<\/li>\n<li><strong>Personalizaci\u00f3n de la identidad de marca:<\/strong> Los logotipos grabados en relieve o bajo relieve se pueden realizar en el frente o en las partes facetadas de la botella y, adem\u00e1s, se pueden aplicar patrones de serigraf\u00eda y estampado en caliente para aumentar el reconocimiento de la marca.<\/li>\n<li><strong>Opciones de cuello de botella y accesorios:<\/strong> Se adapta a varios tama\u00f1os de cuello y se puede combinar de forma natural con juncos de rat\u00e1n, varillas de fibra o varillas difusoras de colores personalizados para lograr una apariencia general m\u00e1s armoniosa.<\/li>\n<\/ol>","protected":false},"excerpt":{"rendered":"<p>Botellas difusoras de aceite vac\u00edas, directamente de f\u00e1brica, con vidrio octogonal acanalado. Ofrecemos personalizaci\u00f3n al por mayor para estas botellas difusoras de varillas vac\u00edas. Env\u00edo r\u00e1pido.<\/p>","protected":false},"featured_media":4926,"template":"","meta":{"postBodyCss":"","postBodyMargin":[],"postBodyPadding":[],"postBodyBackground":{"backgroundType":"classic","gradient":""}},"product_brand":[],"product_cat":[15,16,63],"product_tag":[],"class_list":{"0":"post-4911","1":"product","2":"type-product","3":"status-publish","4":"has-post-thumbnail","6":"product_cat-glass-containers","7":"product_cat-glass-bottles","8":"product_cat-reed-diffuser-bottles","10":"first","11":"instock","12":"shipping-taxable","13":"product-type-simple"},"jetpack_sharing_enabled":true,"_links":{"self":[{"href":"https:\/\/minghanggroup.com\/es\/wp-json\/wp\/v2\/product\/4911","targetHints":{"allow":["GET"]}}],"collection":[{"href":"https:\/\/minghanggroup.com\/es\/wp-json\/wp\/v2\/product"}],"about":[{"href":"https:\/\/minghanggroup.com\/es\/wp-json\/wp\/v2\/types\/product"}],"wp:featuredmedia":[{"embeddable":true,"href":"https:\/\/minghanggroup.com\/es\/wp-json\/wp\/v2\/media\/4926"}],"wp:attachment":[{"href":"https:\/\/minghanggroup.com\/es\/wp-json\/wp\/v2\/media?parent=4911"}],"wp:term":[{"taxonomy":"product_brand","embeddable":true,"href":"https:\/\/minghanggroup.com\/es\/wp-json\/wp\/v2\/product_brand?post=4911"},{"taxonomy":"product_cat","embeddable":true,"href":"https:\/\/minghanggroup.com\/es\/wp-json\/wp\/v2\/product_cat?post=4911"},{"taxonomy":"product_tag","embeddable":true,"href":"https:\/\/minghanggroup.com\/es\/wp-json\/wp\/v2\/product_tag?post=4911"}],"curies":[{"name":"wp","href":"https:\/\/api.w.org\/{rel}","templated":true}]}}