{"id":4864,"date":"2026-01-20T15:08:24","date_gmt":"2026-01-20T07:08:24","guid":{"rendered":"https:\/\/minghanggroup.com\/?post_type=product&#038;p=4864"},"modified":"2026-01-21T09:31:22","modified_gmt":"2026-01-21T01:31:22","slug":"hanging-empty-car-diffuser-bottles-wholesale","status":"publish","type":"product","link":"https:\/\/minghanggroup.com\/es\/producto\/hanging-empty-car-diffuser-bottles-wholesale\/","title":{"rendered":"Botellas difusoras vac\u00edas colgantes para coche de 8 ml, venta al por mayor"},"content":{"rendered":"<p>Este difusor para coche tiene un dise\u00f1o \u00fanico. El corte en sus m\u00faltiples facetas crea una forma c\u00f3nica \u00fanica que se estrecha hasta la punta. La abertura est\u00e1 cubierta con un tap\u00f3n de madera multicapa y preajustada con un cord\u00f3n tejido con cuentas de madera para facilitar su colocaci\u00f3n.<\/p>\n<h2>Caracter\u00edsticas del producto<\/h2>\n<ul>\n<li><strong>Botella c\u00f3nica romboidal:<\/strong> El dise\u00f1o del cono romboidal es n\u00edtido y, por lo tanto, agrega profundidad a la imagen y hace que los productos sean m\u00e1s reconocibles.<\/li>\n<li><strong>Tapa de madera multicapa:<\/strong> La tapa de madera multicapa es una mezcla de sellado y difusi\u00f3n de fragancias.<\/li>\n<li><strong>Dise\u00f1o de cord\u00f3n de color contrastante:<\/strong> El cord\u00f3n tejido de colores brillantes con cuentas de madera se puede colocar f\u00e1cilmente en el espejo retrovisor de un autom\u00f3vil.<\/li>\n<\/ul>\n<h2 style=\"text-align: left;\">Especificaciones clave<\/h2>\n<table class=\"aligncenter\" style=\"border-collapse: collapse; width: 393.77pt;\" border=\"0\" width=\"525\" cellspacing=\"0\" cellpadding=\"0\">\n<tbody>\n<tr style=\"height: 13.50pt;\">\n<td style=\"height: 13.50pt; width: 116.25pt;\" width=\"155\" height=\"18\">Especificaci\u00f3n<\/td>\n<td style=\"width: 277.50pt;\" width=\"370\">Detalles<\/td>\n<\/tr>\n<tr style=\"height: 13.50pt;\">\n<td style=\"height: 13.50pt;\" height=\"18\">Capacidad<\/td>\n<td>8 ml<\/td>\n<\/tr>\n<tr style=\"height: 13.50pt;\">\n<td style=\"height: 13.50pt;\" height=\"18\">Dimensiones<\/td>\n<td>37\u00d746 mm<\/td>\n<\/tr>\n<tr style=\"height: 13.50pt;\">\n<td style=\"height: 13.50pt;\" height=\"18\">Material<\/td>\n<td>Vidrio s\u00f3dico-c\u00e1lcico, madera, cord\u00f3n de algod\u00f3n<\/td>\n<\/tr>\n<tr style=\"height: 13.50pt;\">\n<td style=\"height: 13.50pt;\" height=\"18\">Forma de la botella<\/td>\n<td>Cono de diamante\/hexagonal<\/td>\n<\/tr>\n<tr style=\"height: 13.50pt;\">\n<td style=\"height: 13.50pt;\" height=\"18\">Alcance de personalizaci\u00f3n<\/td>\n<td>Variaci\u00f3n de color, tapas, acabado, tama\u00f1o y forma<\/td>\n<\/tr>\n<tr style=\"height: 13.50pt;\">\n<td style=\"height: 13.50pt;\" height=\"18\">Artesan\u00eda<\/td>\n<td>Moldura de vidrio facetado, ensamblaje de cord\u00f3n<\/td>\n<\/tr>\n<tr style=\"height: 13.50pt;\">\n<td style=\"height: 13.50pt;\" height=\"18\">Prop\u00f3sito del producto<\/td>\n<td>Botellas difusoras colgantes, botellas difusoras para coche<\/td>\n<\/tr>\n<tr style=\"height: 13.50pt;\">\n<td style=\"height: 13.50pt;\" height=\"18\">Industrias adecuadas<\/td>\n<td>Accesorios para autom\u00f3viles, minoristas boutique<\/td>\n<\/tr>\n<\/tbody>\n<\/table>\n<h2>Estudio de caso<\/h2>\n<p>Una de las marcas europeas de accesorios para autom\u00f3viles encarg\u00f3 nuestro difusor romboidal para coche. Su dise\u00f1o distintivo se convirti\u00f3 r\u00e1pidamente en un icono, lo que provoc\u00f3 un aumento del 400% en las menciones de la categor\u00eda de producto en redes sociales. Otro elemento distintivo de la marca fue el uso del cord\u00f3n de colores llamativos, que aument\u00f3 el conocimiento de la marca en un 60% entre su p\u00fablico objetivo. La marca qued\u00f3 tan entusiasmada con el \u00e9xito rotundo que encarg\u00f3 otro lote de 600.000 botellas para una campa\u00f1a de promoci\u00f3n a nivel nacional.<\/p>\n<h2>Botellas difusoras de coche vac\u00edas al por mayor\u00a0<span class=\"text-[#00CEC8]\">Opciones de personalizaci\u00f3n<\/span><\/h2>\n<ul>\n<li>Acabado de tapa de madera: Las tapas est\u00e1n disponibles en varias maderas o acabados te\u00f1idos para combinar con la paleta de colores de su marca.<\/li>\n<li>Tapones de Madera: Existen tapones realizados en diversos tipos de maderas o en acabado te\u00f1ido que est\u00e1n dise\u00f1ados para adaptarse a la gama de colores de la marca.<\/li>\n<li>Acabado esmerilado: se puede aplicar un acabado esmerilado a la superficie del vidrio para darle a la superficie una apariencia m\u00e1s difusa.<\/li>\n<li>Forma y proporci\u00f3n: cambia un poco el \u00e1ngulo del cono o las facetas para crear una forma especial.<\/li>\n<\/ul>","protected":false},"excerpt":{"rendered":"<p>Botella difusora compacta para autom\u00f3vil con cuerda de cuentas de madera, recargable para aceites esenciales y aromas, botellas difusoras para autom\u00f3vil vac\u00edas de calidad al por mayor, env\u00edo r\u00e1pido.<\/p>","protected":false},"featured_media":4913,"template":"","meta":{"postBodyCss":"","postBodyMargin":[],"postBodyPadding":[],"postBodyBackground":{"backgroundType":"classic","gradient":""}},"product_brand":[],"product_cat":[15,16,63],"product_tag":[],"class_list":{"0":"post-4864","1":"product","2":"type-product","3":"status-publish","4":"has-post-thumbnail","6":"product_cat-glass-containers","7":"product_cat-glass-bottles","8":"product_cat-reed-diffuser-bottles","10":"first","11":"instock","12":"shipping-taxable","13":"product-type-simple"},"jetpack_sharing_enabled":true,"_links":{"self":[{"href":"https:\/\/minghanggroup.com\/es\/wp-json\/wp\/v2\/product\/4864","targetHints":{"allow":["GET"]}}],"collection":[{"href":"https:\/\/minghanggroup.com\/es\/wp-json\/wp\/v2\/product"}],"about":[{"href":"https:\/\/minghanggroup.com\/es\/wp-json\/wp\/v2\/types\/product"}],"wp:featuredmedia":[{"embeddable":true,"href":"https:\/\/minghanggroup.com\/es\/wp-json\/wp\/v2\/media\/4913"}],"wp:attachment":[{"href":"https:\/\/minghanggroup.com\/es\/wp-json\/wp\/v2\/media?parent=4864"}],"wp:term":[{"taxonomy":"product_brand","embeddable":true,"href":"https:\/\/minghanggroup.com\/es\/wp-json\/wp\/v2\/product_brand?post=4864"},{"taxonomy":"product_cat","embeddable":true,"href":"https:\/\/minghanggroup.com\/es\/wp-json\/wp\/v2\/product_cat?post=4864"},{"taxonomy":"product_tag","embeddable":true,"href":"https:\/\/minghanggroup.com\/es\/wp-json\/wp\/v2\/product_tag?post=4864"}],"curies":[{"name":"wp","href":"https:\/\/api.w.org\/{rel}","templated":true}]}}