{"id":4858,"date":"2026-01-20T15:02:49","date_gmt":"2026-01-20T07:02:49","guid":{"rendered":"https:\/\/minghanggroup.com\/?post_type=product&#038;p=4858"},"modified":"2026-01-20T15:39:31","modified_gmt":"2026-01-20T07:39:31","slug":"empty-diffuser-bottles-and-reeds-with-ribbed-design-bulk","status":"publish","type":"product","link":"https:\/\/minghanggroup.com\/es\/producto\/empty-diffuser-bottles-and-reeds-with-ribbed-design-bulk\/","title":{"rendered":"Botellas difusoras vac\u00edas redondas de 50 ml y 100 ml con dise\u00f1o acanalado a granel"},"content":{"rendered":"<p>Tus difusores y varillas vac\u00edas no deber\u00edan quedarse en tu escritorio; deber\u00edan convertirse en arte al vaciarse. Como especialistas en bonitos difusores de varillas, creamos difusores de vidrio que convierten tu difusor de aceites esenciales en la pieza central de cualquier habitaci\u00f3n.<\/p>\n<h2>Caracter\u00edsticas del producto<\/h2>\n<ul>\n<li><strong>Ranuras ligeras y dispersas: <\/strong>Las l\u00edneas verticales reflejan la luz como si fueran diamantes l\u00edquidos, magia instant\u00e1nea para la fragancia de tu hogar.<\/li>\n<li><strong>Tornillo, tapa de seguridad: <\/strong>Gire las ca\u00f1as de rat\u00e1n natural para fijarlas en su lugar sin sacudidas ni derrames.<\/li>\n<li><strong>Elegancia de botella vac\u00eda: <\/strong>Tus botellas difusoras vac\u00edas se transforman en esculturas de escritorio, sin desperdicio, estilo sublime.<\/li>\n<\/ul>\n<h2>Especificaciones clave<\/h2>\n<table style=\"border-collapse: collapse; width: 80%; margin-left: auto; margin-right: auto;\" border=\"0\" width=\"360\" cellspacing=\"0\" cellpadding=\"0\">\n<tbody>\n<tr style=\"height: 13.50pt;\">\n<td style=\"height: 13.5pt; width: 54pt; text-align: center;\" width=\"72\" height=\"18\">Tama\u00f1o (ml)<\/td>\n<td style=\"width: 54pt; text-align: center;\" width=\"72\">Dimensiones (mm)<\/td>\n<td style=\"width: 54pt; text-align: center;\" width=\"72\">Tipo de cuello<\/td>\n<td style=\"width: 54pt; text-align: center;\" width=\"72\">Caracter\u00edstica<\/td>\n<td style=\"width: 54pt; text-align: center;\" width=\"72\">Forma<\/td>\n<\/tr>\n<tr style=\"height: 13.50pt;\">\n<td style=\"height: 13.5pt; text-align: center;\" align=\"right\" height=\"18\">50<\/td>\n<td style=\"text-align: center;\">58 \u00d7 68<\/td>\n<td class=\"et2\" style=\"text-align: center;\" rowspan=\"2\">Tapa de rosca<\/td>\n<td class=\"et2\" style=\"text-align: center;\" rowspan=\"2\">ranuras verticales<\/td>\n<td class=\"et2\" style=\"text-align: center;\" rowspan=\"2\">Redondo<\/td>\n<\/tr>\n<tr style=\"height: 13.50pt;\">\n<td style=\"height: 13.5pt; text-align: center;\" align=\"right\" height=\"18\">100<\/td>\n<td style=\"text-align: center;\">74 \u00d7 85<\/td>\n<\/tr>\n<\/tbody>\n<\/table>\n<h2>Caso de \u00e9xito<\/h2>\n<p>Una marca de fragancias para el hogar eligi\u00f3 nuestros frascos difusores de vidrio acanalado y los personaliz\u00f3 con un elegante logotipo en relieve en el hombro. Los frascos est\u00e1n decorados con un suave acabado esmerilado y elegantes dise\u00f1os serigrafiados que combinan a la perfecci\u00f3n con las notas de la fragancia.<\/p>\n<p>Al utilizar este envase personalizado, la marca experiment\u00f3 un aumento notable en la interacci\u00f3n con el cliente en el punto de venta, una mejora del 35 % en el atractivo visual del producto y un 30 % m\u00e1s de compras recurrentes en dos trimestres. La marca ha incorporado este frasco difusor personalizado a su envase habitual y contin\u00faa realizando pedidos al por mayor de diversas l\u00edneas de productos.<\/p>\n<h2>Sus opciones de personalizaci\u00f3n<\/h2>\n<ol>\n<li><strong>Logotipo de marca grabado en relieve o bajo relieve:<\/strong> Para aumentar la familiaridad del cliente con la marca y realzar el atractivo visual del producto, puede estampar el logotipo o a\u00f1adir un s\u00edmbolo sencillo en la parte frontal, el hombro o la base de la botella. De esta manera, no tendr\u00e1 que depender de las etiquetas.<\/li>\n<li><strong>Decoraci\u00f3n mediante serigraf\u00eda o estampaci\u00f3n en caliente:<\/strong> \u00bfPor qu\u00e9 no agregar algunas l\u00edneas finas, formas geom\u00e9tricas o descripciones de la fragancia a la botella? Hay una opci\u00f3n de serigraf\u00eda a color \u00fanica, y tambi\u00e9n es posible usar estampaci\u00f3n en caliente dorada o plateada para hacer la presentaci\u00f3n m\u00e1s atractiva.<\/li>\n<li><strong>Cuello de botella y accesorios a juego:<\/strong> Puede decidir el tama\u00f1o del cuello de la botella de acuerdo con la posici\u00f3n de mercado de la marca y luego, utilizando palitos de rat\u00e1n natural, juncos de fibra o difusores de flores decorativos, junto con el tama\u00f1o de cuello seleccionado, hacer una combinaci\u00f3n.<\/li>\n<\/ol>","protected":false},"excerpt":{"rendered":"<p>Dise\u00f1o para botellas y difusores de varillas vac\u00edos, ideal para marcas de fragancias para el hogar. Env\u00edo gratuito y personalizaci\u00f3n al por mayor. Una opci\u00f3n ideal para botellas y difusores de varillas con un dise\u00f1o atractivo.<\/p>","protected":false},"featured_media":4862,"template":"","meta":{"postBodyCss":"","postBodyMargin":[],"postBodyPadding":[],"postBodyBackground":{"backgroundType":"classic","gradient":""}},"product_brand":[],"product_cat":[15,16,63],"product_tag":[],"class_list":{"0":"post-4858","1":"product","2":"type-product","3":"status-publish","4":"has-post-thumbnail","6":"product_cat-glass-containers","7":"product_cat-glass-bottles","8":"product_cat-reed-diffuser-bottles","10":"first","11":"instock","12":"shipping-taxable","13":"product-type-simple"},"jetpack_sharing_enabled":true,"_links":{"self":[{"href":"https:\/\/minghanggroup.com\/es\/wp-json\/wp\/v2\/product\/4858","targetHints":{"allow":["GET"]}}],"collection":[{"href":"https:\/\/minghanggroup.com\/es\/wp-json\/wp\/v2\/product"}],"about":[{"href":"https:\/\/minghanggroup.com\/es\/wp-json\/wp\/v2\/types\/product"}],"wp:featuredmedia":[{"embeddable":true,"href":"https:\/\/minghanggroup.com\/es\/wp-json\/wp\/v2\/media\/4862"}],"wp:attachment":[{"href":"https:\/\/minghanggroup.com\/es\/wp-json\/wp\/v2\/media?parent=4858"}],"wp:term":[{"taxonomy":"product_brand","embeddable":true,"href":"https:\/\/minghanggroup.com\/es\/wp-json\/wp\/v2\/product_brand?post=4858"},{"taxonomy":"product_cat","embeddable":true,"href":"https:\/\/minghanggroup.com\/es\/wp-json\/wp\/v2\/product_cat?post=4858"},{"taxonomy":"product_tag","embeddable":true,"href":"https:\/\/minghanggroup.com\/es\/wp-json\/wp\/v2\/product_tag?post=4858"}],"curies":[{"name":"wp","href":"https:\/\/api.w.org\/{rel}","templated":true}]}}