{"id":4849,"date":"2026-01-20T13:37:54","date_gmt":"2026-01-20T05:37:54","guid":{"rendered":"https:\/\/minghanggroup.com\/?post_type=product&#038;p=4849"},"modified":"2026-01-20T13:51:49","modified_gmt":"2026-01-20T05:51:49","slug":"hanging-car-air-diffuser-bottles-with-wooden-lids-bulk","status":"publish","type":"product","link":"https:\/\/minghanggroup.com\/es\/producto\/hanging-car-air-diffuser-bottles-with-wooden-lids-bulk\/","title":{"rendered":"Botellas difusoras de aire para coche colgantes de 8 ml con tapas de madera (a granel)"},"content":{"rendered":"<p>Este difusor de aire para coche est\u00e1 fabricado en vidrio sodoc\u00e1lcico. Es peque\u00f1o y tiene una tapa cuadrada de madera lisa. Se coloca f\u00e1cilmente en el retrovisor del coche con un suave cord\u00f3n trenzado beige (rematado con una cuenta de madera).<\/p>\n<h2>Caracter\u00edsticas del producto<\/h2>\n<ul>\n<li><strong>Botella cuadrada:<\/strong> La forma mini cuadrada no solo ocupa menos espacio en su autom\u00f3vil, sino que sus l\u00edneas geom\u00e9tricas limpias tambi\u00e9n son atractivas a la vista.<\/li>\n<li><strong>Tapa difusora cuadrada de madera:<\/strong> La tapa difusora de madera cuadrada est\u00e1 hecha de funciones de sellado y difusi\u00f3n, y la textura natural se adapta muy bien a la atm\u00f3sfera c\u00e1lida de su autom\u00f3vil.<\/li>\n<li><strong>Dise\u00f1o de cord\u00f3n trenzado:<\/strong> Las cuentas de madera en el cord\u00f3n trenzado beige permiten colgarlo dentro del coche (por ejemplo, en el espejo retrovisor).<\/li>\n<\/ul>\n<h2 style=\"text-align: left;\">Especificaciones clave<\/h2>\n<table class=\"aligncenter\" style=\"border-collapse: collapse; width: 454.52pt;\" border=\"0\" width=\"606\" cellspacing=\"0\" cellpadding=\"0\">\n<tbody>\n<tr style=\"height: 13.50pt;\">\n<td style=\"height: 13.50pt; width: 116.25pt;\" width=\"155\" height=\"18\">Especificaci\u00f3n<\/td>\n<td style=\"width: 338.25pt;\" width=\"451\">Detalles<\/td>\n<\/tr>\n<tr style=\"height: 13.50pt;\">\n<td style=\"height: 13.50pt;\" height=\"18\">Capacidad<\/td>\n<td>8 ml<\/td>\n<\/tr>\n<tr style=\"height: 13.50pt;\">\n<td style=\"height: 13.50pt;\" height=\"18\">Dimensiones<\/td>\n<td>27\u00d746 mm<\/td>\n<\/tr>\n<tr style=\"height: 13.50pt;\">\n<td style=\"height: 13.50pt;\" height=\"18\">Material<\/td>\n<td>Vidrio s\u00f3dico-c\u00e1lcico, madera, cord\u00f3n de algod\u00f3n<\/td>\n<\/tr>\n<tr style=\"height: 13.50pt;\">\n<td style=\"height: 13.50pt;\" height=\"18\">Forma de la botella<\/td>\n<td>Cubo en miniatura<\/td>\n<\/tr>\n<tr style=\"height: 13.50pt;\">\n<td style=\"height: 13.50pt;\" height=\"18\">Alcance de personalizaci\u00f3n<\/td>\n<td>Color, tama\u00f1o, forma, acabado, tapas<\/td>\n<\/tr>\n<tr style=\"height: 13.50pt;\">\n<td style=\"height: 13.50pt;\" height=\"18\">Prop\u00f3sito del producto<\/td>\n<td>Difusores colgantes para coche, botellas de vidrio<\/td>\n<\/tr>\n<tr style=\"height: 13.50pt;\">\n<td style=\"height: 13.50pt;\" height=\"18\">Industrias adecuadas<\/td>\n<td>Accesorios para autom\u00f3viles, art\u00edculos esenciales de viaje<\/td>\n<\/tr>\n<\/tbody>\n<\/table>\n<h2>Historia de \u00e9xito<\/h2>\n<p>Nuestros difusores colgantes para coche de 8 ml fueron elegidos por una marca de estilo de vida automovil\u00edstico como accesorio clave de fragancia. Esta forma c\u00fabica registr\u00f3 una satisfacci\u00f3n del cliente del 95 % y fue el producto m\u00e1s solicitado en su caja de suscripci\u00f3n. Su elegante dise\u00f1o gener\u00f3 un crecimiento del 300 % en los videos compartidos en redes sociales durante el unboxing. Esto agrad\u00f3 tanto a la marca que encarg\u00f3 otro lote de 500\u00a0000 botellas para abastecerse durante dos a\u00f1os.<\/p>\n<h2>Personalizaci\u00f3n de botellas difusoras de aire para coche<\/h2>\n<ul>\n<li>Colores y acabados del vidrio: Disponible en transparente, ahumado o esmerilado suave.<\/li>\n<li>Personalizaci\u00f3n de cuerdas y cuentas: es posible modificar el color y el material de la cuerda, la forma de las cuentas o la madera.<\/li>\n<li>Grabado l\u00e1ser: grabe un peque\u00f1o logotipo, patr\u00f3n o iniciales en uno de los lados del cubo de vidrio o de la tapa de madera.<\/li>\n<li>Relieve: incluya una insignia peque\u00f1a y en relieve en la parte inferior de la tapa o cubo de madera.<\/li>\n<\/ul>","protected":false},"excerpt":{"rendered":"<p>Botellas difusoras de aire para autom\u00f3vil peque\u00f1as con tapa de madera cuadrada y cuerda, elegantes botellas difusoras colgantes para autom\u00f3vil para aceites arom\u00e1ticos y regalos, servicio personalizado, OEM disponible.<\/p>","protected":false},"featured_media":4851,"template":"","meta":{"postBodyCss":"","postBodyMargin":[],"postBodyPadding":[],"postBodyBackground":{"backgroundType":"classic","gradient":""}},"product_brand":[],"product_cat":[15,16,63],"product_tag":[],"class_list":{"0":"post-4849","1":"product","2":"type-product","3":"status-publish","4":"has-post-thumbnail","6":"product_cat-glass-containers","7":"product_cat-glass-bottles","8":"product_cat-reed-diffuser-bottles","10":"first","11":"instock","12":"shipping-taxable","13":"product-type-simple"},"jetpack_sharing_enabled":true,"_links":{"self":[{"href":"https:\/\/minghanggroup.com\/es\/wp-json\/wp\/v2\/product\/4849","targetHints":{"allow":["GET"]}}],"collection":[{"href":"https:\/\/minghanggroup.com\/es\/wp-json\/wp\/v2\/product"}],"about":[{"href":"https:\/\/minghanggroup.com\/es\/wp-json\/wp\/v2\/types\/product"}],"wp:featuredmedia":[{"embeddable":true,"href":"https:\/\/minghanggroup.com\/es\/wp-json\/wp\/v2\/media\/4851"}],"wp:attachment":[{"href":"https:\/\/minghanggroup.com\/es\/wp-json\/wp\/v2\/media?parent=4849"}],"wp:term":[{"taxonomy":"product_brand","embeddable":true,"href":"https:\/\/minghanggroup.com\/es\/wp-json\/wp\/v2\/product_brand?post=4849"},{"taxonomy":"product_cat","embeddable":true,"href":"https:\/\/minghanggroup.com\/es\/wp-json\/wp\/v2\/product_cat?post=4849"},{"taxonomy":"product_tag","embeddable":true,"href":"https:\/\/minghanggroup.com\/es\/wp-json\/wp\/v2\/product_tag?post=4849"}],"curies":[{"name":"wp","href":"https:\/\/api.w.org\/{rel}","templated":true}]}}