{"id":4848,"date":"2026-01-20T14:03:32","date_gmt":"2026-01-20T06:03:32","guid":{"rendered":"https:\/\/minghanggroup.com\/?post_type=product&#038;p=4848"},"modified":"2026-01-20T14:03:34","modified_gmt":"2026-01-20T06:03:34","slug":"diffuser-bottle-and-sticks-with-flat-round-shape-wholesale","status":"publish","type":"product","link":"https:\/\/minghanggroup.com\/es\/producto\/diffuser-bottle-and-sticks-with-flat-round-shape-wholesale\/","title":{"rendered":"Botella difusora de 100 ml y 200 ml con varillas y forma redonda plana al por mayor"},"content":{"rendered":"<p>Tu difusor no solo debe contener aroma, sino que tambi\u00e9n debe hacer que la luz baile sobre tu escritorio como seda l\u00edquida. Como especialistas en difusores vac\u00edos, creamos difusores de varillas de vidrio que convierten tu difusor de aceites esenciales en el latido silencioso de tu habitaci\u00f3n.<\/p>\n<h2>Caracter\u00edsticas del producto<\/h2>\n<ul>\n<li><strong>Juego de luces cuadrado plano:<\/strong> Los bordes dispersan la luz como un diamante, una pieza de arte en tu hogar despu\u00e9s de un momento con su fragancia.<\/li>\n<li><strong>Tapa giratoria segura:<\/strong> Gire las ca\u00f1as de rat\u00e1n natural, sin tambalearse ni derramarse.<\/li>\n<li><strong>Claridad cristalina:<\/strong> A trav\u00e9s del vidrio transparente, puedes ver cada gota de aceites esenciales perfumados, sin filtros turbios.<\/li>\n<\/ul>\n<h2>Especificaciones clave<\/h2>\n<table style=\"border-collapse: collapse; width: 80%; margin-left: auto; margin-right: auto;\" border=\"0\" width=\"288\" cellspacing=\"0\" cellpadding=\"0\">\n<tbody>\n<tr style=\"height: 13.50pt;\">\n<td style=\"height: 13.5pt; width: 54pt; text-align: center;\" width=\"72\" height=\"18\">Tama\u00f1o (ml)<\/td>\n<td style=\"width: 54pt; text-align: center;\" width=\"72\">Dimensiones (mm)<\/td>\n<td style=\"width: 54pt; text-align: center;\" width=\"72\">Di\u00e1metro del cuello (mm)<\/td>\n<td style=\"width: 54pt; text-align: center;\" width=\"72\">Forma<\/td>\n<\/tr>\n<tr style=\"height: 13.50pt;\">\n<td style=\"height: 13.5pt; text-align: center;\" align=\"right\" height=\"18\">100<\/td>\n<td style=\"text-align: center;\">95\u00d7100<\/td>\n<td style=\"text-align: center;\">15\/26<\/td>\n<td class=\"et2\" style=\"text-align: center;\" rowspan=\"2\">Cuadrado plano<\/td>\n<\/tr>\n<tr style=\"height: 13.50pt;\">\n<td style=\"height: 13.5pt; text-align: center;\" align=\"right\" height=\"18\">200<\/td>\n<td style=\"text-align: center;\">113\u00d7120<\/td>\n<td style=\"text-align: center;\">19\/31<\/td>\n<\/tr>\n<\/tbody>\n<\/table>\n<h2>Caso de \u00e9xito<\/h2>\n<p>Una marca boutique de fragancias para el hogar, especializada en aromas modernos para interiores, buscaba un difusor de aromas que no solo reflejara su posicionamiento premium, sino que tambi\u00e9n fuera pr\u00e1ctico para el uso diario. Para presentar su nueva l\u00ednea de productos, la marca opt\u00f3 por nuestros difusores de vidrio transparente y los renov\u00f3: ahora tienen un acabado mate esmerilado, un elegante logotipo de la marca en relieve en el hombro y un patr\u00f3n geom\u00e9trico serigrafiado que evoca la marca.<\/p>\n<p>Esto se tradujo en un aumento del 35 % en el n\u00famero de clientes que repitieron compras en dos meses. Inspirada por la buena acogida del mercado, la marca sigue realizando grandes pedidos con regularidad para los pr\u00f3ximos lanzamientos de productos de temporada.<\/p>\n<h2>Sus opciones de personalizaci\u00f3n<\/h2>\n<ol>\n<li><strong>Mejora de la identidad de marca:<\/strong> Con la ayuda de estas t\u00e9cnicas, se puede agregar un logotipo en relieve o bajo relieve para una marca, y se puede imprimir el frente de la botella con serigraf\u00eda, estampado en caliente o papel de aluminio para aumentar a\u00fan m\u00e1s el conocimiento de la marca.<\/li>\n<li><strong>Opciones de color de botella:<\/strong> Adem\u00e1s del vidrio blanco de alta transparencia, se pueden adaptar colores de baja saturaci\u00f3n como el gris ahumado claro, el \u00e1mbar y el verde claro para diferentes composiciones de fragancias y estilos de decoraci\u00f3n del hogar.<\/li>\n<li><strong>Cuello de botella y accesorios a juego:<\/strong> Se pueden utilizar cuellos de botella de diferentes alturas y di\u00e1metros con estos dise\u00f1os de botellas, de modo que la combinaci\u00f3n sea lo suficientemente vers\u00e1til con juncos de rat\u00e1n, palitos de fibra o palitos difusores con formas florales para elevar el estilo decorativo general.<\/li>\n<\/ol>","protected":false},"excerpt":{"rendered":"<p>Botella difusora y varillas con dise\u00f1o de cuerpo transparente y redondeado. Suministro directo de f\u00e1brica de opciones vac\u00edas para botellas difusoras y personalizaci\u00f3n al por mayor.<\/p>","protected":false},"featured_media":4857,"template":"","meta":{"postBodyCss":"","postBodyMargin":[],"postBodyPadding":[],"postBodyBackground":{"backgroundType":"classic","gradient":""}},"product_brand":[],"product_cat":[15,16,63],"product_tag":[],"class_list":{"0":"post-4848","1":"product","2":"type-product","3":"status-publish","4":"has-post-thumbnail","6":"product_cat-glass-containers","7":"product_cat-glass-bottles","8":"product_cat-reed-diffuser-bottles","10":"first","11":"instock","12":"shipping-taxable","13":"product-type-simple"},"jetpack_sharing_enabled":true,"_links":{"self":[{"href":"https:\/\/minghanggroup.com\/es\/wp-json\/wp\/v2\/product\/4848","targetHints":{"allow":["GET"]}}],"collection":[{"href":"https:\/\/minghanggroup.com\/es\/wp-json\/wp\/v2\/product"}],"about":[{"href":"https:\/\/minghanggroup.com\/es\/wp-json\/wp\/v2\/types\/product"}],"wp:featuredmedia":[{"embeddable":true,"href":"https:\/\/minghanggroup.com\/es\/wp-json\/wp\/v2\/media\/4857"}],"wp:attachment":[{"href":"https:\/\/minghanggroup.com\/es\/wp-json\/wp\/v2\/media?parent=4848"}],"wp:term":[{"taxonomy":"product_brand","embeddable":true,"href":"https:\/\/minghanggroup.com\/es\/wp-json\/wp\/v2\/product_brand?post=4848"},{"taxonomy":"product_cat","embeddable":true,"href":"https:\/\/minghanggroup.com\/es\/wp-json\/wp\/v2\/product_cat?post=4848"},{"taxonomy":"product_tag","embeddable":true,"href":"https:\/\/minghanggroup.com\/es\/wp-json\/wp\/v2\/product_tag?post=4848"}],"curies":[{"name":"wp","href":"https:\/\/api.w.org\/{rel}","templated":true}]}}