{"id":4819,"date":"2026-01-20T10:03:15","date_gmt":"2026-01-20T02:03:15","guid":{"rendered":"https:\/\/minghanggroup.com\/?post_type=product&#038;p=4819"},"modified":"2026-01-20T11:53:28","modified_gmt":"2026-01-20T03:53:28","slug":"empty-car-air-freshener-diffuser-bottles-bulk","status":"publish","type":"product","link":"https:\/\/minghanggroup.com\/es\/producto\/empty-car-air-freshener-diffuser-bottles-bulk\/","title":{"rendered":"Botellas difusoras de ambientador para coche vac\u00edas de 10 ml a granel"},"content":{"rendered":"<p>Estos difusores de ambientador para coche son de vidrio s\u00f3dico-c\u00e1lcico. Su dise\u00f1o compacto y abovedado, con una tapa esf\u00e9rica de madera natural, incorpora un cord\u00f3n de tejido fino con brillantes cuentas de cristal, lo que facilita su colocaci\u00f3n en el retrovisor del coche.<\/p>\n<h2>Caracter\u00edsticas del producto<\/h2>\n<ul>\n<li><strong>Casquillo esf\u00e9rico de madera natural:<\/strong> La tapa esf\u00e9rica de madera tiene capacidades de sellado y difusi\u00f3n.<\/li>\n<li><strong>Botella en forma de c\u00fapula:<\/strong> La forma de mini c\u00fapula da espacio al interior del autom\u00f3vil y sus curvas suaves son bastante elegantes.<\/li>\n<li><strong>Dise\u00f1o de cord\u00f3n decorativo:<\/strong> El tejido se suministrar\u00e1 con cuentas de cristal, lo que implica que se puede colgar f\u00e1cilmente en el interior del autom\u00f3vil (por ejemplo, en un espejo retrovisor).<\/li>\n<\/ul>\n<h2 style=\"text-align: left;\">Especificaciones clave<\/h2>\n<table class=\"aligncenter\" style=\"border-collapse: collapse; width: 443.27pt;\" border=\"0\" width=\"591\" cellspacing=\"0\" cellpadding=\"0\">\n<tbody>\n<tr style=\"height: 13.50pt;\">\n<td style=\"height: 13.50pt; width: 116.25pt;\" width=\"155\" height=\"18\">Especificaci\u00f3n<\/td>\n<td style=\"width: 327.00pt;\" width=\"436\">Detalles<\/td>\n<\/tr>\n<tr style=\"height: 13.50pt;\">\n<td style=\"height: 13.50pt;\" height=\"18\">Capacidad<\/td>\n<td>10ml<\/td>\n<\/tr>\n<tr style=\"height: 13.50pt;\">\n<td style=\"height: 13.50pt;\" height=\"18\">Dimensiones<\/td>\n<td>54\u00d730 mm<\/td>\n<\/tr>\n<tr style=\"height: 13.50pt;\">\n<td style=\"height: 13.50pt;\" height=\"18\">Material<\/td>\n<td>Vidrio s\u00f3dico-c\u00e1lcico, madera, cord\u00f3n de algod\u00f3n, cuentas de cristal<\/td>\n<\/tr>\n<tr style=\"height: 13.50pt;\">\n<td style=\"height: 13.50pt;\" height=\"18\">Forma de la botella<\/td>\n<td>Campana peque\u00f1a \/ C\u00fapula<\/td>\n<\/tr>\n<tr style=\"height: 13.50pt;\">\n<td style=\"height: 13.50pt;\" height=\"18\">Alcance de personalizaci\u00f3n<\/td>\n<td>Color, tapas, forma, tama\u00f1o<\/td>\n<\/tr>\n<tr style=\"height: 13.50pt;\">\n<td style=\"height: 13.50pt;\" height=\"18\">Artesan\u00eda<\/td>\n<td>Soplado de vidrio, torneado de madera, ensamblaje de cordones<\/td>\n<\/tr>\n<tr style=\"height: 13.50pt;\">\n<td style=\"height: 13.50pt;\" height=\"18\">Industrias adecuadas<\/td>\n<td>Accesorios para autom\u00f3viles, marcas de estilo de vida, aromaterapia<\/td>\n<\/tr>\n<\/tbody>\n<\/table>\n<h2>Historia de \u00e9xito: Un libro de taquilla de una marca coreana de autopartes<\/h2>\n<p>Una marca coreana de accesorios para autom\u00f3viles adquiri\u00f3 una gran cantidad de nuestras botellas difusoras de ambientador para coche de 10 ml. A los clientes les encant\u00f3 el cord\u00f3n tejido preinstalado, ya que no solo les ahorr\u00f3 tiempo, sino que tambi\u00e9n aument\u00f3 su satisfacci\u00f3n en un 35 %. Al combinar madera y cuentas de cristal, el producto result\u00f3 ser un regalo muy atractivo que impuls\u00f3 un aumento del 200 % en las ventas navide\u00f1as. La empresa qued\u00f3 muy satisfecha con el \u00e9xito del producto y, para estar listos para el pr\u00f3ximo a\u00f1o, realiz\u00f3 un pedido adicional de 800\u00a0000 botellas.<\/p>\n<h2>Personalizaci\u00f3n de las Botellas Difusoras Vac\u00edas para Coche<\/h2>\n<ul>\n<li>Acabados y colores del vidrio: Puede elegir entre transparente y ahumado o \u00e1mbar y mate suave.<\/li>\n<li>Opciones de tapa de madera: La tapa est\u00e1 hecha de diferentes tipos de madera como bamb\u00fa, s\u00e1ndalo o nogal.<\/li>\n<li>Personalizaci\u00f3n de Cordones y Cuentas: Eliges el color y el material del cord\u00f3n (algod\u00f3n, cuero) y tambi\u00e9n el tipo de cuentas (piedra, metal, cer\u00e1mica) que quieres utilizar.<\/li>\n<li>Serigraf\u00eda: Mediante la serigraf\u00eda se pueden imprimir sobre el vidrio tanto dise\u00f1os sencillos como palabras.<\/li>\n<\/ul>","protected":false},"excerpt":{"rendered":"<p>Elegantes botellas difusoras vac\u00edas para autom\u00f3vil con tapa de madera y cord\u00f3n de cristal, perfectas como botellas difusoras de ambientador para autom\u00f3vil para aceites esenciales, directo de f\u00e1brica.<\/p>","protected":false},"featured_media":4824,"template":"","meta":{"postBodyCss":"","postBodyMargin":[],"postBodyPadding":[],"postBodyBackground":{"backgroundType":"classic","gradient":""}},"product_brand":[],"product_cat":[15,16,63],"product_tag":[],"class_list":{"0":"post-4819","1":"product","2":"type-product","3":"status-publish","4":"has-post-thumbnail","6":"product_cat-glass-containers","7":"product_cat-glass-bottles","8":"product_cat-reed-diffuser-bottles","10":"first","11":"instock","12":"shipping-taxable","13":"product-type-simple"},"jetpack_sharing_enabled":true,"_links":{"self":[{"href":"https:\/\/minghanggroup.com\/es\/wp-json\/wp\/v2\/product\/4819","targetHints":{"allow":["GET"]}}],"collection":[{"href":"https:\/\/minghanggroup.com\/es\/wp-json\/wp\/v2\/product"}],"about":[{"href":"https:\/\/minghanggroup.com\/es\/wp-json\/wp\/v2\/types\/product"}],"wp:featuredmedia":[{"embeddable":true,"href":"https:\/\/minghanggroup.com\/es\/wp-json\/wp\/v2\/media\/4824"}],"wp:attachment":[{"href":"https:\/\/minghanggroup.com\/es\/wp-json\/wp\/v2\/media?parent=4819"}],"wp:term":[{"taxonomy":"product_brand","embeddable":true,"href":"https:\/\/minghanggroup.com\/es\/wp-json\/wp\/v2\/product_brand?post=4819"},{"taxonomy":"product_cat","embeddable":true,"href":"https:\/\/minghanggroup.com\/es\/wp-json\/wp\/v2\/product_cat?post=4819"},{"taxonomy":"product_tag","embeddable":true,"href":"https:\/\/minghanggroup.com\/es\/wp-json\/wp\/v2\/product_tag?post=4819"}],"curies":[{"name":"wp","href":"https:\/\/api.w.org\/{rel}","templated":true}]}}