{"id":4818,"date":"2026-01-20T10:49:49","date_gmt":"2026-01-20T02:49:49","guid":{"rendered":"https:\/\/minghanggroup.com\/?post_type=product&#038;p=4818"},"modified":"2026-01-20T15:36:48","modified_gmt":"2026-01-20T07:36:48","slug":"flat-oval-shape-bottles-for-diffusers-wholesale","status":"publish","type":"product","link":"https:\/\/minghanggroup.com\/es\/producto\/flat-oval-shape-bottles-for-diffusers-wholesale\/","title":{"rendered":"Botellas planas ovaladas de 100 ml y 150 ml para difusores, venta al por mayor"},"content":{"rendered":"<p>Tus frascos para difusores no solo deben contener aroma, sino que tambi\u00e9n deben hacer que la luz baile sobre tu mesa de centro como seda l\u00edquida. Como especialistas en la venta al por mayor de frascos para difusores de 100 ml, fabricamos difusores de varillas de vidrio que convierten tu difusor de aceites esenciales en el latido silencioso de tu habitaci\u00f3n.<\/p>\n<h2>Caracter\u00edsticas del producto<\/h2>\n<ul>\n<li><strong>Refracci\u00f3n de luz ovalada:<\/strong> Las curvas planas dispersan la luz de una manera muy diferente a las ondas del agua: es como una obra de arte instant\u00e1nea que decora la fragancia de tu hogar.<\/li>\n<li><strong>Tapa met\u00e1lica segura:<\/strong> Gire sobre ca\u00f1as de rat\u00e1n natural, sin tambaleo y sin derrames.<\/li>\n<li><strong>Claridad cristalina:<\/strong> A trav\u00e9s del vidrio transparente, puedes ver todos los tonos de aceites esenciales perfumados sin ning\u00fan filtro turbio.<\/li>\n<\/ul>\n<h2>Especificaciones clave<\/h2>\n<table style=\"border-collapse: collapse; width: 80%; margin-left: auto; margin-right: auto;\" border=\"0\" width=\"288\" cellspacing=\"0\" cellpadding=\"0\">\n<tbody>\n<tr style=\"height: 13.50pt;\">\n<td style=\"height: 13.5pt; width: 54pt; text-align: center;\" width=\"72\" height=\"18\">Tama\u00f1o (ml)<\/td>\n<td style=\"width: 54pt; text-align: center;\" width=\"72\">Dimensiones (mm)<\/td>\n<td style=\"width: 54pt; text-align: center;\" width=\"72\">Di\u00e1metro del cuello (mm)<\/td>\n<td style=\"width: 54pt; text-align: center;\" width=\"72\">Forma<\/td>\n<\/tr>\n<tr style=\"height: 13.50pt;\">\n<td style=\"height: 13.5pt; text-align: center;\" align=\"right\" height=\"18\">100<\/td>\n<td style=\"text-align: center;\">81 \u00d7 104<\/td>\n<td style=\"text-align: center;\">17\/28<\/td>\n<td class=\"et2\" style=\"text-align: center;\" rowspan=\"2\">\u00d3valo plano<\/td>\n<\/tr>\n<tr style=\"height: 13.50pt;\">\n<td style=\"height: 13.5pt; text-align: center;\" align=\"right\" height=\"18\">150<\/td>\n<td style=\"text-align: center;\">93 \u00d7 122<\/td>\n<td style=\"text-align: center;\">18\/27<\/td>\n<\/tr>\n<\/tbody>\n<\/table>\n<h2>Caso de \u00e9xito<\/h2>\n<p>Una marca europea de fragancias para el hogar decidi\u00f3 colaborar con nosotros para personalizar un frasco difusor de 100 ml para sus canales de venta f\u00edsica de gama media y alta. Combinando el dise\u00f1o redondo original, el cliente personaliz\u00f3 un frasco \u00e1mbar de color para ralentizar el deterioro de la fragancia y lo combin\u00f3 con varillas difusoras de madera para darle al producto un toque m\u00e1s lujoso. Tambi\u00e9n se serigrafi\u00f3 un logotipo distintivo en el frasco como personalizaci\u00f3n.<\/p>\n<p>Tras su lanzamiento, la tasa de recompra de esta serie aument\u00f3 considerablemente en tres meses y las ventas de otros productos de fragancias aumentaron alrededor de un 30% a\u00f1o tras a\u00f1o.<\/p>\n<h2>Sus opciones de personalizaci\u00f3n<\/h2>\n<ol>\n<li><strong>Opciones de personalizaci\u00f3n de tapas de botellas:<\/strong> Las tapas de sus botellas pueden galvanizarse en varios colores (oro\/bronce\/oro champ\u00e1n\/plata) o terminarse con metalizado mate, o las tapas de madera pueden personalizarse con vetas de madera natural, tinci\u00f3n o logotipo de la marca grabado con l\u00e1ser.<\/li>\n<li><strong>Personalizaci\u00f3n de la identidad de marca:<\/strong> El cuerpo de la botella se puede decorar con el logotipo de su marca en seda, serigraf\u00eda, estampaci\u00f3n en caliente o relieve; un \u00e1rea de etiquetado personalizada tanto para cumplimiento como para atractivo visual.<\/li>\n<li><strong>Mejora de la fabricaci\u00f3n de vidrio:<\/strong> El cuerpo de la botella se puede pulir parcialmente con chorro de arena, rociar con un degradado o colorear internamente para lograr una presentaci\u00f3n m\u00e1s atractiva.<\/li>\n<\/ol>","protected":false},"excerpt":{"rendered":"<p>Botellas para difusores con dise\u00f1o de vidrio estable. Botellas difusoras de 100 ml al por mayor de suministro directo de f\u00e1brica y opciones flexibles de personalizaci\u00f3n a granel.<\/p>","protected":false},"featured_media":4823,"template":"","meta":{"postBodyCss":"","postBodyMargin":[],"postBodyPadding":[],"postBodyBackground":{"backgroundType":"classic","gradient":""}},"product_brand":[],"product_cat":[15,16,63],"product_tag":[],"class_list":{"0":"post-4818","1":"product","2":"type-product","3":"status-publish","4":"has-post-thumbnail","6":"product_cat-glass-containers","7":"product_cat-glass-bottles","8":"product_cat-reed-diffuser-bottles","10":"first","11":"instock","12":"shipping-taxable","13":"product-type-simple"},"jetpack_sharing_enabled":true,"_links":{"self":[{"href":"https:\/\/minghanggroup.com\/es\/wp-json\/wp\/v2\/product\/4818","targetHints":{"allow":["GET"]}}],"collection":[{"href":"https:\/\/minghanggroup.com\/es\/wp-json\/wp\/v2\/product"}],"about":[{"href":"https:\/\/minghanggroup.com\/es\/wp-json\/wp\/v2\/types\/product"}],"wp:featuredmedia":[{"embeddable":true,"href":"https:\/\/minghanggroup.com\/es\/wp-json\/wp\/v2\/media\/4823"}],"wp:attachment":[{"href":"https:\/\/minghanggroup.com\/es\/wp-json\/wp\/v2\/media?parent=4818"}],"wp:term":[{"taxonomy":"product_brand","embeddable":true,"href":"https:\/\/minghanggroup.com\/es\/wp-json\/wp\/v2\/product_brand?post=4818"},{"taxonomy":"product_cat","embeddable":true,"href":"https:\/\/minghanggroup.com\/es\/wp-json\/wp\/v2\/product_cat?post=4818"},{"taxonomy":"product_tag","embeddable":true,"href":"https:\/\/minghanggroup.com\/es\/wp-json\/wp\/v2\/product_tag?post=4818"}],"curies":[{"name":"wp","href":"https:\/\/api.w.org\/{rel}","templated":true}]}}