{"id":4808,"date":"2026-01-19T16:20:22","date_gmt":"2026-01-19T08:20:22","guid":{"rendered":"https:\/\/minghanggroup.com\/?post_type=product&#038;p=4808"},"modified":"2026-01-19T16:20:24","modified_gmt":"2026-01-19T08:20:24","slug":"octagonal-clear-reed-diffuser-glass-bottles-bulk","status":"publish","type":"product","link":"https:\/\/minghanggroup.com\/es\/producto\/octagonal-clear-reed-diffuser-glass-bottles-bulk\/","title":{"rendered":"Botellas de vidrio difusoras de varillas octogonales transparentes de 100 ml, 200 ml y 500 ml a granel"},"content":{"rendered":"<p>Tus difusores no solo deben contener aroma, sino que tambi\u00e9n deben hacer que la luz brille como una escultura moderna. Como proveedores de difusores especializados en soluciones de difusores de varillas de vidrio, creamos difusores de lujo que convierten tu difusor de aceites esenciales en la estrella silenciosa de tu habitaci\u00f3n.<\/p>\n<h2>Caracter\u00edsticas del producto<\/h2>\n<ul>\n<li><strong>Dise\u00f1o facetado octogonal:<\/strong> La forma octogonal de la estructura regular y sim\u00e9trica no solo se suma a la belleza geom\u00e9trica sino que tambi\u00e9n aumenta la refracci\u00f3n de la luz, lo que da como resultado una exhibici\u00f3n m\u00e1s llamativa y \u00fanica.<\/li>\n<li><strong>Material de vidrio de alta transparencia:<\/strong> La botella de aromaterapia est\u00e1 hecha de un vidrio de alta transparencia que permite que tanto el color como el nivel del l\u00edquido sean claramente visibles, contribuyendo as\u00ed al atractivo visual general.<\/li>\n<li><strong>Base estable y engrosada:<\/strong> Al tener una base estable, es menos probable que la botella se vuelque accidentalmente, por lo que puede dejarse en su casa o en un lugar elevado en un entorno comercial durante un largo per\u00edodo de tiempo.<\/li>\n<\/ul>\n<h2>Especificaciones clave<\/h2>\n<table style=\"border-collapse: collapse; width: 80%; margin-left: auto; margin-right: auto;\" border=\"0\" width=\"288\" cellspacing=\"0\" cellpadding=\"0\">\n<tbody>\n<tr style=\"height: 13.50pt;\">\n<td style=\"height: 13.5pt; width: 54pt; text-align: center;\" width=\"72\" height=\"18\">Tama\u00f1o (ml)<\/td>\n<td style=\"width: 54pt; text-align: center;\" width=\"72\">Dimensiones (mm)<\/td>\n<td style=\"width: 54pt; text-align: center;\" width=\"72\">Di\u00e1metro del cuello (mm)<\/td>\n<td style=\"width: 54pt; text-align: center;\" width=\"72\">Forma<\/td>\n<\/tr>\n<tr style=\"height: 13.50pt;\">\n<td style=\"height: 13.5pt; text-align: center;\" align=\"right\" height=\"18\">100<\/td>\n<td style=\"text-align: center;\">84 \u00d7 100<\/td>\n<td style=\"text-align: center;\">17\/27<\/td>\n<td class=\"et2\" style=\"text-align: center;\" rowspan=\"3\">Octagonal<\/td>\n<\/tr>\n<tr style=\"height: 13.50pt;\">\n<td style=\"height: 13.5pt; text-align: center;\" align=\"right\" height=\"18\">200<\/td>\n<td style=\"text-align: center;\">101 \u00d7 117<\/td>\n<td style=\"text-align: center;\">17\/27<\/td>\n<\/tr>\n<tr style=\"height: 13.50pt;\">\n<td style=\"height: 13.5pt; text-align: center;\" align=\"right\" height=\"18\">500<\/td>\n<td style=\"text-align: center;\">155 \u00d7 153<\/td>\n<td style=\"text-align: center;\">18\/27<\/td>\n<\/tr>\n<\/tbody>\n<\/table>\n<h2>Caso de \u00e9xito<\/h2>\n<p>Una marca especializada en fragancias para el hogar y soluciones de aromaterapia para hoteles decidi\u00f3 colaborar con nosotros para dise\u00f1ar su botella difusora de vidrio octogonal. El cliente eligi\u00f3 el vidrio de alta transparencia, personaliz\u00f3 un cuello de botella de metal galvanizado y, al seleccionar una ca\u00f1a de fibra negra de formato personalizado, cre\u00f3 un fuerte contraste visual con el vidrio transparente.<\/p>\n<p>Despu\u00e9s del lanzamiento del producto, el volumen total de ventas aument\u00f3 aproximadamente un 30% en el primer trimestre de ventas, aumentando as\u00ed la competitividad de la marca en el mercado de compras al por mayor.<\/p>\n<h2>Sus opciones de personalizaci\u00f3n<\/h2>\n<ol>\n<li><strong>Proceso de color del vidrio y recubrimiento interno:<\/strong> El producto est\u00e1 disponible en color transparente, gris ahumado claro, \u00e1mbar o un color transl\u00facido con revestimiento interno que equilibra el aspecto decorativo y la protecci\u00f3n contra la luz del l\u00edquido de fragancia.<\/li>\n<li><strong>Actualizaciones de componentes de difusor y ca\u00f1a: <\/strong>Las opciones incluyen ca\u00f1as de rat\u00e1n natural, ca\u00f1as de fibra o ca\u00f1as de longitud\/di\u00e1metro personalizado, y admite dise\u00f1os de ca\u00f1as te\u00f1idas o de formas \u00fanicas.<\/li>\n<li><strong>Marca, personalizaci\u00f3n de identificaci\u00f3n exclusiva:<\/strong> Se admiten serigraf\u00eda, estampaci\u00f3n en caliente y logotipos en relieve en el cuerpo de la botella junto con c\u00f3digos grabados o marcas anti-falsificaci\u00f3n en el fondo de la botella, lo que proporciona un mayor nivel de exclusividad de marca.<\/li>\n<\/ol>","protected":false},"excerpt":{"rendered":"<p>Estas botellas difusoras de vidrio presentan un dise\u00f1o octogonal \u00fanico. Como proveedores de botellas difusoras, ofrecemos ventas directas de f\u00e1brica y personalizaci\u00f3n a granel.<\/p>","protected":false},"featured_media":4816,"template":"","meta":{"postBodyCss":"","postBodyMargin":[],"postBodyPadding":[],"postBodyBackground":{"backgroundType":"classic","gradient":""}},"product_brand":[],"product_cat":[15,16,63],"product_tag":[],"class_list":{"0":"post-4808","1":"product","2":"type-product","3":"status-publish","4":"has-post-thumbnail","6":"product_cat-glass-containers","7":"product_cat-glass-bottles","8":"product_cat-reed-diffuser-bottles","10":"first","11":"instock","12":"shipping-taxable","13":"product-type-simple"},"jetpack_sharing_enabled":true,"_links":{"self":[{"href":"https:\/\/minghanggroup.com\/es\/wp-json\/wp\/v2\/product\/4808","targetHints":{"allow":["GET"]}}],"collection":[{"href":"https:\/\/minghanggroup.com\/es\/wp-json\/wp\/v2\/product"}],"about":[{"href":"https:\/\/minghanggroup.com\/es\/wp-json\/wp\/v2\/types\/product"}],"wp:featuredmedia":[{"embeddable":true,"href":"https:\/\/minghanggroup.com\/es\/wp-json\/wp\/v2\/media\/4816"}],"wp:attachment":[{"href":"https:\/\/minghanggroup.com\/es\/wp-json\/wp\/v2\/media?parent=4808"}],"wp:term":[{"taxonomy":"product_brand","embeddable":true,"href":"https:\/\/minghanggroup.com\/es\/wp-json\/wp\/v2\/product_brand?post=4808"},{"taxonomy":"product_cat","embeddable":true,"href":"https:\/\/minghanggroup.com\/es\/wp-json\/wp\/v2\/product_cat?post=4808"},{"taxonomy":"product_tag","embeddable":true,"href":"https:\/\/minghanggroup.com\/es\/wp-json\/wp\/v2\/product_tag?post=4808"}],"curies":[{"name":"wp","href":"https:\/\/api.w.org\/{rel}","templated":true}]}}