{"id":4803,"date":"2026-01-19T13:45:58","date_gmt":"2026-01-19T05:45:58","guid":{"rendered":"https:\/\/minghanggroup.com\/?post_type=product&#038;p=4803"},"modified":"2026-01-19T14:33:16","modified_gmt":"2026-01-19T06:33:16","slug":"square-crystal-reed-diffuser-glass-jars-wholesale","status":"publish","type":"product","link":"https:\/\/minghanggroup.com\/es\/producto\/square-crystal-reed-diffuser-glass-jars-wholesale\/","title":{"rendered":"Frascos de vidrio difusores de varillas de cristal cuadrados de 100 ml al por mayor"},"content":{"rendered":"<p>El frasco difusor est\u00e1 hecho de cristal transparente de alta calidad. El difusor de varillas combina a la perfecci\u00f3n con su elegante forma cuadrada, con exquisitos dise\u00f1os y un cuello ancho y liso.<\/p>\n<h2>Caracter\u00edsticas del producto<\/h2>\n<ul>\n<li><strong>Botella de corte triangular:<\/strong> El patr\u00f3n de corte triangular se realiza en toda la botella, dando como resultado un efecto \u00f3ptico de luz y sombra y una sensaci\u00f3n de lujo similar a una gema.<\/li>\n<li><strong>Botella cuadrada\/rectangular:<\/strong> El dise\u00f1o cuadrado simple ofrece una estabilidad excepcional y un aspecto arquitect\u00f3nico impresionante.<\/li>\n<li><strong>Dise\u00f1o de boca ancha:<\/strong> El dise\u00f1o de boca ancha ser\u00e1 f\u00e1cil de agregar y se adapta a los difusores entre otros accesorios y equilibra la funcionalidad y la consistencia est\u00e9tica.<\/li>\n<\/ul>\n<h2 style=\"text-align: left;\">Especificaciones clave<\/h2>\n<table class=\"aligncenter\" style=\"border-collapse: collapse; width: 426.02pt;\" border=\"0\" width=\"568\" cellspacing=\"0\" cellpadding=\"0\">\n<tbody>\n<tr style=\"height: 13.50pt;\">\n<td style=\"height: 13.50pt; width: 119.25pt;\" width=\"159\" height=\"18\">Especificaci\u00f3n<\/td>\n<td style=\"width: 306.75pt;\" width=\"409\">Detalles<\/td>\n<\/tr>\n<tr style=\"height: 13.50pt;\">\n<td style=\"height: 13.50pt;\" height=\"18\">Capacidad<\/td>\n<td>100 ml<\/td>\n<\/tr>\n<tr style=\"height: 13.50pt;\">\n<td style=\"height: 13.50pt;\" height=\"18\">Dimensiones<\/td>\n<td>54\u00d754\u00d788 mm<\/td>\n<\/tr>\n<tr style=\"height: 13.50pt;\">\n<td style=\"height: 13.50pt;\" height=\"18\">Di\u00e1metro interior\/exterior del cuello<\/td>\n<td>19 mm \/ 30 mm<\/td>\n<\/tr>\n<tr style=\"height: 13.50pt;\">\n<td style=\"height: 13.50pt;\" height=\"18\">Forma de la botella<\/td>\n<td>Prisma cuadrado con textura de corte triangular<\/td>\n<\/tr>\n<tr style=\"height: 13.50pt;\">\n<td style=\"height: 13.50pt;\" height=\"18\">Alcance de personalizaci\u00f3n<\/td>\n<td>Color, patr\u00f3n de corte, tapas, forma<\/td>\n<\/tr>\n<tr style=\"height: 13.50pt;\">\n<td style=\"height: 13.50pt;\" height=\"18\">Artesan\u00eda<\/td>\n<td>Vidrio prensado con molde texturizado<\/td>\n<\/tr>\n<tr style=\"height: 13.50pt;\">\n<td style=\"height: 13.50pt;\" height=\"18\">Prop\u00f3sito del producto<\/td>\n<td>Botellas difusoras decorativas, botellas difusoras de varillas<\/td>\n<\/tr>\n<tr style=\"height: 13.50pt;\">\n<td style=\"height: 13.50pt;\" height=\"18\">Industrias adecuadas<\/td>\n<td>Fragancias de lujo para el hogar, suites de hotel<\/td>\n<\/tr>\n<\/tbody>\n<\/table>\n<h2>Historia de \u00e9xito: Dise\u00f1o galardonado de una marca de estilo de vida japonesa<\/h2>\n<p>Este difusor de varillas de cristal de 100 ml fue elegido por un grupo hotelero de cinco estrellas para su suite. El dise\u00f1o perfecto del cristal tallado supuso un incremento del 60 % en su precio y una caracter\u00edstica emblem\u00e1tica de su colaboraci\u00f3n. El cristal resisti\u00f3 los gastos de limpieza y la gesti\u00f3n de hu\u00e9spedes en un 99,8 %. Esto encant\u00f3 tanto al hotel que realiz\u00f3 un pedido posterior de 500\u00a0000 botellas, como parte de un pedido plurianual para abastecer a toda la cadena.<\/p>\n<h2>Personalizaci\u00f3n de Frascos Difusores de Cristal<\/h2>\n<ul>\n<li>Color y transparencia: Vidrio con un color profundo como \u00e1mbar, azul cobalto intenso, o puede crear un efecto joya utilizando vidrio transparente y profundo.<\/li>\n<li>Variabilidad de patrones: Proporcionar patrones geom\u00e9tricos alternativos, es decir, cortes de diamante, pir\u00e1mide o estrella.<\/li>\n<li>Grabado l\u00e1ser: agregue un peque\u00f1o monograma o logotipos a los lados sin cortar de la base de la botella.<\/li>\n<li>Base de vitral: es una t\u00e9cnica de dos tonos en la que se aplica una capa de vidrio coloreado debajo de la superficie cortada transparente.<\/li>\n<\/ul>","protected":false},"excerpt":{"rendered":"<p>Elegante botella difusora de ca\u00f1a de cristal con textura de corte vintage, ideal para fragancias y decoraci\u00f3n del hogar de primera calidad, dise\u00f1o de frasco de vidrio difusor duradero, directo de f\u00e1brica.<\/p>","protected":false},"featured_media":4809,"template":"","meta":{"postBodyCss":"","postBodyMargin":[],"postBodyPadding":[],"postBodyBackground":{"backgroundType":"classic","gradient":""}},"product_brand":[],"product_cat":[15,16,63],"product_tag":[],"class_list":{"0":"post-4803","1":"product","2":"type-product","3":"status-publish","4":"has-post-thumbnail","6":"product_cat-glass-containers","7":"product_cat-glass-bottles","8":"product_cat-reed-diffuser-bottles","10":"first","11":"instock","12":"shipping-taxable","13":"product-type-simple"},"jetpack_sharing_enabled":true,"_links":{"self":[{"href":"https:\/\/minghanggroup.com\/es\/wp-json\/wp\/v2\/product\/4803","targetHints":{"allow":["GET"]}}],"collection":[{"href":"https:\/\/minghanggroup.com\/es\/wp-json\/wp\/v2\/product"}],"about":[{"href":"https:\/\/minghanggroup.com\/es\/wp-json\/wp\/v2\/types\/product"}],"wp:featuredmedia":[{"embeddable":true,"href":"https:\/\/minghanggroup.com\/es\/wp-json\/wp\/v2\/media\/4809"}],"wp:attachment":[{"href":"https:\/\/minghanggroup.com\/es\/wp-json\/wp\/v2\/media?parent=4803"}],"wp:term":[{"taxonomy":"product_brand","embeddable":true,"href":"https:\/\/minghanggroup.com\/es\/wp-json\/wp\/v2\/product_brand?post=4803"},{"taxonomy":"product_cat","embeddable":true,"href":"https:\/\/minghanggroup.com\/es\/wp-json\/wp\/v2\/product_cat?post=4803"},{"taxonomy":"product_tag","embeddable":true,"href":"https:\/\/minghanggroup.com\/es\/wp-json\/wp\/v2\/product_tag?post=4803"}],"curies":[{"name":"wp","href":"https:\/\/api.w.org\/{rel}","templated":true}]}}