{"id":4789,"date":"2026-01-19T16:21:28","date_gmt":"2026-01-19T08:21:28","guid":{"rendered":"https:\/\/minghanggroup.com\/?post_type=product&#038;p=4789"},"modified":"2026-01-19T16:45:02","modified_gmt":"2026-01-19T08:45:02","slug":"tree-shaped-beautiful-diffuser-bottles-for-decorative-bulk","status":"publish","type":"product","link":"https:\/\/minghanggroup.com\/es\/producto\/tree-shaped-beautiful-diffuser-bottles-for-decorative-bulk\/","title":{"rendered":"Hermosas botellas difusoras con forma de \u00e1rbol de 80 ml y 98 ml para decoraci\u00f3n a granel"},"content":{"rendered":"<p>Tus hermosas botellas difusoras no solo deben contener aroma, sino tambi\u00e9n hacer que la luz brille como una brisa del bosque. Como especialistas en botellas difusoras decorativas de varillas, creamos botellas difusoras de vidrio que convierten tu difusor de aceites esenciales en la obra maestra del silencio en cualquier habitaci\u00f3n.<\/p>\n<h2>Caracter\u00edsticas del producto<\/h2>\n<ul>\n<li><strong>Silueta de \u00e1rbol org\u00e1nico:<\/strong> Las ramas curvas reflejan la luz como si fueran madera aut\u00e9ntica, convirtiendo instant\u00e1neamente la fragancia de tu hogar en una obra de arte.<\/li>\n<li><strong>Doble, Versatilidad de uso:<\/strong> Ya sea un tap\u00f3n de vidrio o ca\u00f1as de rat\u00e1n natural, el embalaje de su difusor se adapta al instante.<\/li>\n<li><strong>Base de \u00e1rbol estable:<\/strong> Sin vibraciones en mesas de m\u00e1rmol. Su frasco difusor de vidrio es s\u00f3lido y lujoso al tacto.<\/li>\n<\/ul>\n<h2>Especificaciones clave<\/h2>\n<table style=\"border-collapse: collapse; width: 80%; margin-left: auto; margin-right: auto;\" border=\"0\" width=\"288\" cellspacing=\"0\" cellpadding=\"0\">\n<tbody>\n<tr style=\"height: 13.50pt;\">\n<td style=\"height: 13.5pt; width: 54pt; text-align: center;\" width=\"72\" height=\"18\">Tama\u00f1o (ml)<\/td>\n<td style=\"width: 54pt; text-align: center;\" width=\"72\">Dimensiones (mm)<\/td>\n<td style=\"width: 54pt; text-align: center;\" width=\"72\">Di\u00e1metro del cuello (mm)<\/td>\n<td style=\"width: 54pt; text-align: center;\" width=\"72\">Forma<\/td>\n<\/tr>\n<tr style=\"height: 13.50pt;\">\n<td style=\"height: 13.5pt; text-align: center;\" align=\"right\" height=\"18\">80<\/td>\n<td style=\"text-align: center;\">66 \u00d7 108<\/td>\n<td style=\"text-align: center;\">15\/24<\/td>\n<td class=\"et2\" style=\"text-align: center;\" rowspan=\"2\">silueta de \u00e1rbol<\/td>\n<\/tr>\n<tr style=\"height: 13.50pt;\">\n<td style=\"height: 13.5pt; text-align: center;\" align=\"right\" height=\"18\">98<\/td>\n<td style=\"text-align: center;\">66 \u00d7 101<\/td>\n<td style=\"text-align: center;\">15\/25<\/td>\n<\/tr>\n<\/tbody>\n<\/table>\n<h2>Caso de \u00e9xito<\/h2>\n<p>Una marca de fragancias para el hogar especializada en regalos se asoci\u00f3 con nosotros para personalizar este frasco difusor de vidrio con forma de \u00e1rbol para su colecci\u00f3n navide\u00f1a de edici\u00f3n limitada. Para el empaque con tem\u00e1tica navide\u00f1a, el cliente opt\u00f3 por vidrio verde personalizado. El frasco, grabado con el logotipo de la marca, tambi\u00e9n est\u00e1 decorado con detalles dorados.<\/p>\n<p>Tras la introducci\u00f3n del producto, las ventas aumentaron casi un 28% en el primer trimestre, reforzando significativamente la posici\u00f3n de la marca en el mercado de fragancias decorativas.<\/p>\n<h2>Sus opciones de personalizaci\u00f3n<\/h2>\n<ol>\n<li><strong>Color del vidrio y tratamiento de la superficie:<\/strong> Dependiendo del nivel de transparencia, puede elegir entre una variedad de opciones, como colores degradados, tintes de luz interna o efectos esmerilados espec\u00edficos del \u00e1rea para mejorar el atractivo decorativo y crear un cierto estado de \u00e1nimo en el espacio.<\/li>\n<li><strong>Accesorios decorativos de nivel superior:<\/strong> Cuando se combinan con piezas de rat\u00e1n hechas a medida (que pueden realizarse con patr\u00f3n recto, en espiral o floral) o una tapa de vidrio inusual, estas caracter\u00edsticas fortalecen el atractivo del producto como regalo y su impacto visual.<\/li>\n<li><strong>Combinaciones de capacidad y conjuntos:<\/strong> El producto se ofrece en varios tama\u00f1os de capacidad y se puede combinar en juegos de regalo o juegos de fragancias, que son ideales para vacaciones, hoteles o proyectos personalizados.<\/li>\n<\/ol>","protected":false},"excerpt":{"rendered":"<p>Hermosas botellas difusoras dise\u00f1adas como decorativas botellas difusoras de varillas. Suministro directo de f\u00e1brica con personalizaci\u00f3n al por mayor y env\u00edo r\u00e1pido para sus marcas.<\/p>","protected":false},"featured_media":4807,"template":"","meta":{"postBodyCss":"","postBodyMargin":[],"postBodyPadding":[],"postBodyBackground":{"backgroundType":"classic","gradient":""}},"product_brand":[],"product_cat":[15,16,63],"product_tag":[],"class_list":{"0":"post-4789","1":"product","2":"type-product","3":"status-publish","4":"has-post-thumbnail","6":"product_cat-glass-containers","7":"product_cat-glass-bottles","8":"product_cat-reed-diffuser-bottles","10":"first","11":"instock","12":"shipping-taxable","13":"product-type-simple"},"jetpack_sharing_enabled":true,"_links":{"self":[{"href":"https:\/\/minghanggroup.com\/es\/wp-json\/wp\/v2\/product\/4789","targetHints":{"allow":["GET"]}}],"collection":[{"href":"https:\/\/minghanggroup.com\/es\/wp-json\/wp\/v2\/product"}],"about":[{"href":"https:\/\/minghanggroup.com\/es\/wp-json\/wp\/v2\/types\/product"}],"wp:featuredmedia":[{"embeddable":true,"href":"https:\/\/minghanggroup.com\/es\/wp-json\/wp\/v2\/media\/4807"}],"wp:attachment":[{"href":"https:\/\/minghanggroup.com\/es\/wp-json\/wp\/v2\/media?parent=4789"}],"wp:term":[{"taxonomy":"product_brand","embeddable":true,"href":"https:\/\/minghanggroup.com\/es\/wp-json\/wp\/v2\/product_brand?post=4789"},{"taxonomy":"product_cat","embeddable":true,"href":"https:\/\/minghanggroup.com\/es\/wp-json\/wp\/v2\/product_cat?post=4789"},{"taxonomy":"product_tag","embeddable":true,"href":"https:\/\/minghanggroup.com\/es\/wp-json\/wp\/v2\/product_tag?post=4789"}],"curies":[{"name":"wp","href":"https:\/\/api.w.org\/{rel}","templated":true}]}}