{"id":4784,"date":"2026-01-19T12:00:19","date_gmt":"2026-01-19T04:00:19","guid":{"rendered":"https:\/\/minghanggroup.com\/?post_type=product&#038;p=4784"},"modified":"2026-01-19T13:44:15","modified_gmt":"2026-01-19T05:44:15","slug":"100ml-clear-flat-round-diffuser-bottles-wholesale","status":"publish","type":"product","link":"https:\/\/minghanggroup.com\/es\/producto\/100ml-clear-flat-round-diffuser-bottles-wholesale\/","title":{"rendered":"Botellas difusoras redondas y planas transparentes de 100 ml al por mayor"},"content":{"rendered":"<p>Estas botellas difusoras redondas son anchas, planas y de forma ovalada, est\u00e1n hechas de vidrio s\u00f3dico-c\u00e1lcico y el cuello es tan delgado que se adapta a la barra difusora.<\/p>\n<h2>Caracter\u00edsticas del producto<\/h2>\n<ul>\n<li><strong>Forma ovalada plana alargada:<\/strong> Tiene una forma estable y esculpida y est\u00e1 hecho con un dise\u00f1o ancho y bajo, que se adapta a los dise\u00f1os de estantes modernos.<\/li>\n<li><strong>Cuello delgado:<\/strong> El cuello delgado sostiene el difusor y otros accesorios, y forma un contraste con el cuerpo plano y redondeado, lo que hace que el dise\u00f1o sea m\u00e1s sofisticado.<\/li>\n<li><strong>Gran capacidad de 200 ml:<\/strong> La capacidad de 200 ml se ha incorporado inteligentemente al tama\u00f1o plano de la botella ofreciendo una gran capacidad con un perfil delgado.<\/li>\n<\/ul>\n<h2 style=\"text-align: left;\">Especificaciones clave<\/h2>\n<table class=\"aligncenter\" style=\"border-collapse: collapse; width: 426.02pt;\" border=\"0\" width=\"568\" cellspacing=\"0\" cellpadding=\"0\">\n<tbody>\n<tr style=\"height: 13.50pt;\">\n<td style=\"height: 13.50pt; width: 119.25pt;\" width=\"159\" height=\"18\">Especificaci\u00f3n<\/td>\n<td style=\"width: 306.75pt;\" width=\"409\">Detalles<\/td>\n<\/tr>\n<tr style=\"height: 13.50pt;\">\n<td style=\"height: 13.50pt;\" height=\"18\">Capacidad<\/td>\n<td>100 ml<\/td>\n<\/tr>\n<tr style=\"height: 13.50pt;\">\n<td style=\"height: 13.50pt;\" height=\"18\">Dimensiones<\/td>\n<td>125\u00d736\u00d7109 mm<\/td>\n<\/tr>\n<tr style=\"height: 13.50pt;\">\n<td style=\"height: 13.50pt;\" height=\"18\">Di\u00e1metro interior\/exterior del cuello<\/td>\n<td>12 mm \/ 23 mm<\/td>\n<\/tr>\n<tr style=\"height: 13.50pt;\">\n<td style=\"height: 13.50pt;\" height=\"18\">Material<\/td>\n<td>Vidrio s\u00f3dico-c\u00e1lcico<\/td>\n<\/tr>\n<tr style=\"height: 13.50pt;\">\n<td style=\"height: 13.50pt;\" height=\"18\">Forma de la botella<\/td>\n<td>\u00d3valo plano y alargado horizontalmente<\/td>\n<\/tr>\n<tr style=\"height: 13.50pt;\">\n<td style=\"height: 13.50pt;\" height=\"18\">Alcance de personalizaci\u00f3n<\/td>\n<td>Color, Acabado, Tama\u00f1o, Grabado<\/td>\n<\/tr>\n<tr style=\"height: 13.50pt;\">\n<td style=\"height: 13.50pt;\" height=\"18\">Artesan\u00eda<\/td>\n<td>Moldura de vidrio ovalada plana<\/td>\n<\/tr>\n<tr style=\"height: 13.50pt;\">\n<td style=\"height: 13.50pt;\" height=\"18\">Prop\u00f3sito del producto<\/td>\n<td>Botellas difusoras redondas, botellas difusoras a granel<\/td>\n<\/tr>\n<tr style=\"height: 13.50pt;\">\n<td style=\"height: 13.50pt;\" height=\"18\">Industrias adecuadas<\/td>\n<td>Marcas contempor\u00e1neas de fragancias para el hogar, dise\u00f1o de interiores<\/td>\n<\/tr>\n<\/tbody>\n<\/table>\n<h2>Historia de \u00e9xito: Dise\u00f1o galardonado de una marca de estilo de vida japonesa<\/h2>\n<p>Una marca japonesa de estilo de vida ha lanzado una marca de fragancias. Nuestro producto estrella fue seleccionado: el frasco difusor redondo de 200 ml. Su distintiva forma ovalada y plana gener\u00f3 un 80 % de compras repetidas. Su dise\u00f1o elegante increment\u00f3 en un 300 % el n\u00famero de compartidos por influencers en redes sociales. La respuesta del mercado y la perfecta adaptaci\u00f3n a su imagen de marca generaron una gran satisfacci\u00f3n en la marca, por lo que realiz\u00f3 un pedido de 300\u00a0000 frascos m\u00e1s a sus tiendas insignia internacionales.<\/p>\n<h2>Personalizaci\u00f3n de botella difusora redonda<\/h2>\n<ul>\n<li>Color y Transparencia del Vidrio: Cuenta con vidrio en color transparente, gris suave o ahumado.<\/li>\n<li>Acabado mate esmerilado: es un acabado mate completamente arenado que desarrolla un aspecto suave y et\u00e9reo.<\/li>\n<li>Grabado l\u00e1ser: la imagen de l\u00edneas complicadas y suaves o el nombre de la marca se graba en la superficie de la botella.<\/li>\n<li>Decoraci\u00f3n individual para cuello de botella: \u201cSe pueden realizar decoraciones ligeras y sencillas para el cuello de botella en cer\u00e1mica mate o metal cepillado.<\/li>\n<\/ul>","protected":false},"excerpt":{"rendered":"<p>Elegante botella difusora de 100 ml elaborada en vidrio redondo plano, perfecta para empaquetar y marcar fragancias para el hogar, botellas difusoras redondas premium, env\u00edo r\u00e1pido.<\/p>","protected":false},"featured_media":4790,"template":"","meta":{"postBodyCss":"","postBodyMargin":[],"postBodyPadding":[],"postBodyBackground":{"backgroundType":"classic","gradient":""}},"product_brand":[],"product_cat":[15,16,63],"product_tag":[],"class_list":{"0":"post-4784","1":"product","2":"type-product","3":"status-publish","4":"has-post-thumbnail","6":"product_cat-glass-containers","7":"product_cat-glass-bottles","8":"product_cat-reed-diffuser-bottles","10":"first","11":"instock","12":"shipping-taxable","13":"product-type-simple"},"jetpack_sharing_enabled":true,"_links":{"self":[{"href":"https:\/\/minghanggroup.com\/es\/wp-json\/wp\/v2\/product\/4784","targetHints":{"allow":["GET"]}}],"collection":[{"href":"https:\/\/minghanggroup.com\/es\/wp-json\/wp\/v2\/product"}],"about":[{"href":"https:\/\/minghanggroup.com\/es\/wp-json\/wp\/v2\/types\/product"}],"wp:featuredmedia":[{"embeddable":true,"href":"https:\/\/minghanggroup.com\/es\/wp-json\/wp\/v2\/media\/4790"}],"wp:attachment":[{"href":"https:\/\/minghanggroup.com\/es\/wp-json\/wp\/v2\/media?parent=4784"}],"wp:term":[{"taxonomy":"product_brand","embeddable":true,"href":"https:\/\/minghanggroup.com\/es\/wp-json\/wp\/v2\/product_brand?post=4784"},{"taxonomy":"product_cat","embeddable":true,"href":"https:\/\/minghanggroup.com\/es\/wp-json\/wp\/v2\/product_cat?post=4784"},{"taxonomy":"product_tag","embeddable":true,"href":"https:\/\/minghanggroup.com\/es\/wp-json\/wp\/v2\/product_tag?post=4784"}],"curies":[{"name":"wp","href":"https:\/\/api.w.org\/{rel}","templated":true}]}}