{"id":4771,"date":"2026-01-19T16:22:24","date_gmt":"2026-01-19T08:22:24","guid":{"rendered":"https:\/\/minghanggroup.com\/?post_type=product&#038;p=4771"},"modified":"2026-01-19T16:38:15","modified_gmt":"2026-01-19T08:38:15","slug":"bulk-diffuser-bottles-with-thick-base-for-home-decor","status":"publish","type":"product","link":"https:\/\/minghanggroup.com\/es\/producto\/bulk-diffuser-bottles-with-thick-base-for-home-decor\/","title":{"rendered":"Botellas difusoras a granel de 40 ml, 50 ml y 100 ml con base gruesa para decoraci\u00f3n del hogar"},"content":{"rendered":"<p>Tus difusores a granel no solo deben contener aroma, sino que tambi\u00e9n deben hacer que la luz brille sobre tu escritorio como cristal l\u00edquido. Como especialistas en difusores de cristal, creamos difusores de varillas de vidrio que convierten tu difusor de aceites esenciales en un elemento sensacional y silencioso.<\/p>\n<h2>Caracter\u00edsticas del producto<\/h2>\n<ul>\n<li><strong>Estructura de base gruesa y estable: <\/strong>El dise\u00f1o de base engrosada ofrece un centro de gravedad bajo, lo que reduce el riesgo de vuelco del producto. Es perfecto tanto para espacios dom\u00e9sticos como comerciales si se prev\u00e9 su exhibici\u00f3n durante un periodo prolongado.<\/li>\n<li><strong>Material de vidrio de alta transparencia: <\/strong>S\u00faper claro y transparente, muestra el color del l\u00edquido de aromaterapia con mucha precisi\u00f3n, aumentando as\u00ed el atractivo visual general y el atractivo de exhibici\u00f3n del producto.<\/li>\n<li><strong>Dise\u00f1o de botella aerodin\u00e1mico: <\/strong>Al combinar los hombros redondeados con las l\u00edneas rectas, la botella adquiere un aspecto elegante y moderno, a la vez que es muy vers\u00e1til. Esto la hace compatible con una amplia gama de estilos de fragancias.<\/li>\n<\/ul>\n<h2>Especificaciones clave<\/h2>\n<table style=\"border-collapse: collapse; width: 80%; margin-left: auto; margin-right: auto;\" border=\"0\" width=\"288\" cellspacing=\"0\" cellpadding=\"0\">\n<tbody>\n<tr style=\"height: 13.50pt;\">\n<td style=\"height: 13.5pt; width: 54pt; text-align: center;\" width=\"72\" height=\"18\">Tama\u00f1o (ml)<\/td>\n<td style=\"width: 54.00pt;\" width=\"72\">Dimensiones (mm)<\/td>\n<td style=\"width: 54pt; text-align: center;\" width=\"72\">Tipo de cuello<\/td>\n<td style=\"width: 54pt; text-align: center;\" width=\"72\">Forma<\/td>\n<\/tr>\n<tr style=\"height: 13.50pt;\">\n<td style=\"height: 13.5pt; text-align: center;\" align=\"right\" height=\"18\">40<\/td>\n<td style=\"text-align: center;\">52 \u00d7 69<\/td>\n<td class=\"et2\" style=\"text-align: center;\" rowspan=\"3\">Ajuste a presi\u00f3n<\/td>\n<td class=\"et2\" style=\"text-align: center;\" rowspan=\"3\">Cil\u00edndrico<\/td>\n<\/tr>\n<tr style=\"height: 13.50pt;\">\n<td style=\"height: 13.5pt; text-align: center;\" align=\"right\" height=\"18\">50<\/td>\n<td style=\"text-align: center;\">52 \u00d7 69<\/td>\n<\/tr>\n<tr style=\"height: 13.50pt;\">\n<td style=\"height: 13.5pt; text-align: center;\" align=\"right\" height=\"18\">100<\/td>\n<td style=\"text-align: center;\">65 \u00d7 81<\/td>\n<\/tr>\n<\/tbody>\n<\/table>\n<h2>Caso de \u00e9xito<\/h2>\n<p>Esta marca de fragancias de origen local sigue la l\u00ednea de un estilo vintage moderno, pero finalmente decidi\u00f3 utilizar un frasco difusor de vidrio como envase principal. Con un amplio grado de personalizaci\u00f3n, la marca aprovech\u00f3 el espacio circular en blanco en el centro del frasco para serigrafiar su logotipo con precisi\u00f3n y eligi\u00f3 un frasco de color \u00e1mbar con acabado mate. La marca tambi\u00e9n dise\u00f1\u00f3 un tap\u00f3n de madera, personalizado y combinado con varillas difusoras de fibra negra de cierta longitud, creando un envase de gran calidad art\u00edstica.<\/p>\n<p>Este impacto visual contribuy\u00f3 significativamente a un mayor reconocimiento de marca entre los consumidores, lo que permiti\u00f3 que las tiendas f\u00edsicas aumentaran su afluencia en un 55 %. Adem\u00e1s, se realizaron pedidos de seguimiento de 250\u00a0000 unidades en los dos trimestres siguientes.<\/p>\n<h2>Sus opciones de personalizaci\u00f3n<\/h2>\n<ol>\n<li><strong>Personalizaci\u00f3n de marca del \u00e1rea en relieve: <\/strong>Al emplear el \u00e1rea circular en relieve en el centro de la botella, el logotipo de la marca se incorpora a trav\u00e9s de serigraf\u00eda de alta precisi\u00f3n o tecnolog\u00eda de calcoman\u00eda de alta temperatura, por lo que la identidad de la marca se combina perfectamente con los patrones vintage y las capas visuales se mejoran a\u00fan m\u00e1s.<\/li>\n<li><strong>Opciones de color y transparencia de la botella: <\/strong>El cliente puede optar por un revestimiento de color \u00e1mbar con propiedades de bloqueo de la luz o un acabado mate elegante, ambos mantendr\u00e1n la actividad de los aceites esenciales y le dar\u00e1n a la botella una elegancia atemporal.<\/li>\n<li><strong>Diversas opciones de material para la tapa superior: <\/strong>Dependiendo de la est\u00e9tica de la marca, uno puede optar por tapones de madera con logotipos en relieve (por ejemplo, nogal o roble) para resaltar el naturalismo, o elegir anillos de cuello de metal dorado\/bronce claro para hacer alarde de un lujo ligero y un estilo vintage.<\/li>\n<\/ol>","protected":false},"excerpt":{"rendered":"<p>Estas botellas difusoras tienen una base estable y un cuello ancho. Botellas difusoras a granel para suministro directo de f\u00e1brica, botellas difusoras de cristal premium para marca personalizada.<\/p>","protected":false},"featured_media":4788,"template":"","meta":{"postBodyCss":"","postBodyMargin":[],"postBodyPadding":[],"postBodyBackground":{"backgroundType":"classic","gradient":""}},"product_brand":[],"product_cat":[15,16,63],"product_tag":[],"class_list":{"0":"post-4771","1":"product","2":"type-product","3":"status-publish","4":"has-post-thumbnail","6":"product_cat-glass-containers","7":"product_cat-glass-bottles","8":"product_cat-reed-diffuser-bottles","10":"first","11":"instock","12":"shipping-taxable","13":"product-type-simple"},"jetpack_sharing_enabled":true,"_links":{"self":[{"href":"https:\/\/minghanggroup.com\/es\/wp-json\/wp\/v2\/product\/4771","targetHints":{"allow":["GET"]}}],"collection":[{"href":"https:\/\/minghanggroup.com\/es\/wp-json\/wp\/v2\/product"}],"about":[{"href":"https:\/\/minghanggroup.com\/es\/wp-json\/wp\/v2\/types\/product"}],"wp:featuredmedia":[{"embeddable":true,"href":"https:\/\/minghanggroup.com\/es\/wp-json\/wp\/v2\/media\/4788"}],"wp:attachment":[{"href":"https:\/\/minghanggroup.com\/es\/wp-json\/wp\/v2\/media?parent=4771"}],"wp:term":[{"taxonomy":"product_brand","embeddable":true,"href":"https:\/\/minghanggroup.com\/es\/wp-json\/wp\/v2\/product_brand?post=4771"},{"taxonomy":"product_cat","embeddable":true,"href":"https:\/\/minghanggroup.com\/es\/wp-json\/wp\/v2\/product_cat?post=4771"},{"taxonomy":"product_tag","embeddable":true,"href":"https:\/\/minghanggroup.com\/es\/wp-json\/wp\/v2\/product_tag?post=4771"}],"curies":[{"name":"wp","href":"https:\/\/api.w.org\/{rel}","templated":true}]}}