{"id":4766,"date":"2026-01-19T10:41:42","date_gmt":"2026-01-19T02:41:42","guid":{"rendered":"https:\/\/minghanggroup.com\/?post_type=product&#038;p=4766"},"modified":"2026-01-19T12:00:08","modified_gmt":"2026-01-19T04:00:08","slug":"christmas-tree-diffuser-sticks-and-bottles-wholesale","status":"publish","type":"product","link":"https:\/\/minghanggroup.com\/es\/producto\/christmas-tree-diffuser-sticks-and-bottles-wholesale\/","title":{"rendered":"Difusores de aroma de \u00e1rbol de Navidad de 200 ml y botellas al por mayor"},"content":{"rendered":"<p>Este difusor y botella tienen un dise\u00f1o especial de \u00e1rbol de Navidad. La botella est\u00e1 hecha de vidrio s\u00f3dico-c\u00e1lcico transparente con un cuello multiroscado que facilita la inserci\u00f3n del difusor y le da un toque festivo.<\/p>\n<h2>Caracter\u00edsticas del producto<\/h2>\n<ul>\n<li><strong>Botella con forma de \u00e1rbol de Navidad:<\/strong> Esta es la decoraci\u00f3n y el regalo de Navidad ideal ya que la forma del \u00e1rbol es ic\u00f3nica y tiene un borde irregular.<\/li>\n<li><strong>Borde ondulado:<\/strong> El dise\u00f1o del borde ondulado est\u00e1 elevado para crear el efecto visual y la sensaci\u00f3n de un toque festivo.<\/li>\n<li><strong>Cuello roscado est\u00e1ndar:<\/strong> El dise\u00f1o conveniente del cuello es un cuello pr\u00e1ctico y herm\u00e9tico que permite un f\u00e1cil uso y almacenamiento.<\/li>\n<\/ul>\n<h2 style=\"text-align: left;\">Especificaciones clave<\/h2>\n<table class=\"aligncenter\" style=\"border-collapse: collapse; width: 444.77pt;\" border=\"0\" width=\"593\" cellspacing=\"0\" cellpadding=\"0\">\n<tbody>\n<tr style=\"height: 13.50pt;\">\n<td style=\"height: 13.50pt; width: 119.25pt;\" width=\"159\" height=\"18\">Especificaci\u00f3n<\/td>\n<td style=\"width: 325.50pt;\" width=\"434\">Detalles<\/td>\n<\/tr>\n<tr style=\"height: 13.50pt;\">\n<td style=\"height: 13.50pt;\" height=\"18\">Capacidad<\/td>\n<td>200 ml<\/td>\n<\/tr>\n<tr style=\"height: 13.50pt;\">\n<td style=\"height: 13.50pt;\" height=\"18\">Dimensiones<\/td>\n<td>105\u00d742\u00d7150 mm<\/td>\n<\/tr>\n<tr style=\"height: 13.50pt;\">\n<td style=\"height: 13.50pt;\" height=\"18\">Di\u00e1metro interior\/exterior del cuello<\/td>\n<td>17 mm \/ 27 mm<\/td>\n<\/tr>\n<tr style=\"height: 13.50pt;\">\n<td style=\"height: 13.50pt;\" height=\"18\">Material<\/td>\n<td>Vidrio s\u00f3dico-c\u00e1lcico<\/td>\n<\/tr>\n<tr style=\"height: 13.50pt;\">\n<td style=\"height: 13.50pt;\" height=\"18\">Forma de la botella<\/td>\n<td>\u00c1rbol de Navidad estilizado con bordes texturizados<\/td>\n<\/tr>\n<tr style=\"height: 13.50pt;\">\n<td style=\"height: 13.50pt;\" height=\"18\">Alcance de personalizaci\u00f3n<\/td>\n<td>Color, tama\u00f1o, glaseado y adornos tem\u00e1ticos.<\/td>\n<\/tr>\n<tr style=\"height: 13.50pt;\">\n<td style=\"height: 13.50pt;\" height=\"18\">Artesan\u00eda<\/td>\n<td>Moldeo de vidrio, aplicaci\u00f3n de textura detallada, roscado<\/td>\n<\/tr>\n<tr style=\"height: 13.50pt;\">\n<td style=\"height: 13.50pt;\" height=\"18\">Prop\u00f3sito del producto<\/td>\n<td>Botellas difusoras de lujo al por mayor, Botellas difusoras<\/td>\n<\/tr>\n<tr style=\"height: 13.50pt;\">\n<td style=\"height: 13.50pt;\" height=\"18\">Industrias adecuadas<\/td>\n<td>Minoristas de temporada, marcas de decoraci\u00f3n del hogar<\/td>\n<\/tr>\n<\/tbody>\n<\/table>\n<h2>Historia de \u00e9xito<\/h2>\n<p>Nuestros difusores en barra y frascos de 200 ml se vendieron en una tienda departamental estadounidense como decoraci\u00f3n con forma de \u00e1rbol de Navidad. Este dise\u00f1o tem\u00e1tico gener\u00f3 un 500 % de menciones a su colecci\u00f3n navide\u00f1a en redes sociales. En 48 horas, este perfume navide\u00f1o se agot\u00f3 en l\u00ednea, convirti\u00e9ndose en el producto de fragancia para el hogar m\u00e1s comprado de la temporada. Este resultado impresion\u00f3 tanto a la tienda que encarg\u00f3 750.000 frascos m\u00e1s para satisfacer la demanda durante las tres pr\u00f3ximas fiestas.<\/p>\n<h2>Personalizaci\u00f3n de Botellas Difusoras de Lujo al por Mayor<\/h2>\n<ul>\n<li>Colores de los vasos: Vienen en transparente, blanco esmerilado (blanco nieve) o en verde festivo, rojo y otros.<\/li>\n<li>Otros temas: Se pueden personalizar otras festividades (por ejemplo, formas de calabaza, coraz\u00f3n, huevo).<\/li>\n<li>Instrucciones de relieve: Los relieves son peque\u00f1os detalles en relieve que se agregan a la forma del \u00e1rbol, por ejemplo, adornos o estrellas.<\/li>\n<li>Serigraf\u00eda: Coloque un mensaje sobre la festividad en el frente de la botella, o un peque\u00f1o logotipo de la marca.<\/li>\n<\/ul>","protected":false},"excerpt":{"rendered":"<p>Varillas difusoras festivas y botella en vidrio de \u00e1rbol de Navidad, perfectas para decoraci\u00f3n navide\u00f1a y colecciones al por mayor de botellas difusoras de lujo, suministro directo de f\u00e1brica.<\/p>","protected":false},"featured_media":4772,"template":"","meta":{"postBodyCss":"","postBodyMargin":[],"postBodyPadding":[],"postBodyBackground":{"backgroundType":"classic","gradient":""}},"product_brand":[],"product_cat":[15,16,63],"product_tag":[],"class_list":{"0":"post-4766","1":"product","2":"type-product","3":"status-publish","4":"has-post-thumbnail","6":"product_cat-glass-containers","7":"product_cat-glass-bottles","8":"product_cat-reed-diffuser-bottles","10":"first","11":"instock","12":"shipping-taxable","13":"product-type-simple"},"jetpack_sharing_enabled":true,"_links":{"self":[{"href":"https:\/\/minghanggroup.com\/es\/wp-json\/wp\/v2\/product\/4766","targetHints":{"allow":["GET"]}}],"collection":[{"href":"https:\/\/minghanggroup.com\/es\/wp-json\/wp\/v2\/product"}],"about":[{"href":"https:\/\/minghanggroup.com\/es\/wp-json\/wp\/v2\/types\/product"}],"wp:featuredmedia":[{"embeddable":true,"href":"https:\/\/minghanggroup.com\/es\/wp-json\/wp\/v2\/media\/4772"}],"wp:attachment":[{"href":"https:\/\/minghanggroup.com\/es\/wp-json\/wp\/v2\/media?parent=4766"}],"wp:term":[{"taxonomy":"product_brand","embeddable":true,"href":"https:\/\/minghanggroup.com\/es\/wp-json\/wp\/v2\/product_brand?post=4766"},{"taxonomy":"product_cat","embeddable":true,"href":"https:\/\/minghanggroup.com\/es\/wp-json\/wp\/v2\/product_cat?post=4766"},{"taxonomy":"product_tag","embeddable":true,"href":"https:\/\/minghanggroup.com\/es\/wp-json\/wp\/v2\/product_tag?post=4766"}],"curies":[{"name":"wp","href":"https:\/\/api.w.org\/{rel}","templated":true}]}}