{"id":4761,"date":"2026-01-19T09:25:09","date_gmt":"2026-01-19T01:25:09","guid":{"rendered":"https:\/\/minghanggroup.com\/?post_type=product&#038;p=4761"},"modified":"2026-01-19T14:35:08","modified_gmt":"2026-01-19T06:35:08","slug":"empty-oil-diffuser-bottles-with-diamond-texture-bulk","status":"publish","type":"product","link":"https:\/\/minghanggroup.com\/es\/producto\/empty-oil-diffuser-bottles-with-diamond-texture-bulk\/","title":{"rendered":"Botellas difusoras de aceite vac\u00edas de 150 ml con textura de diamante a granel"},"content":{"rendered":"<p>Este difusor de aceite es un objeto delgado y cil\u00edndrico hecho de vidrio macizo. Su forma cil\u00edndrica es alargada y presenta un delicado dise\u00f1o de corte de diamante. No es solo una caja, sino un adorno muy bonito.<\/p>\n<h2>Caracter\u00edsticas del producto<\/h2>\n<ul>\n<li><strong>Cuerpo de corte de diamante:<\/strong> El corte de cuerpo entero, muy tallado, se compone de un llamativo efecto de luz y sombra con una impresi\u00f3n lujosa.<\/li>\n<li><strong>Dise\u00f1o de boca ancha:<\/strong> El dise\u00f1o de boca ancha ayuda a agregar todos los aceites necesarios y tiene la capacidad de agregar las varillas difusoras y otros accesorios sin sacrificar la continuidad estil\u00edstica.<\/li>\n<li><strong>Forma cil\u00edndrica delgada:<\/strong> La forma cil\u00edndrica delgada tiene un aspecto esbelto y real y es muy estable y puede adaptarse f\u00e1cilmente a los diferentes estilos de decoraci\u00f3n del hogar.<\/li>\n<\/ul>\n<h2 style=\"text-align: left;\">Especificaciones clave<\/h2>\n<table class=\"aligncenter\" style=\"border-collapse: collapse; width: 444.77pt;\" border=\"0\" width=\"593\" cellspacing=\"0\" cellpadding=\"0\">\n<tbody>\n<tr style=\"height: 13.50pt;\">\n<td style=\"height: 13.50pt; width: 119.25pt;\" width=\"159\" height=\"18\">Especificaci\u00f3n<\/td>\n<td style=\"width: 325.50pt;\" width=\"434\">Detalles<\/td>\n<\/tr>\n<tr style=\"height: 13.50pt;\">\n<td style=\"height: 13.50pt;\" height=\"18\">Capacidad<\/td>\n<td>150 ml<\/td>\n<\/tr>\n<tr style=\"height: 13.50pt;\">\n<td style=\"height: 13.50pt;\" height=\"18\">Dimensiones<\/td>\n<td>55\u00d7133 mm<\/td>\n<\/tr>\n<tr style=\"height: 13.50pt;\">\n<td style=\"height: 13.50pt;\" height=\"18\">Di\u00e1metro interior\/exterior del cuello<\/td>\n<td>19 mm \/ 35 mm<\/td>\n<\/tr>\n<tr style=\"height: 13.50pt;\">\n<td style=\"height: 13.50pt;\" height=\"18\">Material<\/td>\n<td>Vidrio de calcio s\u00f3dico<\/td>\n<\/tr>\n<tr style=\"height: 13.50pt;\">\n<td style=\"height: 13.50pt;\" height=\"18\">Forma de la botella<\/td>\n<td>Cilindro alto con patr\u00f3n de corte de diamante<\/td>\n<\/tr>\n<tr style=\"height: 13.50pt;\">\n<td style=\"height: 13.50pt;\" height=\"18\">Alcance de personalizaci\u00f3n<\/td>\n<td>Forma, color, dise\u00f1o de patr\u00f3n de corte, detalles esmerilados<\/td>\n<\/tr>\n<tr style=\"height: 13.50pt;\">\n<td style=\"height: 13.50pt;\" height=\"18\">Artesan\u00eda<\/td>\n<td>Corte y rectificado de vidrio de precisi\u00f3n, acabado de boca ancha<\/td>\n<\/tr>\n<tr style=\"height: 13.50pt;\">\n<td style=\"height: 13.50pt;\" height=\"18\">Prop\u00f3sito del producto<\/td>\n<td>Botellas difusoras de aceite, recipientes para aceites perfumados<\/td>\n<\/tr>\n<tr style=\"height: 13.50pt;\">\n<td style=\"height: 13.50pt;\" height=\"18\">Industrias adecuadas<\/td>\n<td>Fragancias de lujo para el hogar, hoteles premium<\/td>\n<\/tr>\n<\/tbody>\n<\/table>\n<h2>Historia de \u00e9xito: Una nueva l\u00ednea de una empresa europea de fragancias premium<\/h2>\n<p>Una empresa europea de fragancias present\u00f3 una fragancia premium para el hogar. Eligieron la botella vac\u00eda del difusor de varillas de 150 ml y la colorearon en un s\u00f3lido tono verde esmeralda. El brillante dise\u00f1o con corte de diamante a\u00f1ade valor al producto, lo que se traduce en un 70 % de calidad premium. El cristal transparente es la presentaci\u00f3n ideal del aceite esencial coloreado, lo que se traduce en una mejora del 25 % en las tasas de conversi\u00f3n en l\u00ednea. La marca qued\u00f3 sumamente satisfecha con la acogida del mercado y el volumen de ventas, por lo que encarg\u00f3 otras 400\u00a0000 botellas para su distribuci\u00f3n mundial.<\/p>\n<h2>Personalizaci\u00f3n de las botellas difusoras de aceite<\/h2>\n<ul>\n<li>Colores y tonos de vidrio: Est\u00e1 disponible en cristal transparente, \u00e1mbar profundo, azul cobalto o verde esmeralda.<\/li>\n<li>Variaciones de patr\u00f3n: Las variaciones de patr\u00f3n tambi\u00e9n incluyen corte en espiga, escalonado y radial.<\/li>\n<li>Detalles de corte esmerilado: Las superficies cortadas est\u00e1n esmeriladas para mantenerlas brillantes y establecer un contraste.<\/li>\n<li>Grabado l\u00e1ser: Tiene un peque\u00f1o logotipo o monograma grabado con l\u00e1ser en la parte inferior sin cortar de la botella.<\/li>\n<\/ul>","protected":false},"excerpt":{"rendered":"<p>Botella difusora de aceite alto con superficie cortada con diamante, dise\u00f1ada para proyectos de recarga y decoraci\u00f3n moderna con estilos vac\u00edos de botellas difusoras de ca\u00f1a, precios al por mayor.<\/p>","protected":false},"featured_media":4762,"template":"","meta":{"postBodyCss":"","postBodyMargin":[],"postBodyPadding":[],"postBodyBackground":{"backgroundType":"classic","gradient":""}},"product_brand":[],"product_cat":[15,16,63],"product_tag":[],"class_list":{"0":"post-4761","1":"product","2":"type-product","3":"status-publish","4":"has-post-thumbnail","6":"product_cat-glass-containers","7":"product_cat-glass-bottles","8":"product_cat-reed-diffuser-bottles","10":"first","11":"instock","12":"shipping-taxable","13":"product-type-simple"},"jetpack_sharing_enabled":true,"_links":{"self":[{"href":"https:\/\/minghanggroup.com\/es\/wp-json\/wp\/v2\/product\/4761","targetHints":{"allow":["GET"]}}],"collection":[{"href":"https:\/\/minghanggroup.com\/es\/wp-json\/wp\/v2\/product"}],"about":[{"href":"https:\/\/minghanggroup.com\/es\/wp-json\/wp\/v2\/types\/product"}],"wp:featuredmedia":[{"embeddable":true,"href":"https:\/\/minghanggroup.com\/es\/wp-json\/wp\/v2\/media\/4762"}],"wp:attachment":[{"href":"https:\/\/minghanggroup.com\/es\/wp-json\/wp\/v2\/media?parent=4761"}],"wp:term":[{"taxonomy":"product_brand","embeddable":true,"href":"https:\/\/minghanggroup.com\/es\/wp-json\/wp\/v2\/product_brand?post=4761"},{"taxonomy":"product_cat","embeddable":true,"href":"https:\/\/minghanggroup.com\/es\/wp-json\/wp\/v2\/product_cat?post=4761"},{"taxonomy":"product_tag","embeddable":true,"href":"https:\/\/minghanggroup.com\/es\/wp-json\/wp\/v2\/product_tag?post=4761"}],"curies":[{"name":"wp","href":"https:\/\/api.w.org\/{rel}","templated":true}]}}