{"id":4760,"date":"2026-01-19T11:04:36","date_gmt":"2026-01-19T03:04:36","guid":{"rendered":"https:\/\/minghanggroup.com\/?post_type=product&#038;p=4760"},"modified":"2026-01-19T11:04:37","modified_gmt":"2026-01-19T03:04:37","slug":"glass-reed-diffuser-jars-with-modern-vertical-texture-bulk","status":"publish","type":"product","link":"https:\/\/minghanggroup.com\/es\/producto\/glass-reed-diffuser-jars-with-modern-vertical-texture-bulk\/","title":{"rendered":"Frascos difusores de varillas de vidrio de 40 ml, 100 ml y 200 ml con textura vertical moderna."},"content":{"rendered":"<p>Los frascos de tu difusor de varillas no solo deben contener aroma, sino tambi\u00e9n iluminar tu mesa de centro. Como especialistas en frascos decorativos para difusores, creamos difusores de varillas de vidrio que convierten tu difusor de aceites esenciales en el centro de atenci\u00f3n de cualquier habitaci\u00f3n.<\/p>\n<h2>Caracter\u00edsticas del producto<\/h2>\n<ul>\n<li><strong>Cuerpo de vidrio con rayas verticales:<\/strong> La botella est\u00e1 dise\u00f1ada con rayas verticales que ayudan a refractar m\u00e1s la luz y dan un efecto visualmente m\u00e1s agradable al l\u00edquido de aromaterapia.<\/li>\n<li><strong>Material de vidrio de alta transparencia:<\/strong> Permitiendo ver el color y la cantidad del l\u00edquido de aromaterapia restante lo que facilita el uso del producto y tambi\u00e9n su exhibici\u00f3n, adem\u00e1s de elevar el nivel de calidad.<\/li>\n<li><strong>Forma de botella vertical estable:<\/strong> La forma cil\u00edndrica est\u00e1 perfectamente equilibrada con un fondo plano, por lo que es menos probable que se vuelque y, por lo tanto, es una buena opci\u00f3n para la colocaci\u00f3n y el uso a largo plazo.<\/li>\n<\/ul>\n<h2>Especificaciones clave<\/h2>\n<table style=\"border-collapse: collapse; width: 80%; margin-left: auto; margin-right: auto;\" border=\"0\" width=\"360\" cellspacing=\"0\" cellpadding=\"0\">\n<tbody>\n<tr style=\"height: 13.50pt;\">\n<td style=\"height: 13.5pt; width: 54pt; text-align: center;\" width=\"72\" height=\"18\">Tama\u00f1o (ml)<\/td>\n<td style=\"width: 54pt; text-align: center;\" width=\"72\">Dimensiones (mm)<\/td>\n<td style=\"width: 54pt; text-align: center;\" width=\"72\">Tipo de cuello<\/td>\n<td style=\"width: 54pt; text-align: center;\" width=\"72\">Caracter\u00edstica<\/td>\n<td style=\"width: 54pt; text-align: center;\" width=\"72\">Forma<\/td>\n<\/tr>\n<tr style=\"height: 13.50pt;\">\n<td style=\"height: 13.5pt; text-align: center;\" align=\"right\" height=\"18\">40<\/td>\n<td style=\"text-align: center;\">57 \u00d7 60<\/td>\n<td class=\"et2\" style=\"text-align: center;\" rowspan=\"3\">Ajuste a presi\u00f3n<\/td>\n<td class=\"et2\" style=\"text-align: center;\" rowspan=\"3\">Rayas verticales<\/td>\n<td class=\"et2\" style=\"text-align: center;\" rowspan=\"3\">Cil\u00edndrico<\/td>\n<\/tr>\n<tr style=\"height: 13.50pt;\">\n<td style=\"height: 13.5pt; text-align: center;\" align=\"right\" height=\"18\">100<\/td>\n<td style=\"text-align: center;\">69 \u00d7 80<\/td>\n<\/tr>\n<tr style=\"height: 13.50pt;\">\n<td style=\"height: 13.5pt; text-align: center;\" align=\"right\" height=\"18\">200<\/td>\n<td style=\"text-align: center;\">78 \u00d7 116<\/td>\n<\/tr>\n<\/tbody>\n<\/table>\n<h2>Caso de \u00e9xito<\/h2>\n<p>La empresa de fragancias para el hogar necesitaba un difusor que no solo realzara la imagen de sus productos en el lineal, sino que tambi\u00e9n la convirtiera en una marca moderna y de alta calidad. Para presentar su nueva l\u00ednea de fragancias, la marca eligi\u00f3 nuestro difusor de aromas de vidrio con rayas verticales, pero lo personaliz\u00f3 en otros aspectos: imprimi\u00f3 un sutil logotipo en el hombro y traz\u00f3 un patr\u00f3n de l\u00edneas que conectaba visualmente el dise\u00f1o con la textura de la botella.<\/p>\n<p>El producto se hizo m\u00e1s estable en el modo de transporte gracias a una botella de vidrio m\u00e1s gruesa, por lo que la tasa de rotura se redujo en un 35 por ciento, y el aumento del 38 por ciento en las ventas del primer trimestre estuvo directamente asociado con esto junto con los pedidos al por mayor que persistieron en los trimestres siguientes.<\/p>\n<h2>Sus opciones de personalizaci\u00f3n<\/h2>\n<ol>\n<li><strong>Gradiente o revestimiento interior de color:<\/strong> Puedes aplicar un degradado de color muy claro o una capa interna de color (por ejemplo, de gris ahumado a transparente) y aun as\u00ed hacer que el vidrio exterior luzca brillante y lujoso.<\/li>\n<li><strong>Marca de cuello en relieve o bajo relieve:<\/strong> Puede grabar en relieve o bajo relieve un peque\u00f1o logotipo, s\u00edmbolo o texto de marca alrededor del cuello o la base para aumentar el conocimiento de la marca sin quitar espacio a la etiqueta.<\/li>\n<li><strong>Conjuntos de personalizaci\u00f3n de ca\u00f1as:<\/strong> Puede personalizar la botella para equiparla con juncos te\u00f1idos, juncos en espiral o varillas de fibra ornamental que crean una apariencia uniforme en todo el conjunto de difusores.<\/li>\n<\/ol>","protected":false},"excerpt":{"rendered":"<p>Botellas difusoras decorativas de alta claridad. Suministro directo de f\u00e1brica de frascos difusores de varillas, muestras gratuitas y personalizaci\u00f3n al por mayor. Env\u00edo r\u00e1pido.<\/p>","protected":false},"featured_media":4770,"template":"","meta":{"postBodyCss":"","postBodyMargin":[],"postBodyPadding":[],"postBodyBackground":{"backgroundType":"classic","gradient":""}},"product_brand":[],"product_cat":[15,63],"product_tag":[],"class_list":{"0":"post-4760","1":"product","2":"type-product","3":"status-publish","4":"has-post-thumbnail","6":"product_cat-glass-containers","7":"product_cat-reed-diffuser-bottles","9":"first","10":"instock","11":"shipping-taxable","12":"product-type-simple"},"jetpack_sharing_enabled":true,"_links":{"self":[{"href":"https:\/\/minghanggroup.com\/es\/wp-json\/wp\/v2\/product\/4760","targetHints":{"allow":["GET"]}}],"collection":[{"href":"https:\/\/minghanggroup.com\/es\/wp-json\/wp\/v2\/product"}],"about":[{"href":"https:\/\/minghanggroup.com\/es\/wp-json\/wp\/v2\/types\/product"}],"wp:featuredmedia":[{"embeddable":true,"href":"https:\/\/minghanggroup.com\/es\/wp-json\/wp\/v2\/media\/4770"}],"wp:attachment":[{"href":"https:\/\/minghanggroup.com\/es\/wp-json\/wp\/v2\/media?parent=4760"}],"wp:term":[{"taxonomy":"product_brand","embeddable":true,"href":"https:\/\/minghanggroup.com\/es\/wp-json\/wp\/v2\/product_brand?post=4760"},{"taxonomy":"product_cat","embeddable":true,"href":"https:\/\/minghanggroup.com\/es\/wp-json\/wp\/v2\/product_cat?post=4760"},{"taxonomy":"product_tag","embeddable":true,"href":"https:\/\/minghanggroup.com\/es\/wp-json\/wp\/v2\/product_tag?post=4760"}],"curies":[{"name":"wp","href":"https:\/\/api.w.org\/{rel}","templated":true}]}}