{"id":4753,"date":"2026-01-16T15:56:03","date_gmt":"2026-01-16T07:56:03","guid":{"rendered":"https:\/\/minghanggroup.com\/?post_type=product&#038;p=4753"},"modified":"2026-01-16T16:44:48","modified_gmt":"2026-01-16T08:44:48","slug":"round-empty-clear-diffuser-bottle-wholesale","status":"publish","type":"product","link":"https:\/\/minghanggroup.com\/es\/producto\/round-empty-clear-diffuser-bottle-wholesale\/","title":{"rendered":"Botella difusora redonda vac\u00eda transparente de 130 ml al por mayor"},"content":{"rendered":"<p>Esta botella difusora transparente tiene un dise\u00f1o exclusivo. Est\u00e1 hecha de vidrio s\u00f3dico-c\u00e1lcico y tiene un cuerpo redondeado en forma de cuenco, ideal para la venta al por mayor de botellas vac\u00edas de aromaterapia.<\/p>\n<h2>Caracter\u00edsticas del producto<\/h2>\n<ul>\n<li><strong>Vidrio de transparencia total:<\/strong> El vidrio totalmente transparente muestra los colores de los aceites esenciales. La luz atraviesa el cuerpo curvo creando un efecto de imagen c\u00e1lido y brillante que realza la obra maestra.<\/li>\n<li><strong>Capacidad de 130 ml:<\/strong> El tama\u00f1o de 130 ml es perfecto para una difusi\u00f3n de aroma duradera y eficaz en la mayor\u00eda de espacios habitables.<\/li>\n<li><strong>Cuerpo plano y redondeado: <\/strong>El cuerpo en forma de cuenco es suave y plano, lo que le a\u00f1ade bordes afilados, lo que le da un toque c\u00e1lido y acogedor. Los contornos redondeados facilitan su agarre.<\/li>\n<\/ul>\n<h2 style=\"text-align: left;\">Especificaciones clave<\/h2>\n<table class=\"aligncenter\" style=\"border-collapse: collapse; width: 430.52pt;\" border=\"0\" width=\"574\" cellspacing=\"0\" cellpadding=\"0\">\n<tbody>\n<tr style=\"height: 13.50pt;\">\n<td style=\"height: 13.50pt; width: 146.25pt;\" width=\"195\" height=\"18\">Especificaci\u00f3n<\/td>\n<td style=\"width: 284.25pt;\" width=\"379\">Detalles<\/td>\n<\/tr>\n<tr style=\"height: 13.50pt;\">\n<td style=\"height: 13.50pt;\" height=\"18\">Capacidad<\/td>\n<td>130 ml<\/td>\n<\/tr>\n<tr style=\"height: 13.50pt;\">\n<td style=\"height: 13.50pt;\" height=\"18\">Dimensiones<\/td>\n<td>87\u00d760 mm<\/td>\n<\/tr>\n<tr style=\"height: 13.50pt;\">\n<td style=\"height: 13.50pt;\" height=\"18\">Di\u00e1metro interior\/exterior del cuello<\/td>\n<td>18 mm \/ 34 mm<\/td>\n<\/tr>\n<tr style=\"height: 13.50pt;\">\n<td style=\"height: 13.50pt;\" height=\"18\">Material<\/td>\n<td>Vidrio s\u00f3dico-c\u00e1lcico<\/td>\n<\/tr>\n<tr style=\"height: 13.50pt;\">\n<td style=\"height: 13.50pt;\" height=\"18\">Forma de la botella<\/td>\n<td>Cuenco\/plato poco profundo con base texturizada<\/td>\n<\/tr>\n<tr style=\"height: 13.50pt;\">\n<td style=\"height: 13.50pt;\" height=\"18\">Alcance de personalizaci\u00f3n<\/td>\n<td>Color, textura base, patr\u00f3n, tama\u00f1o, forma<\/td>\n<\/tr>\n<tr style=\"height: 13.50pt;\">\n<td style=\"height: 13.50pt;\" height=\"18\">Artesan\u00eda<\/td>\n<td>Prensado de vidrio para dar forma a cuencos y formaci\u00f3n de roscas<\/td>\n<\/tr>\n<tr style=\"height: 13.50pt;\">\n<td style=\"height: 13.50pt;\" height=\"18\">Prop\u00f3sito del producto<\/td>\n<td>Botellas difusoras transparentes, recipientes decorativos para aceites<\/td>\n<\/tr>\n<tr style=\"height: 13.50pt;\">\n<td style=\"height: 13.50pt;\" height=\"18\">Industrias adecuadas<\/td>\n<td>Marcas de fragancias para el hogar, minoristas de regalos<\/td>\n<\/tr>\n<\/tbody>\n<\/table>\n<h2>Historia de \u00e9xito: Un producto insignia de una cadena de spa y bienestar<\/h2>\n<p>Una de las cadenas nacionales de spa y bienestar adquiri\u00f3 nuestras botellas transparentes de aromaterapia de 130 ml en grandes cantidades para su proyecto de venta al por mayor de botellas vac\u00edas. Su delicada estructura en forma de cuenco complementa a la perfecci\u00f3n su est\u00e9tica apacible y se est\u00e1 convirtiendo r\u00e1pidamente en un \u00e9xito de ventas, representando el 30 % de sus ventas en l\u00ednea. Sus salas de terapia tambi\u00e9n son perfectas gracias a su capacidad de 130 ml. La acogida de los clientes y la facilidad de uso de la cadena fueron tan positivas que pidieron 600\u00a0000 botellas adicionales para asegurar el abastecimiento de sus tiendas durante a\u00f1os.<\/p>\n<h2>Botellas difusoras vac\u00edas personalizadas al por mayor<\/h2>\n<ul>\n<li>Color y transparencia del vidrio: Est\u00e1 disponible en vidrio transparente, blanco suave (\u00f3palo), semitransparente o azul claro o lavanda.<\/li>\n<li>Acabado esmerilado: Acabado completamente esmerilado para hacer que la textura del vidrio sea suave y et\u00e9rea en una textura de color blanco lechoso.<\/li>\n<li>Grabado l\u00e1ser: la base del cuenco puede tener dise\u00f1os circulares sencillos o nombres de marcas grabados en ella.<\/li>\n<li>Decoraci\u00f3n con vidrieras Las vidrieras se pueden aplicar alrededor del anillo inferior o en el interior del cuenco.<\/li>\n<\/ul>","protected":false},"excerpt":{"rendered":"<p>Botella difusora redonda y transparente con forma de cuenco, hecha de vidrio s\u00f3dico-c\u00e1lcico. Ideal para marcas de fragancias para el hogar que buscan botellas difusoras vac\u00edas al por mayor, directamente de f\u00e1brica.<\/p>","protected":false},"featured_media":4754,"template":"","meta":{"postBodyCss":"","postBodyMargin":[],"postBodyPadding":[],"postBodyBackground":{"backgroundType":"classic","gradient":""}},"product_brand":[],"product_cat":[15,16,63],"product_tag":[],"class_list":{"0":"post-4753","1":"product","2":"type-product","3":"status-publish","4":"has-post-thumbnail","6":"product_cat-glass-containers","7":"product_cat-glass-bottles","8":"product_cat-reed-diffuser-bottles","10":"first","11":"instock","12":"shipping-taxable","13":"product-type-simple"},"jetpack_sharing_enabled":true,"_links":{"self":[{"href":"https:\/\/minghanggroup.com\/es\/wp-json\/wp\/v2\/product\/4753","targetHints":{"allow":["GET"]}}],"collection":[{"href":"https:\/\/minghanggroup.com\/es\/wp-json\/wp\/v2\/product"}],"about":[{"href":"https:\/\/minghanggroup.com\/es\/wp-json\/wp\/v2\/types\/product"}],"wp:featuredmedia":[{"embeddable":true,"href":"https:\/\/minghanggroup.com\/es\/wp-json\/wp\/v2\/media\/4754"}],"wp:attachment":[{"href":"https:\/\/minghanggroup.com\/es\/wp-json\/wp\/v2\/media?parent=4753"}],"wp:term":[{"taxonomy":"product_brand","embeddable":true,"href":"https:\/\/minghanggroup.com\/es\/wp-json\/wp\/v2\/product_brand?post=4753"},{"taxonomy":"product_cat","embeddable":true,"href":"https:\/\/minghanggroup.com\/es\/wp-json\/wp\/v2\/product_cat?post=4753"},{"taxonomy":"product_tag","embeddable":true,"href":"https:\/\/minghanggroup.com\/es\/wp-json\/wp\/v2\/product_tag?post=4753"}],"curies":[{"name":"wp","href":"https:\/\/api.w.org\/{rel}","templated":true}]}}