{"id":4748,"date":"2026-01-16T15:53:44","date_gmt":"2026-01-16T07:53:44","guid":{"rendered":"https:\/\/minghanggroup.com\/?post_type=product&#038;p=4748"},"modified":"2026-01-16T16:50:02","modified_gmt":"2026-01-16T08:50:02","slug":"glass-square-diffuser-bottles-for-packaging-wholesale","status":"publish","type":"product","link":"https:\/\/minghanggroup.com\/es\/producto\/glass-square-diffuser-bottles-for-packaging-wholesale\/","title":{"rendered":"Botellas difusoras cuadradas de vidrio de 200 ml y 250 ml para embalaje al por mayor"},"content":{"rendered":"<p>Tus difusores cuadrados no solo deben contener aroma, sino que tambi\u00e9n deben dejar que la luz ilumine cada rinc\u00f3n como una escultura moderna. Como especialistas en difusores de aroma, fabricamos difusores de vidrio que convierten tu difusor de aceites esenciales en una obra maestra silenciosa.<\/p>\n<h2>Caracter\u00edsticas del producto<\/h2>\n<ul>\n<li><strong>Est\u00e9tica geom\u00e9trica cuadrada minimalista: <\/strong>La botella tiene una forma cuadrada tradicional con bordes limpios y afilados que combinan la impresi\u00f3n de dise\u00f1o industrial con un equilibrio muy diferente de varios espacios interiores modernos.<\/li>\n<li><strong>Diversas opciones de tapa: <\/strong>Se ofrecen dos opciones: un collar met\u00e1lico dorado brillante y un capuch\u00f3n de madera semiesf\u00e9rica, presentando as\u00ed dos estilos de marca diferentes: \u201clujo ligero y moderno\u201d y \u201cnatural y terap\u00e9utico\u201d.<\/li>\n<li><strong>Superficie plana para exhibici\u00f3n de marca: <\/strong>Los lados planos y rectos de vidrio de la botella cuadrada son un gran \u201clienzo\u201d para la marca, por lo tanto, se pueden serigrafiar f\u00e1cilmente en \u00e1reas grandes, estampar en caliente o se pueden aplicar con precisi\u00f3n las etiquetas de la marca.<\/li>\n<\/ul>\n<h2>Especificaciones clave<\/h2>\n<table style=\"border-collapse: collapse; width: 80%; margin-left: auto; margin-right: auto;\" border=\"0\" width=\"288\" cellspacing=\"0\" cellpadding=\"0\">\n<tbody>\n<tr style=\"height: 13.50pt;\">\n<td style=\"height: 13.5pt; width: 54pt; text-align: center;\" width=\"72\" height=\"18\">Tama\u00f1o (ml)<\/td>\n<td style=\"width: 54pt; text-align: center;\" width=\"72\">Dimensiones (mm)<\/td>\n<td style=\"width: 54pt; text-align: center;\" width=\"72\">Tipo de cuello<\/td>\n<td style=\"width: 54pt; text-align: center;\" width=\"72\">Forma<\/td>\n<\/tr>\n<tr style=\"height: 13.50pt;\">\n<td style=\"height: 13.5pt; text-align: center;\" align=\"right\" height=\"18\">200<\/td>\n<td style=\"text-align: center;\">68 \u00d7 95<\/td>\n<td class=\"et2\" style=\"text-align: center;\" rowspan=\"2\">Tapa de rosca<\/td>\n<td class=\"et2\" style=\"text-align: center;\" rowspan=\"2\">Cuadrado geom\u00e9trico<\/td>\n<\/tr>\n<tr style=\"height: 13.50pt;\">\n<td style=\"height: 13.5pt; text-align: center;\" align=\"right\" height=\"18\">250<\/td>\n<td style=\"text-align: center;\">74 \u00d7 102<\/td>\n<\/tr>\n<\/tbody>\n<\/table>\n<h2>Caso de \u00e9xito<\/h2>\n<p>Una marca de alta gama de muebles para el hogar decidi\u00f3 apostar por esta botella cuadrada de vidrio transparente de 200 ml como producto estrella del a\u00f1o. Dise\u00f1aron un tap\u00f3n hemisf\u00e9rico mate con vetas de madera natural, y el logotipo de la marca se exhibi\u00f3 en la parte superior del tap\u00f3n de madera mediante un grabado l\u00e1ser de precisi\u00f3n. Adem\u00e1s, la marca exigi\u00f3 una serigraf\u00eda minimalista de un solo color en los laterales planos del vidrio, as\u00ed como difusores florales de madera de sola natural, hechos a mano, con colores seleccionados y a juego, personalizados y hechos a medida.<\/p>\n<p>La distintiva forma cuadrada, que la diferenciaba de otras botellas redondas en los estantes de las tiendas, result\u00f3 en un aumento del 70 % en las ventas trimestrales de la marca. El cliente, finalmente, realiz\u00f3 un pedido adicional de 180\u00a0000 unidades y, por lo tanto, decidi\u00f3 mantenerlo como producto principal a largo plazo.<\/p>\n<h2>Sus opciones de personalizaci\u00f3n<\/h2>\n<ol>\n<li><strong>Personalizaci\u00f3n de la superficie de la botella:<\/strong> Aprovechamos al m\u00e1ximo los lados cuadrados y planos de la superficie de la botella para ofrecerle un acabado esmerilado completo o parcialmente arenado. Al combinarlo con nuestros exquisitos m\u00e9todos de serigraf\u00eda o estampado en caliente, el logotipo de su marca puede destacar sobre texturas de vidrio transparente o transl\u00facido. Tapa<\/li>\n<li><strong>Actualizaci\u00f3n de material y marca:<\/strong> Ofrecemos personalizaci\u00f3n al por mayor de tapas de botellas en diferentes estilos; por ejemplo, tapas de aluminio anodizado en dorado brillante o negro mate que representan una est\u00e9tica lujosa y ligera, o tapas de madera grabadas con l\u00e1ser para una sensaci\u00f3n natural. Las diferencias de material que puede percibir se corresponden perfectamente con la identidad de su marca.<\/li>\n<li><strong>Combinaciones de difusores medianos personalizados:<\/strong> Adem\u00e1s de las varillas de fibra habituales, puede elegir libremente el color, las flores sola a juego o las varillas difusoras con la etiqueta de su marca. De esta manera, convierte la pr\u00e1ctica funci\u00f3n de difusi\u00f3n en arte decorativo con una propuesta de valor \u00fanica.<\/li>\n<\/ol>","protected":false},"excerpt":{"rendered":"<p>Elegantes botellas difusoras cuadradas de vidrio transparente con tapas doradas o de madera. Esta botella difusora de aroma se puede personalizar al por mayor y ofrece env\u00edo r\u00e1pido. \u00a1Consulta ahora!<\/p>","protected":false},"featured_media":4752,"template":"","meta":{"postBodyCss":"","postBodyMargin":[],"postBodyPadding":[],"postBodyBackground":{"backgroundType":"classic","gradient":""}},"product_brand":[],"product_cat":[15,16,63],"product_tag":[],"class_list":{"0":"post-4748","1":"product","2":"type-product","3":"status-publish","4":"has-post-thumbnail","6":"product_cat-glass-containers","7":"product_cat-glass-bottles","8":"product_cat-reed-diffuser-bottles","10":"first","11":"instock","12":"shipping-taxable","13":"product-type-simple"},"jetpack_sharing_enabled":true,"_links":{"self":[{"href":"https:\/\/minghanggroup.com\/es\/wp-json\/wp\/v2\/product\/4748","targetHints":{"allow":["GET"]}}],"collection":[{"href":"https:\/\/minghanggroup.com\/es\/wp-json\/wp\/v2\/product"}],"about":[{"href":"https:\/\/minghanggroup.com\/es\/wp-json\/wp\/v2\/types\/product"}],"wp:featuredmedia":[{"embeddable":true,"href":"https:\/\/minghanggroup.com\/es\/wp-json\/wp\/v2\/media\/4752"}],"wp:attachment":[{"href":"https:\/\/minghanggroup.com\/es\/wp-json\/wp\/v2\/media?parent=4748"}],"wp:term":[{"taxonomy":"product_brand","embeddable":true,"href":"https:\/\/minghanggroup.com\/es\/wp-json\/wp\/v2\/product_brand?post=4748"},{"taxonomy":"product_cat","embeddable":true,"href":"https:\/\/minghanggroup.com\/es\/wp-json\/wp\/v2\/product_cat?post=4748"},{"taxonomy":"product_tag","embeddable":true,"href":"https:\/\/minghanggroup.com\/es\/wp-json\/wp\/v2\/product_tag?post=4748"}],"curies":[{"name":"wp","href":"https:\/\/api.w.org\/{rel}","templated":true}]}}