{"id":4743,"date":"2026-01-16T15:09:01","date_gmt":"2026-01-16T07:09:01","guid":{"rendered":"https:\/\/minghanggroup.com\/?post_type=product&#038;p=4743"},"modified":"2026-01-16T16:50:39","modified_gmt":"2026-01-16T08:50:39","slug":"embossed-glass-luxury-diffuser-bottles-for-home-decor-bulk","status":"publish","type":"product","link":"https:\/\/minghanggroup.com\/es\/producto\/embossed-glass-luxury-diffuser-bottles-for-home-decor-bulk\/","title":{"rendered":"Botellas difusoras de vidrio repujado de lujo de 150 ml para decoraci\u00f3n del hogar al por mayor"},"content":{"rendered":"<p>Tus difusores de lujo no solo deben contener aroma, sino que tambi\u00e9n deben hacer que la luz brille como en un sal\u00f3n de baile cl\u00e1sico. Como especialistas en difusores de vidrio al por mayor, fabricamos difusores de varillas de vidrio que convierten tu difusor de aceites esenciales en la estrella silenciosa de tu habitaci\u00f3n.<\/p>\n<h2>Caracter\u00edsticas del producto<\/h2>\n<ul>\n<li><strong>Arte en relieve ornamentado: <\/strong>Patrones\/superficie del cristal, como si capturara el lujo vintage para la fragancia de su hogar.<\/li>\n<li><strong>Ajuste seguro a presi\u00f3n en el cuello: <\/strong>Los difusores de ca\u00f1a redondos se pueden insertar directamente sin inclinarlos, sin tambalearse, sin derramarse.<\/li>\n<li><strong>Elegancia de peso: <\/strong>Base gruesa que no se tambalea sobre mesas de m\u00e1rmol. Tu botella difusora de vidrio se sentir\u00e1 s\u00f3lida y de primera calidad.<\/li>\n<\/ul>\n<h2>Especificaciones clave<\/h2>\n<table style=\"border-collapse: collapse; width: 80%; margin-left: auto; margin-right: auto;\" border=\"0\" width=\"288\" cellspacing=\"0\" cellpadding=\"0\">\n<tbody>\n<tr style=\"height: 13.50pt;\">\n<td style=\"height: 13.5pt; width: 54pt; text-align: center;\" width=\"72\" height=\"18\">Tama\u00f1o<\/td>\n<td style=\"width: 54pt; text-align: center;\" width=\"72\">Dimensiones (mm)<\/td>\n<td style=\"width: 54pt; text-align: center;\" width=\"72\">Di\u00e1metro interior y exterior<\/td>\n<td style=\"width: 54pt; text-align: center;\" width=\"72\">Caracter\u00edstica clave<\/td>\n<\/tr>\n<tr style=\"height: 13.50pt;\">\n<td style=\"height: 13.5pt; text-align: center;\" height=\"18\">150 ml<\/td>\n<td style=\"text-align: center;\">71 \u00d7 101<\/td>\n<td style=\"text-align: center;\">18\/34 mil\u00edmetros<\/td>\n<td style=\"text-align: center;\">Decoraci\u00f3n en relieve<\/td>\n<\/tr>\n<\/tbody>\n<\/table>\n<h2>Caso de \u00e9xito<\/h2>\n<p>Una marca de fragancias de alta gama de inspiraci\u00f3n italiana seleccion\u00f3 este frasco de vidrio como el envase principal de su colecci\u00f3n &#034;Renacimiento&#034;. La marca utiliz\u00f3 una meticulosa t\u00e9cnica de dorado a mano para delinear con precisi\u00f3n su emblema dentro del anillo central del intrincado dise\u00f1o en relieve. Adem\u00e1s, emplearon un proceso de recubrimiento \u00e1mbar semitransparente, que le dio al frasco una sensaci\u00f3n de elegancia a\u00f1eja sin perder su transparencia, y lo combinaron con difusores de rat\u00e1n natural de longitud personalizada.<\/p>\n<p>Tras el lanzamiento de este producto tan distintivo, las ventas de la serie en supermercados de alta gama aumentaron un 80 %. Gracias a la eficiente cadena de suministro garantizada por el modelo directo de f\u00e1brica, la marca pudo reabastecer y enviar r\u00e1pidamente los productos tras agotarse el lote inicial.<\/p>\n<h2>Sus opciones de personalizaci\u00f3n<\/h2>\n<ol>\n<li><strong>Opciones de recubrimiento de color vintage para el cuerpo de la botella: <\/strong>Las opciones personalizables incluyen \u00e1mbar, gris ahumado o un acabado mate transl\u00facido con textura aterciopelada. Estas opciones, junto con las detalladas l\u00edneas en relieve, intensifican el juego de luces y sombras.<\/li>\n<li><strong>Accesorios met\u00e1licos a juego: <\/strong>Se ofrecen tapas de aluminio anodizado opcionales con relieve, a juego, por ejemplo, en bronce antiguo, oro cepillado mate o negro electrochapado. Adem\u00e1s, se puede imprimir un logotipo personalizado en relieve en la parte superior de la tapa.<\/li>\n<li><strong>Etiqueta colgante de metal personalizada: <\/strong>Se puede colocar una etiqueta colgante de metal personalizada con el logotipo de la marca (por ejemplo, de aleaci\u00f3n de zinc o lat\u00f3n) en el cuello de la botella con un cord\u00f3n de cuero fino o una cinta de terciopelo.<\/li>\n<\/ol>","protected":false},"excerpt":{"rendered":"<p>Exquisitas botellas difusoras de lujo con relieve y dise\u00f1os vintage. Estas botellas difusoras de vidrio de alta calidad se venden al por mayor y se pueden personalizar. Env\u00edo r\u00e1pido.<\/p>","protected":false},"featured_media":4747,"template":"","meta":{"postBodyCss":"","postBodyMargin":[],"postBodyPadding":[],"postBodyBackground":{"backgroundType":"classic","gradient":""}},"product_brand":[],"product_cat":[15,16,63],"product_tag":[],"class_list":{"0":"post-4743","1":"product","2":"type-product","3":"status-publish","4":"has-post-thumbnail","6":"product_cat-glass-containers","7":"product_cat-glass-bottles","8":"product_cat-reed-diffuser-bottles","10":"first","11":"instock","12":"shipping-taxable","13":"product-type-simple"},"jetpack_sharing_enabled":true,"_links":{"self":[{"href":"https:\/\/minghanggroup.com\/es\/wp-json\/wp\/v2\/product\/4743","targetHints":{"allow":["GET"]}}],"collection":[{"href":"https:\/\/minghanggroup.com\/es\/wp-json\/wp\/v2\/product"}],"about":[{"href":"https:\/\/minghanggroup.com\/es\/wp-json\/wp\/v2\/types\/product"}],"wp:featuredmedia":[{"embeddable":true,"href":"https:\/\/minghanggroup.com\/es\/wp-json\/wp\/v2\/media\/4747"}],"wp:attachment":[{"href":"https:\/\/minghanggroup.com\/es\/wp-json\/wp\/v2\/media?parent=4743"}],"wp:term":[{"taxonomy":"product_brand","embeddable":true,"href":"https:\/\/minghanggroup.com\/es\/wp-json\/wp\/v2\/product_brand?post=4743"},{"taxonomy":"product_cat","embeddable":true,"href":"https:\/\/minghanggroup.com\/es\/wp-json\/wp\/v2\/product_cat?post=4743"},{"taxonomy":"product_tag","embeddable":true,"href":"https:\/\/minghanggroup.com\/es\/wp-json\/wp\/v2\/product_tag?post=4743"}],"curies":[{"name":"wp","href":"https:\/\/api.w.org\/{rel}","templated":true}]}}