{"id":4733,"date":"2026-01-16T14:11:58","date_gmt":"2026-01-16T06:11:58","guid":{"rendered":"https:\/\/minghanggroup.com\/?post_type=product&#038;p=4733"},"modified":"2026-01-16T16:52:26","modified_gmt":"2026-01-16T08:52:26","slug":"clear-glass-diffuser-bottles-with-vertical-stripe-design-wholesale","status":"publish","type":"product","link":"https:\/\/minghanggroup.com\/es\/producto\/clear-glass-diffuser-bottles-with-vertical-stripe-design-wholesale\/","title":{"rendered":"Botellas difusoras de vidrio transparente de 150 ml con dise\u00f1o de rayas verticales."},"content":{"rendered":"<p>Tus difusores de vidrio transparente no solo deben retener el aroma, sino tambi\u00e9n iluminar tu mesa de centro. Como especialistas en difusores de fragancias, fabricamos difusores de varillas de vidrio que convierten tu difusor de aceites esenciales en un elemento sensacional y silencioso.<\/p>\n<h2>Caracter\u00edsticas del producto<\/h2>\n<ul>\n<li><strong>Rayas verticales que capturan luz y sombras:<\/strong> Las rayas dispersan la luz como un prisma, convirtiendo una fragancia hogare\u00f1a en arte en su hogar moderno.<\/li>\n<li><strong>Base de botella antideslizante y engrosada:<\/strong> El grosor de la base de la botella acompa\u00f1ado de un centro ligeramente c\u00f3ncavo hace que la botella sea m\u00e1s estable, lo que evita eficazmente que se vuelque y permite el uso seguro de la fragancia.<\/li>\n<li><strong>Capacidad de difusi\u00f3n perfecta:<\/strong> La amplia abertura de la botella puede contener varias varillas difusoras a la vez, lo que ayuda a mantener el aroma fresco y en el aire durante mucho tiempo, lo que hace que el difusor sea un elemento perfecto en la decoraci\u00f3n de su habitaci\u00f3n.<\/li>\n<\/ul>\n<h2>Especificaciones clave<\/h2>\n<table style=\"border-collapse: collapse; width: 80%; margin-right: auto; margin-left: auto;\" border=\"0\" width=\"288\" cellspacing=\"0\" cellpadding=\"0\">\n<tbody>\n<tr style=\"height: 13.50pt;\">\n<td style=\"height: 13.5pt; width: 54pt; text-align: center;\" width=\"72\" height=\"18\">Tama\u00f1o<\/td>\n<td style=\"width: 54pt; text-align: center;\" width=\"72\">Dimensiones (mm)<\/td>\n<td style=\"width: 54pt; text-align: center;\" width=\"72\">Tipo de cuello<\/td>\n<td style=\"width: 54pt; text-align: center;\" width=\"72\">Caracter\u00edstica<\/td>\n<\/tr>\n<tr style=\"height: 13.50pt;\">\n<td style=\"height: 13.5pt; text-align: center;\" height=\"18\">150 ml<\/td>\n<td style=\"text-align: center;\">65 \u00d7 99<\/td>\n<td style=\"text-align: center;\">Ajuste a presi\u00f3n<\/td>\n<td style=\"text-align: center;\">Rayas verticales<\/td>\n<\/tr>\n<\/tbody>\n<\/table>\n<h2>Caso de \u00e9xito<\/h2>\n<p>Una marca boutique de decoraci\u00f3n para el hogar especializada en productos de bienestar eligi\u00f3 esta botella de aromaterapia de vidrio transparente de 150 ml como opci\u00f3n de empaque para su principal colecci\u00f3n anual. Mediante una fabricaci\u00f3n personalizada, la marca utiliz\u00f3 tecnolog\u00eda de grabado l\u00e1ser de alta precisi\u00f3n para imprimir su logotipo en los espacios entre las rayas verticales de la botella, y lo combin\u00f3 con un tap\u00f3n de aluminio anodizado negro mate especialmente dise\u00f1ado para realzar su moderno estilo industrial.<\/p>\n<p>Cuando se lanz\u00f3 el producto, el env\u00edo inicial se agot\u00f3 en s\u00f3lo tres semanas y las ventas aumentaron un 65% en comparaci\u00f3n con el mismo per\u00edodo del a\u00f1o anterior.<\/p>\n<h2>Sus opciones de personalizaci\u00f3n<\/h2>\n<ol>\n<li><strong>Proceso de degradado de color del cuerpo de la botella: <\/strong>En el interior, se aplica un recubrimiento o un m\u00e9todo de pulverizaci\u00f3n en gradiente, como un color oscuro que se vuelve transparente gradualmente hacia la parte superior, sobre el vidrio transparente. Tambi\u00e9n se utiliza una textura rayada que, al combinarse con esta, crea un efecto de refracci\u00f3n similar a un prisma, lo que realza considerablemente el atractivo visual.<\/li>\n<li><strong>Personalizaci\u00f3n del material de la tapa de la botella: <\/strong>Adem\u00e1s de las tapas transparentes habituales, los clientes pueden optar por tapas de aluminio anodizado (dorado, plateado, negro mate) o de madera natural (nogal, roble), que son opuestas a las transparentes para realzar la imagen de su marca. El posicionamiento de alta gama o natural de la marca se define claramente mediante el contraste de texturas del metal y la madera.<\/li>\n<li><strong>Alineaci\u00f3n de color del difusor medio: <\/strong>Podemos fabricar varillas difusoras al por mayor en diferentes materiales y colores, y podemos ayudarle con ello. Por ejemplo, varillas de fibra de colores de alta densidad que combinan con la paleta de colores principal de la marca, o flores de madera de sola hechas a medida con etiquetas de la marca. Ambas, al sacarlas de la caja, aumentan el reconocimiento de la marca.<\/li>\n<\/ol>","protected":false},"excerpt":{"rendered":"<p>Botellas difusoras cil\u00edndricas de vidrio transparente con textura acanalada vertical. Estas botellas difusoras de vidrio de alta calidad permiten la personalizaci\u00f3n al por mayor. \u00a1Consulte ahora!<\/p>","protected":false},"featured_media":4742,"template":"","meta":{"postBodyCss":"","postBodyMargin":[],"postBodyPadding":[],"postBodyBackground":{"backgroundType":"classic","gradient":""}},"product_brand":[],"product_cat":[15,16,63],"product_tag":[],"class_list":{"0":"post-4733","1":"product","2":"type-product","3":"status-publish","4":"has-post-thumbnail","6":"product_cat-glass-containers","7":"product_cat-glass-bottles","8":"product_cat-reed-diffuser-bottles","10":"first","11":"instock","12":"shipping-taxable","13":"product-type-simple"},"jetpack_sharing_enabled":true,"_links":{"self":[{"href":"https:\/\/minghanggroup.com\/es\/wp-json\/wp\/v2\/product\/4733","targetHints":{"allow":["GET"]}}],"collection":[{"href":"https:\/\/minghanggroup.com\/es\/wp-json\/wp\/v2\/product"}],"about":[{"href":"https:\/\/minghanggroup.com\/es\/wp-json\/wp\/v2\/types\/product"}],"wp:featuredmedia":[{"embeddable":true,"href":"https:\/\/minghanggroup.com\/es\/wp-json\/wp\/v2\/media\/4742"}],"wp:attachment":[{"href":"https:\/\/minghanggroup.com\/es\/wp-json\/wp\/v2\/media?parent=4733"}],"wp:term":[{"taxonomy":"product_brand","embeddable":true,"href":"https:\/\/minghanggroup.com\/es\/wp-json\/wp\/v2\/product_brand?post=4733"},{"taxonomy":"product_cat","embeddable":true,"href":"https:\/\/minghanggroup.com\/es\/wp-json\/wp\/v2\/product_cat?post=4733"},{"taxonomy":"product_tag","embeddable":true,"href":"https:\/\/minghanggroup.com\/es\/wp-json\/wp\/v2\/product_tag?post=4733"}],"curies":[{"name":"wp","href":"https:\/\/api.w.org\/{rel}","templated":true}]}}