{"id":4723,"date":"2026-01-16T11:11:10","date_gmt":"2026-01-16T03:11:10","guid":{"rendered":"https:\/\/minghanggroup.com\/?post_type=product&#038;p=4723"},"modified":"2026-01-16T13:17:12","modified_gmt":"2026-01-16T05:17:12","slug":"glass-hanging-diffuser-bottles-with-wooden-lids-bulk","status":"publish","type":"product","link":"https:\/\/minghanggroup.com\/es\/producto\/glass-hanging-diffuser-bottles-with-wooden-lids-bulk\/","title":{"rendered":"Botellas difusoras colgantes de vidrio de 10 ml con tapas de madera al por mayor"},"content":{"rendered":"<p>Esta botella difusora colgante est\u00e1 dise\u00f1ada para tener un cuerpo cil\u00edndrico peque\u00f1o y transparente hecho de vidrio que tiene una tapa de madera de varias capas y una cuerda trenzada para engancharlo f\u00e1cilmente al espejo retrovisor de su autom\u00f3vil.<\/p>\n<h2>Caracter\u00edsticas del producto<\/h2>\n<ul>\n<li><strong>Cuerpo cil\u00edndrico peque\u00f1o:<\/strong> Se trata de una peque\u00f1a botella cil\u00edndrica de cristal, f\u00e1cil de transportar y adecuada cuando est\u00e1s solo, como en el coche, en la guantera o en el armario.<\/li>\n<li><strong>Cord\u00f3n de cuentas de madera:<\/strong> El cord\u00f3n trenzado est\u00e1 cargado de cuentas de madera y se cuelga f\u00e1cilmente en cualquier lugar y en cualquier momento.<\/li>\n<li><strong>Dise\u00f1o a prueba de fugas:<\/strong> La parte superior de madera herm\u00e9tica y el cuerpo de vidrio s\u00f3lido proporcionan un dise\u00f1o sellado y a prueba de fugas y una portabilidad conveniente.<\/li>\n<\/ul>\n<h2 style=\"text-align: left;\">Especificaciones clave<\/h2>\n<table class=\"aligncenter\" style=\"border-collapse: collapse; width: 444.77pt;\" border=\"0\" width=\"593\" cellspacing=\"0\" cellpadding=\"0\">\n<tbody>\n<tr style=\"height: 13.50pt;\">\n<td style=\"height: 13.50pt; width: 119.25pt;\" width=\"159\" height=\"18\">Especificaci\u00f3n<\/td>\n<td style=\"width: 325.50pt;\" width=\"434\">Detalles<\/td>\n<\/tr>\n<tr style=\"height: 13.50pt;\">\n<td style=\"height: 13.50pt;\" height=\"18\">Capacidad<\/td>\n<td>10ml<\/td>\n<\/tr>\n<tr style=\"height: 13.50pt;\">\n<td style=\"height: 13.50pt;\" height=\"18\">Dimensiones<\/td>\n<td>32\u00d755 mm<\/td>\n<\/tr>\n<tr style=\"height: 13.50pt;\">\n<td style=\"height: 13.50pt;\" height=\"18\">Material<\/td>\n<td>Vidrio s\u00f3dico-c\u00e1lcico, madera, cord\u00f3n de algod\u00f3n<\/td>\n<\/tr>\n<tr style=\"height: 13.50pt;\">\n<td style=\"height: 13.50pt;\" height=\"18\">Forma de la botella<\/td>\n<td>Cilindro corto<\/td>\n<\/tr>\n<tr style=\"height: 13.50pt;\">\n<td style=\"height: 13.50pt;\" height=\"18\">Alcance de personalizaci\u00f3n<\/td>\n<td>Forma, acabado, color del cord\u00f3n, dise\u00f1o de las cuentas<\/td>\n<\/tr>\n<tr style=\"height: 13.50pt;\">\n<td style=\"height: 13.50pt;\" height=\"18\">Artesan\u00eda<\/td>\n<td>Conformado de vidrio a peque\u00f1a escala, torneado de madera y ensamblaje de cordones<\/td>\n<\/tr>\n<tr style=\"height: 13.50pt;\">\n<td style=\"height: 13.50pt;\" height=\"18\">Prop\u00f3sito del producto<\/td>\n<td>Botellas difusoras para coche, botellas difusoras port\u00e1tiles colgantes<\/td>\n<\/tr>\n<tr style=\"height: 13.50pt;\">\n<td style=\"height: 13.50pt;\" height=\"18\">Industrias adecuadas<\/td>\n<td>Accesorios para autom\u00f3viles, marcas de estilo de vida<\/td>\n<\/tr>\n<\/tbody>\n<\/table>\n<h2>Historia de \u00e9xito<\/h2>\n<p>Uno de los grandes minoristas de repuestos para autom\u00f3viles utiliz\u00f3 nuestras botellas difusoras de 10 ml como producto estrella. Estas botellas de 10 ml con forma de difusor fueron un \u00e9xito inmediato en su lanzamiento: ten\u00edan el tama\u00f1o perfecto para colocarse en los portavasos, y las ventas en el primer trimestre superaron las 50.000 unidades. Los clientes se sintieron atra\u00eddos por el acabado de madera natural, que consideraban no pl\u00e1stico, y la facturaci\u00f3n de esta categor\u00eda se duplic\u00f3. Los minoristas quedaron fascinados y realizaron otro pedido de 500.000 botellas para una campa\u00f1a de promoci\u00f3n nacional.<\/p>\n<h2>Personalizaci\u00f3n de las Botellas Difusoras para Coche<\/h2>\n<ul>\n<li>Personalizaci\u00f3n de la tapa: Las tapas est\u00e1n hechas de varias maderas (bamb\u00fa, s\u00e1ndalo, cedro) o de varios tintes.<\/li>\n<li>Personalizaci\u00f3n de colores de cuerda y forma\/material de cuentas decorativas: Esta opci\u00f3n permite personalizar los colores de la cuerda y su forma\/material de cuentas decorativas.<\/li>\n<li>Tinci\u00f3n de vidrio: utilice vidrio \u00e1mbar o ahumado para te\u00f1ir los aceites esenciales de modo que pueda protegerlos de la degradaci\u00f3n causada por la luz.<\/li>\n<li>Grabado l\u00e1ser: Grabe logotipos o dise\u00f1os muy peque\u00f1os en tapas de madera o botellas de vidrio.<\/li>\n<\/ul>","protected":false},"excerpt":{"rendered":"<p>Difusor decorativo hexagonal de vidrio transparente. Este difusor de perfume es perfecto para marcas y ofrece muestras gratuitas previa solicitud.<\/p>","protected":false},"featured_media":4728,"template":"","meta":{"postBodyCss":"","postBodyMargin":[],"postBodyPadding":[],"postBodyBackground":{"backgroundType":"classic","gradient":""}},"product_brand":[],"product_cat":[15,16,63],"product_tag":[],"class_list":{"0":"post-4723","1":"product","2":"type-product","3":"status-publish","4":"has-post-thumbnail","6":"product_cat-glass-containers","7":"product_cat-glass-bottles","8":"product_cat-reed-diffuser-bottles","10":"first","11":"instock","12":"shipping-taxable","13":"product-type-simple"},"jetpack_sharing_enabled":true,"_links":{"self":[{"href":"https:\/\/minghanggroup.com\/es\/wp-json\/wp\/v2\/product\/4723","targetHints":{"allow":["GET"]}}],"collection":[{"href":"https:\/\/minghanggroup.com\/es\/wp-json\/wp\/v2\/product"}],"about":[{"href":"https:\/\/minghanggroup.com\/es\/wp-json\/wp\/v2\/types\/product"}],"wp:featuredmedia":[{"embeddable":true,"href":"https:\/\/minghanggroup.com\/es\/wp-json\/wp\/v2\/media\/4728"}],"wp:attachment":[{"href":"https:\/\/minghanggroup.com\/es\/wp-json\/wp\/v2\/media?parent=4723"}],"wp:term":[{"taxonomy":"product_brand","embeddable":true,"href":"https:\/\/minghanggroup.com\/es\/wp-json\/wp\/v2\/product_brand?post=4723"},{"taxonomy":"product_cat","embeddable":true,"href":"https:\/\/minghanggroup.com\/es\/wp-json\/wp\/v2\/product_cat?post=4723"},{"taxonomy":"product_tag","embeddable":true,"href":"https:\/\/minghanggroup.com\/es\/wp-json\/wp\/v2\/product_tag?post=4723"}],"curies":[{"name":"wp","href":"https:\/\/api.w.org\/{rel}","templated":true}]}}