{"id":4717,"date":"2026-01-16T11:58:39","date_gmt":"2026-01-16T03:58:39","guid":{"rendered":"https:\/\/minghanggroup.com\/?post_type=product&#038;p=4717"},"modified":"2026-01-16T16:54:11","modified_gmt":"2026-01-16T08:54:11","slug":"geometric-conical-reed-diffuser-bottles-empty-design-bulk","status":"publish","type":"product","link":"https:\/\/minghanggroup.com\/es\/producto\/geometric-conical-reed-diffuser-bottles-empty-design-bulk\/","title":{"rendered":"Botellas difusoras de varillas c\u00f3nicas geom\u00e9tricas de 100 ml, dise\u00f1o vac\u00edo, a granel"},"content":{"rendered":"<p>Tus difusores de varillas vac\u00edos no solo deben contener aroma, sino que tambi\u00e9n deben hacer que tu espacio se sienta como un santuario. Como especialistas en difusores de fragancias, fabricamos difusores de varillas de vidrio que convierten tu difusor de aceites esenciales en el latido silencioso de tu habitaci\u00f3n.<\/p>\n<h2>Caracter\u00edsticas del producto<\/h2>\n<ul>\n<li><strong>Forma de cono arquitect\u00f3nico: <\/strong>Geometr\u00eda moderna, un gran impacto visual inmediato para la fragancia de tu hogar.<\/li>\n<li><strong>Cuello de tornillo seguro: <\/strong>Simplemente coloque varillas difusoras o de ca\u00f1a redondas en posici\u00f3n recta, sin tambaleo ni derrames.<\/li>\n<li><strong>Flujo de leng\u00fceta optimizado: <\/strong>La forma c\u00f3nica dirige naturalmente las varillas de rat\u00e1n para una difusi\u00f3n m\u00e1s r\u00e1pida y uniforme de la fragancia. No ver\u00e1s m\u00e1s puntos de aroma d\u00e9bil.<\/li>\n<\/ul>\n<h2>Especificaciones clave<\/h2>\n<table style=\"border-collapse: collapse; width: 80%; margin-left: auto; margin-right: auto;\" border=\"0\" width=\"288\" cellspacing=\"0\" cellpadding=\"0\">\n<tbody>\n<tr style=\"height: 13.50pt;\">\n<td style=\"height: 13.5pt; width: 54pt; text-align: center;\" width=\"72\" height=\"18\">Tama\u00f1o<\/td>\n<td style=\"width: 54pt; text-align: center;\" width=\"72\">Dimensiones (mm)<\/td>\n<td style=\"width: 54pt; text-align: center;\" width=\"72\">Di\u00e1metro del cuello<\/td>\n<td style=\"width: 54pt; text-align: center;\" width=\"72\">Forma<\/td>\n<\/tr>\n<tr style=\"height: 13.50pt;\">\n<td style=\"height: 13.5pt; text-align: center;\" height=\"18\">120 ml<\/td>\n<td style=\"text-align: center;\">93 \u00d7 80<\/td>\n<td style=\"text-align: center;\">18\/27 mm<\/td>\n<td style=\"text-align: center;\">C\u00f3nico<\/td>\n<\/tr>\n<\/tbody>\n<\/table>\n<h2>Caso de \u00e9xito<\/h2>\n<p>Una marca n\u00f3rdica de fragancias, enfocada en estilos de vida minimalistas, ha decidido usar esta botella de vidrio de 100 ml como packaging para su colecci\u00f3n limitada de verano. La compa\u00f1\u00eda opt\u00f3 por un exclusivo tratamiento transl\u00facido para crear una r\u00e9plica exacta de los caracter\u00edsticos colores rosa ahumado y verde bosque de la marca. Adem\u00e1s, la marca acompa\u00f1\u00f3 las botellas con difusores de fibra natural hechos a medida, con longitud y color ajustados, que se integran a la perfecci\u00f3n con la identidad visual de la marca.<\/p>\n<p>Las ventas de la primera temporada de la l\u00ednea de productos aumentaron dr\u00e1sticamente en un 60 %. Esta fuerte reacci\u00f3n del mercado llev\u00f3 a la compa\u00f1\u00eda a adquirir 150\u00a0000 unidades y a lanzarla oficialmente a nivel mundial como l\u00ednea de productos permanente.<\/p>\n<h2>Sus opciones de personalizaci\u00f3n<\/h2>\n<ol>\n<li><strong>Personalizaci\u00f3n del material de la botella y del recubrimiento de color:<\/strong> Las opciones pueden ser esmerilado, pulverizado en degradado o acabado mate transl\u00facido, lo que ayudar\u00e1 a que la luz se refracte de forma m\u00e1s suave en el cuerpo c\u00f3nico de la botella y tambi\u00e9n dar\u00e1 m\u00e1s profundidad visual.<\/li>\n<li><strong>T\u00e9cnicas de identificaci\u00f3n de marca (Logo Branding):<\/strong> Gracias a la estabilidad garantizada por la base engrosada, se pueden utilizar grabados l\u00e1ser, seda, serigraf\u00eda o calcoman\u00edas de alta temperatura en el costado o el fondo de la botella para hacer del logotipo de la marca un \u00edcono visual elegante.<\/li>\n<li><strong>Opciones de medios difusores diversificados:<\/strong> Podr\u00e1s elegir el material y color de los difusores en l\u00ednea con el estilo de la marca, por ejemplo, utilizando varillas de fibra natural que son ecol\u00f3gicas, amigables o flores de madera de sola que est\u00e1n hechas a mano, siguiendo as\u00ed la tendencia del mercado ya sea de sustentabilidad o temas bot\u00e1nicos.<\/li>\n<\/ol>","protected":false},"excerpt":{"rendered":"<p>Elegantes botellas c\u00f3nicas con difusor de varillas, vac\u00edas y con base pesada. Este difusor y botella de varillas se pueden personalizar al por mayor y ofrecen env\u00edos r\u00e1pidos. \u00a1Consulte hoy mismo!<\/p>","protected":false},"featured_media":4727,"template":"","meta":{"postBodyCss":"","postBodyMargin":[],"postBodyPadding":[],"postBodyBackground":{"backgroundType":"classic","gradient":""}},"product_brand":[],"product_cat":[15,16,63],"product_tag":[],"class_list":{"0":"post-4717","1":"product","2":"type-product","3":"status-publish","4":"has-post-thumbnail","6":"product_cat-glass-containers","7":"product_cat-glass-bottles","8":"product_cat-reed-diffuser-bottles","10":"first","11":"instock","12":"shipping-taxable","13":"product-type-simple"},"jetpack_sharing_enabled":true,"_links":{"self":[{"href":"https:\/\/minghanggroup.com\/es\/wp-json\/wp\/v2\/product\/4717","targetHints":{"allow":["GET"]}}],"collection":[{"href":"https:\/\/minghanggroup.com\/es\/wp-json\/wp\/v2\/product"}],"about":[{"href":"https:\/\/minghanggroup.com\/es\/wp-json\/wp\/v2\/types\/product"}],"wp:featuredmedia":[{"embeddable":true,"href":"https:\/\/minghanggroup.com\/es\/wp-json\/wp\/v2\/media\/4727"}],"wp:attachment":[{"href":"https:\/\/minghanggroup.com\/es\/wp-json\/wp\/v2\/media?parent=4717"}],"wp:term":[{"taxonomy":"product_brand","embeddable":true,"href":"https:\/\/minghanggroup.com\/es\/wp-json\/wp\/v2\/product_brand?post=4717"},{"taxonomy":"product_cat","embeddable":true,"href":"https:\/\/minghanggroup.com\/es\/wp-json\/wp\/v2\/product_cat?post=4717"},{"taxonomy":"product_tag","embeddable":true,"href":"https:\/\/minghanggroup.com\/es\/wp-json\/wp\/v2\/product_tag?post=4717"}],"curies":[{"name":"wp","href":"https:\/\/api.w.org\/{rel}","templated":true}]}}