{"id":4716,"date":"2026-01-16T10:06:35","date_gmt":"2026-01-16T02:06:35","guid":{"rendered":"https:\/\/minghanggroup.com\/?post_type=product&#038;p=4716"},"modified":"2026-01-16T10:57:47","modified_gmt":"2026-01-16T02:57:47","slug":"empty-hexagonal-glass-perfume-diffuser-bottle-bulk","status":"publish","type":"product","link":"https:\/\/minghanggroup.com\/es\/producto\/empty-hexagonal-glass-perfume-diffuser-bottle-bulk\/","title":{"rendered":"Botella difusora de perfume de vidrio hexagonal vac\u00eda de 50 ml, 100 ml y 200 ml a granel"},"content":{"rendered":"<p>Este frasco difusor de perfume presenta un dise\u00f1o hexagonal \u00fanico y elegante. El cuello multiroscado asegura la parte superior, y los lados del frasco son planos y angulares.<\/p>\n<h2>Caracter\u00edsticas del producto<\/h2>\n<ul>\n<li><strong>Dise\u00f1o hexagonal simple:<\/strong> El corte hexagonal est\u00e1 dise\u00f1ado para darle una apariencia limpia y moderna y es f\u00e1cil de instalar.<\/li>\n<li><strong>Cuello multihilo:<\/strong> Este dise\u00f1o tiene un cuello roscado fuerte que garantiza un ajuste perfecto que evita fugas y un almacenamiento seguro.<\/li>\n<li><strong>Tres capacidades multifuncionales:<\/strong> Hay tres opciones de capacidad que se pueden utilizar para adaptarse a paquetes de muestras, uso personal o difusores de grandes espacios.<\/li>\n<\/ul>\n<h2 style=\"text-align: left;\">Especificaciones clave<\/h2>\n<table class=\"aligncenter\" style=\"border-collapse: collapse; width: 444.77pt;\" border=\"0\" width=\"593\" cellspacing=\"0\" cellpadding=\"0\">\n<tbody>\n<tr style=\"height: 13.50pt;\">\n<td style=\"height: 13.50pt; width: 119.25pt;\" width=\"159\" height=\"18\">Especificaci\u00f3n<\/td>\n<td style=\"width: 325.50pt;\" width=\"434\">Detalles<\/td>\n<\/tr>\n<tr style=\"height: 13.50pt;\">\n<td style=\"height: 13.50pt;\" height=\"18\">Capacidad<\/td>\n<td>50 ml \/ 100 ml \/ 200 ml<\/td>\n<\/tr>\n<tr style=\"height: 13.50pt;\">\n<td style=\"height: 13.50pt;\" height=\"18\">Dimensiones<\/td>\n<td>64\u00d770 mm \/ 78\u00d781 mm \/ 74\u00d794 mm<\/td>\n<\/tr>\n<tr style=\"height: 13.50pt;\">\n<td style=\"height: 13.50pt;\" height=\"18\">Di\u00e1metro interior\/exterior del cuello<\/td>\n<td>17 mm \/ 27 mm<\/td>\n<\/tr>\n<tr style=\"height: 13.50pt;\">\n<td style=\"height: 13.50pt;\" height=\"18\">Material<\/td>\n<td>Vidrio s\u00f3dico-c\u00e1lcico<\/td>\n<\/tr>\n<tr style=\"height: 13.50pt;\">\n<td style=\"height: 13.50pt;\" height=\"18\">Forma de la botella<\/td>\n<td>Prisma hexagonal<\/td>\n<\/tr>\n<tr style=\"height: 13.50pt;\">\n<td style=\"height: 13.50pt;\" height=\"18\">Alcance de personalizaci\u00f3n<\/td>\n<td>Color, acabado esmerilado, tama\u00f1o, forma<\/td>\n<\/tr>\n<tr style=\"height: 13.50pt;\">\n<td style=\"height: 13.50pt;\" height=\"18\">Artesan\u00eda<\/td>\n<td>Prensado de vidrio hexagonal, pulido de facetas y corte de roscas<\/td>\n<\/tr>\n<tr style=\"height: 13.50pt;\">\n<td style=\"height: 13.50pt;\" height=\"18\">Prop\u00f3sito del producto<\/td>\n<td>Difusor de botellas, recipientes decorativos para aceites arom\u00e1ticos<\/td>\n<\/tr>\n<tr style=\"height: 13.50pt;\">\n<td style=\"height: 13.50pt;\" height=\"18\">Industrias adecuadas<\/td>\n<td>Fragancias modernas para el hogar, cadenas hoteleras<\/td>\n<\/tr>\n<\/tbody>\n<\/table>\n<h2>Historia de \u00e9xito<\/h2>\n<p>La marca n\u00f3rdica de hogar eligi\u00f3 nuestro difusor en botella de 100 ml como su producto estrella. La est\u00e9tica de su marca se complementaba a la perfecci\u00f3n con la limpia estructura hexagonal, lo que se tradujo en un crecimiento del 40 % en las ventas en tienda durante el primer trimestre. Su cuello de 17 mm de di\u00e1metro interior est\u00e1ndar es compatible con todos sus proveedores de difusores de varillas, lo que supuso un ahorro del 15 % en los gastos generales de la cadena de suministro. La marca qued\u00f3 tan satisfecha con el producto que encarg\u00f3 una nueva producci\u00f3n de 300\u00a0000 botellas de los tres tama\u00f1os para facilitar la expansi\u00f3n de su negocio minorista a nivel nacional.<\/p>\n<h2>Personalizaci\u00f3n de los frascos difusores de perfume<\/h2>\n<ul>\n<li>Color del vidrio: Viene en transparente, ahumado, \u00e1mbar o gris suave para darle un aspecto minimalista.<\/li>\n<li>Corte biselado: se agrega un bisel a cada lado para atrapar y reflejar m\u00e1s luz.<\/li>\n<li>Grabado l\u00e1ser: grabe patrones de l\u00edneas simples, nombres de marcas o n\u00fameros en uno de los lados.<\/li>\n<li>Transparente vs. apagado: Puede ser en cristal ultra claro o en tonos suaves y apagados.<\/li>\n<\/ul>","protected":false},"excerpt":{"rendered":"<p>Difusor decorativo hexagonal de vidrio transparente. Este difusor de perfume es perfecto para marcas y ofrece muestras gratuitas previa solicitud.<\/p>","protected":false},"featured_media":4720,"template":"","meta":{"postBodyCss":"","postBodyMargin":[],"postBodyPadding":[],"postBodyBackground":{"backgroundType":"classic","gradient":""}},"product_brand":[],"product_cat":[15,16,63],"product_tag":[],"class_list":{"0":"post-4716","1":"product","2":"type-product","3":"status-publish","4":"has-post-thumbnail","6":"product_cat-glass-containers","7":"product_cat-glass-bottles","8":"product_cat-reed-diffuser-bottles","10":"first","11":"instock","12":"shipping-taxable","13":"product-type-simple"},"jetpack_sharing_enabled":true,"_links":{"self":[{"href":"https:\/\/minghanggroup.com\/es\/wp-json\/wp\/v2\/product\/4716","targetHints":{"allow":["GET"]}}],"collection":[{"href":"https:\/\/minghanggroup.com\/es\/wp-json\/wp\/v2\/product"}],"about":[{"href":"https:\/\/minghanggroup.com\/es\/wp-json\/wp\/v2\/types\/product"}],"wp:featuredmedia":[{"embeddable":true,"href":"https:\/\/minghanggroup.com\/es\/wp-json\/wp\/v2\/media\/4720"}],"wp:attachment":[{"href":"https:\/\/minghanggroup.com\/es\/wp-json\/wp\/v2\/media?parent=4716"}],"wp:term":[{"taxonomy":"product_brand","embeddable":true,"href":"https:\/\/minghanggroup.com\/es\/wp-json\/wp\/v2\/product_brand?post=4716"},{"taxonomy":"product_cat","embeddable":true,"href":"https:\/\/minghanggroup.com\/es\/wp-json\/wp\/v2\/product_cat?post=4716"},{"taxonomy":"product_tag","embeddable":true,"href":"https:\/\/minghanggroup.com\/es\/wp-json\/wp\/v2\/product_tag?post=4716"}],"curies":[{"name":"wp","href":"https:\/\/api.w.org\/{rel}","templated":true}]}}