{"id":4710,"date":"2026-01-16T09:08:33","date_gmt":"2026-01-16T01:08:33","guid":{"rendered":"https:\/\/minghanggroup.com\/?post_type=product&#038;p=4710"},"modified":"2026-01-16T11:10:47","modified_gmt":"2026-01-16T03:10:47","slug":"unique-reed-diffuser-bottles-with-petal-form-bulk","status":"publish","type":"product","link":"https:\/\/minghanggroup.com\/es\/producto\/unique-reed-diffuser-bottles-with-petal-form-bulk\/","title":{"rendered":"Botellas difusoras de varillas \u00fanicas de 200 ml con forma de p\u00e9talo a granel"},"content":{"rendered":"<p>Estos exclusivos difusores de varillas est\u00e1n hechos de vidrio s\u00f3dico-c\u00e1lcico transparente. Su forma de p\u00e9talos multicapa ofrece un toque fresco y vibrante, similar a una flor en flor.<\/p>\n<h2>Caracter\u00edsticas del producto<\/h2>\n<ul>\n<li><strong>Dise\u00f1o de p\u00e9talos multifac\u00e9ticos:<\/strong> El dise\u00f1o de p\u00e9talos multifac\u00e9ticos se aplica con l\u00edneas geom\u00e9tricas suaves que proporcionan una nueva apariencia y enriquecen el atractivo visual de la botella.<\/li>\n<li><strong>Vidrio s\u00f3dico-c\u00e1lcico duradero:<\/strong> El material de vidrio utilizado es de larga duraci\u00f3n y mantendr\u00e1 el dise\u00f1o exquisito del producto durante un per\u00edodo de tiempo y ofrecer\u00e1 una sensaci\u00f3n sustancial y estable.<\/li>\n<li><strong>Reflexi\u00f3n de luz multifac\u00e9tica:<\/strong> El dise\u00f1o biselado es suave y recoge la luz, lo que garantiza que la botella brille incluso cuando est\u00e1 vac\u00eda e incluye un cierto toque decorativo.<\/li>\n<\/ul>\n<h2 style=\"text-align: left;\">Especificaciones clave<\/h2>\n<table class=\"aligncenter\" style=\"border-collapse: collapse; width: 444.77pt;\" border=\"0\" width=\"593\" cellspacing=\"0\" cellpadding=\"0\">\n<tbody>\n<tr style=\"height: 13.50pt;\">\n<td style=\"height: 13.50pt; width: 119.25pt;\" width=\"159\" height=\"18\">Especificaci\u00f3n<\/td>\n<td style=\"width: 325.50pt;\" width=\"434\">Detalles<\/td>\n<\/tr>\n<tr style=\"height: 13.50pt;\">\n<td style=\"height: 13.50pt;\" height=\"18\">Capacidad<\/td>\n<td>200 ml<\/td>\n<\/tr>\n<tr style=\"height: 13.50pt;\">\n<td style=\"height: 13.50pt;\" height=\"18\">Dimensiones<\/td>\n<td>73\u00d792 mm<\/td>\n<\/tr>\n<tr style=\"height: 13.50pt;\">\n<td style=\"height: 13.50pt;\" height=\"18\">Di\u00e1metro interior\/exterior del cuello<\/td>\n<td>17 mm \/ 27 mm<\/td>\n<\/tr>\n<tr style=\"height: 13.50pt;\">\n<td style=\"height: 13.50pt;\" height=\"18\">Material<\/td>\n<td>Vidrio s\u00f3dico-c\u00e1lcico<\/td>\n<\/tr>\n<tr style=\"height: 13.50pt;\">\n<td style=\"height: 13.50pt;\" height=\"18\">Forma de la botella<\/td>\n<td>Forma de p\u00e9talo multifac\u00e9tico<\/td>\n<\/tr>\n<tr style=\"height: 13.50pt;\">\n<td style=\"height: 13.50pt;\" height=\"18\">Alcance de personalizaci\u00f3n<\/td>\n<td>Color, dise\u00f1o de facetas, tama\u00f1o<\/td>\n<\/tr>\n<tr style=\"height: 13.50pt;\">\n<td style=\"height: 13.50pt;\" height=\"18\">Artesan\u00eda<\/td>\n<td>Moldeo de vidrio multipanel, trabajo de costura de precisi\u00f3n<\/td>\n<\/tr>\n<tr style=\"height: 13.50pt;\">\n<td style=\"height: 13.50pt;\" height=\"18\">Prop\u00f3sito del producto<\/td>\n<td>Botellas difusoras de vidrio, botellas difusoras de varillas decorativas<\/td>\n<\/tr>\n<tr style=\"height: 13.50pt;\">\n<td style=\"height: 13.50pt;\" height=\"18\">Industrias adecuadas<\/td>\n<td>Decoraci\u00f3n del hogar boutique, florister\u00eda y marcas de estilo de vida<\/td>\n<\/tr>\n<\/tbody>\n<\/table>\n<h2>Historia de \u00e9xito: Marca de florister\u00eda y decoraci\u00f3n del hogar y un producto superventas<\/h2>\n<p>Nuestra botella difusora de vidrio de 200 ml fue seleccionada por una marca europea de fragancias para el hogar para envasar su producto. Su forma de p\u00e9talo fue un \u00e9xito inmediato, ideal para su tem\u00e1tica floral, y gener\u00f3 un 150 % m\u00e1s de interacci\u00f3n en internet. Su dise\u00f1o distintivo tambi\u00e9n le confiri\u00f3 un excelente reconocimiento de marca en los lineales, lo que impuls\u00f3 sus ventas a un crecimiento del 75 %. El rendimiento de las ventas y la perfecta adaptaci\u00f3n a la marca fueron tan satisfactorios para la empresa que realiz\u00f3 un nuevo pedido de 200\u00a0000 botellas para su l\u00ednea principal de productos.<\/p>\n<h2>Personalizaci\u00f3n \u00fanica de botellas difusoras de varillas<\/h2>\n<ul>\n<li>Colores del vidrio: Viene en transparente, rosa suave, verde claro o \u00e1mbar para parecerse a los colores de las flores.<\/li>\n<li>Variaciones del patr\u00f3n de faceta: agregue o elimine una cantidad de p\u00e9talos o altere la forma de los p\u00e9talos.<\/li>\n<li>Paneles decorativos de colores: Con vidrio de dos colores, solo una secci\u00f3n del panel de p\u00e9talos est\u00e1 coloreada.<\/li>\n<li>Grabado l\u00e1ser: Tambi\u00e9n se dibujan patrones texturizados en los paneles de p\u00e9talos para reforzar el tema bot\u00e1nico.<\/li>\n<\/ul>","protected":false},"excerpt":{"rendered":"<p>Con una forma floral facetada, estas exclusivas botellas difusoras de ca\u00f1a son una opci\u00f3n de botella difusora de vidrio de primera calidad con soporte OEM para necesidades de marca personalizadas.<\/p>","protected":false},"featured_media":4715,"template":"","meta":{"postBodyCss":"","postBodyMargin":[],"postBodyPadding":[],"postBodyBackground":{"backgroundType":"classic","gradient":""}},"product_brand":[],"product_cat":[15,16,63],"product_tag":[],"class_list":{"0":"post-4710","1":"product","2":"type-product","3":"status-publish","4":"has-post-thumbnail","6":"product_cat-glass-containers","7":"product_cat-glass-bottles","8":"product_cat-reed-diffuser-bottles","10":"first","11":"instock","12":"shipping-taxable","13":"product-type-simple"},"jetpack_sharing_enabled":true,"_links":{"self":[{"href":"https:\/\/minghanggroup.com\/es\/wp-json\/wp\/v2\/product\/4710","targetHints":{"allow":["GET"]}}],"collection":[{"href":"https:\/\/minghanggroup.com\/es\/wp-json\/wp\/v2\/product"}],"about":[{"href":"https:\/\/minghanggroup.com\/es\/wp-json\/wp\/v2\/types\/product"}],"wp:featuredmedia":[{"embeddable":true,"href":"https:\/\/minghanggroup.com\/es\/wp-json\/wp\/v2\/media\/4715"}],"wp:attachment":[{"href":"https:\/\/minghanggroup.com\/es\/wp-json\/wp\/v2\/media?parent=4710"}],"wp:term":[{"taxonomy":"product_brand","embeddable":true,"href":"https:\/\/minghanggroup.com\/es\/wp-json\/wp\/v2\/product_brand?post=4710"},{"taxonomy":"product_cat","embeddable":true,"href":"https:\/\/minghanggroup.com\/es\/wp-json\/wp\/v2\/product_cat?post=4710"},{"taxonomy":"product_tag","embeddable":true,"href":"https:\/\/minghanggroup.com\/es\/wp-json\/wp\/v2\/product_tag?post=4710"}],"curies":[{"name":"wp","href":"https:\/\/api.w.org\/{rel}","templated":true}]}}