{"id":4704,"date":"2026-01-15T16:15:18","date_gmt":"2026-01-15T08:15:18","guid":{"rendered":"https:\/\/minghanggroup.com\/?post_type=product&#038;p=4704"},"modified":"2026-01-15T16:15:19","modified_gmt":"2026-01-15T08:15:19","slug":"irregular-square-diffuser-bottles-empty-for-packaging-bulk","status":"publish","type":"product","link":"https:\/\/minghanggroup.com\/es\/producto\/irregular-square-diffuser-bottles-empty-for-packaging-bulk\/","title":{"rendered":"Botellas difusoras cuadradas irregulares de 100 ml y 200 ml vac\u00edas para envasado a granel"},"content":{"rendered":"<p>Tus difusores vac\u00edos no solo deben contener aroma, sino tambi\u00e9n iluminar tu hogar. Como especialistas en aromaterapia, fabricamos difusores de varillas de vidrio que convierten tu difusor de aceites esenciales en el latido silencioso de tu habitaci\u00f3n.<\/p>\n<h2>Caracter\u00edsticas del producto<\/h2>\n<ul>\n<li><strong>Dije irregular cuadrado plano:<\/strong> Elegante, actual, exclusivo y su difusor de fragancias para el hogar se convertir\u00e1 en un elemento de decoraci\u00f3n.<\/li>\n<li><strong>Claridad cristalina:<\/strong> Observe cada tono de aceites esenciales fragantes a trav\u00e9s de un vidrio transparente, sin filtros opacos.<\/li>\n<li><strong>Belleza del espacio negativo:<\/strong> Serigraf\u00eda, estampaci\u00f3n en caliente, etiquetado\u2026 sea lo que sea, el trabajo resalta sobre un fondo n\u00edtido.<\/li>\n<\/ul>\n<h2>Especificaciones clave<\/h2>\n<table style=\"border-collapse: collapse; width: 80%; margin-left: auto; margin-right: auto;\" border=\"0\" width=\"288\" cellspacing=\"0\" cellpadding=\"0\">\n<tbody>\n<tr style=\"height: 13.50pt;\">\n<td style=\"height: 13.5pt; width: 54pt; text-align: center;\" width=\"72\" height=\"18\">Tama\u00f1o (ml)<\/td>\n<td style=\"width: 54pt; text-align: center;\" width=\"72\">Dimensiones (mm)<\/td>\n<td style=\"width: 54pt; text-align: center;\" width=\"72\">Di\u00e1metro del cuello (mm)<\/td>\n<td style=\"width: 54pt; text-align: center;\" width=\"72\">Forma<\/td>\n<\/tr>\n<tr style=\"height: 13.50pt;\">\n<td style=\"height: 13.5pt; text-align: center;\" align=\"right\" height=\"18\">100<\/td>\n<td style=\"text-align: center;\">93 \u00d7 102<\/td>\n<td style=\"text-align: center;\">15\/26<\/td>\n<td class=\"et2\" style=\"text-align: center;\" rowspan=\"2\">Cuadrado plano irregular<\/td>\n<\/tr>\n<tr style=\"height: 13.50pt;\">\n<td style=\"height: 13.5pt; text-align: center;\" align=\"right\" height=\"18\">200<\/td>\n<td style=\"text-align: center;\">104 \u00d7 119<\/td>\n<td style=\"text-align: center;\">18\/31<\/td>\n<\/tr>\n<\/tbody>\n<\/table>\n<h2>Caso de \u00e9xito<\/h2>\n<p>Una empresa de fragancias para el hogar de alta gama se apropi\u00f3 de nuestras botellas de aromaterapia para el lanzamiento de su nueva colecci\u00f3n de fragancias y las adapt\u00f3. Inicialmente, personalizaron una botella rosa para reflejar la sofisticaci\u00f3n de los aceites esenciales, luego la combinaron con tiras de bamb\u00fa \u00fanicas y, finalmente, optaron por la serigraf\u00eda para grabar su logotipo en la botella.<\/p>\n<p>Al final, el embalaje renovado aument\u00f3 dr\u00e1sticamente la visibilidad del producto en los estantes, mejor\u00f3 la participaci\u00f3n del cliente y gener\u00f3 un aumento en las compras del 35%.<\/p>\n<h2>Sus opciones de personalizaci\u00f3n<\/h2>\n<ol>\n<li><strong>T\u00e9cnicas de marca:<\/strong> Estampe o graba el logotipo en el cuerpo o el hombro de la botella, que se puede combinar con seda, serigraf\u00eda para patrones finos o tipograf\u00eda.<\/li>\n<li><strong>Selecci\u00f3n de gorra y cuello:<\/strong> Combine la botella con collares de metal, madera o pl\u00e1stico mate en dorado, negro o colores personalizados para realzar la identidad de la marca.<\/li>\n<li><strong>Personalizaci\u00f3n de ca\u00f1as:<\/strong> Proporciona ca\u00f1as de rat\u00e1n natural, ca\u00f1as de fibra negra o ca\u00f1as de flores decorativas para combinar con diferentes estilos est\u00e9ticos.<\/li>\n<\/ol>","protected":false},"excerpt":{"rendered":"<p>Los frascos difusores vac\u00edos presentan un dise\u00f1o irregular y est\u00e1n fabricados en rat\u00e1n natural. Los frascos de aromaterapia se env\u00edan directamente de f\u00e1brica.<\/p>","protected":false},"featured_media":4708,"template":"","meta":{"postBodyCss":"","postBodyMargin":[],"postBodyPadding":[],"postBodyBackground":{"backgroundType":"classic","gradient":""}},"product_brand":[],"product_cat":[15,16,63],"product_tag":[],"class_list":{"0":"post-4704","1":"product","2":"type-product","3":"status-publish","4":"has-post-thumbnail","6":"product_cat-glass-containers","7":"product_cat-glass-bottles","8":"product_cat-reed-diffuser-bottles","10":"first","11":"instock","12":"shipping-taxable","13":"product-type-simple"},"jetpack_sharing_enabled":true,"_links":{"self":[{"href":"https:\/\/minghanggroup.com\/es\/wp-json\/wp\/v2\/product\/4704","targetHints":{"allow":["GET"]}}],"collection":[{"href":"https:\/\/minghanggroup.com\/es\/wp-json\/wp\/v2\/product"}],"about":[{"href":"https:\/\/minghanggroup.com\/es\/wp-json\/wp\/v2\/types\/product"}],"wp:featuredmedia":[{"embeddable":true,"href":"https:\/\/minghanggroup.com\/es\/wp-json\/wp\/v2\/media\/4708"}],"wp:attachment":[{"href":"https:\/\/minghanggroup.com\/es\/wp-json\/wp\/v2\/media?parent=4704"}],"wp:term":[{"taxonomy":"product_brand","embeddable":true,"href":"https:\/\/minghanggroup.com\/es\/wp-json\/wp\/v2\/product_brand?post=4704"},{"taxonomy":"product_cat","embeddable":true,"href":"https:\/\/minghanggroup.com\/es\/wp-json\/wp\/v2\/product_cat?post=4704"},{"taxonomy":"product_tag","embeddable":true,"href":"https:\/\/minghanggroup.com\/es\/wp-json\/wp\/v2\/product_tag?post=4704"}],"curies":[{"name":"wp","href":"https:\/\/api.w.org\/{rel}","templated":true}]}}