{"id":4695,"date":"2026-01-15T15:18:09","date_gmt":"2026-01-15T07:18:09","guid":{"rendered":"https:\/\/minghanggroup.com\/?post_type=product&#038;p=4695"},"modified":"2026-01-15T16:22:52","modified_gmt":"2026-01-15T08:22:52","slug":"glass-round-flat-reed-diffuser-bottles-bulk","status":"publish","type":"product","link":"https:\/\/minghanggroup.com\/es\/producto\/glass-round-flat-reed-diffuser-bottles-bulk\/","title":{"rendered":"Botellas difusoras de varillas de vidrio redondas y planas de 100 ml y 200 ml a granel"},"content":{"rendered":"<p>Tus difusores de varillas de vidrio no solo deben contener aroma, sino que tambi\u00e9n deben iluminar cada habitaci\u00f3n. Como fabricantes l\u00edderes de difusores de fragancias, creamos difusores de varillas de vidrio que convierten tu difusor de aceites esenciales en el latido silencioso de tu hogar.<\/p>\n<h2>Caracter\u00edsticas del producto<\/h2>\n<ul>\n<li><strong>Elegancia plana y redonda: <\/strong>Sofisticado, equilibrado y contempor\u00e1neo, tu difusor de ambiente se convierte en un elemento decorativo.<\/li>\n<li><strong>Perfecci\u00f3n de boca plana: <\/strong>Simplemente inserte la ca\u00f1a redonda o las varillas difusoras directamente hacia abajo, sin un ajuste inc\u00f3modo.<\/li>\n<li><strong>Potencia base estable: <\/strong>La base pesada evita que se mueva en las mesas de centro. El frasco difusor de vidrio se ve y se siente muy resistente y duradero.<\/li>\n<\/ul>\n<h2>Especificaciones clave<\/h2>\n<table style=\"border-collapse: collapse; width: 80%; margin-left: auto; margin-right: auto;\" border=\"0\" width=\"288\" cellspacing=\"0\" cellpadding=\"0\">\n<tbody>\n<tr style=\"height: 13.50pt;\">\n<td style=\"height: 13.5pt; width: 54pt; text-align: center;\" width=\"72\" height=\"18\">Tama\u00f1o (ml)<\/td>\n<td style=\"width: 54pt; text-align: center;\" width=\"72\">Dimensiones (mm)<\/td>\n<td style=\"width: 54pt; text-align: center;\" width=\"72\">Di\u00e1metro del cuello (mm)<\/td>\n<td style=\"width: 54pt; text-align: center;\" width=\"72\">Caracter\u00edstica clave<\/td>\n<\/tr>\n<tr style=\"height: 13.50pt;\">\n<td style=\"height: 13.5pt; text-align: center;\" align=\"right\" height=\"18\">100<\/td>\n<td style=\"text-align: center;\">85 \u00d7 94<\/td>\n<td style=\"text-align: center;\">14.4 \/ 25<\/td>\n<td class=\"et2\" style=\"text-align: center;\" rowspan=\"2\">Forma redonda plana<\/td>\n<\/tr>\n<tr style=\"height: 13.50pt;\">\n<td style=\"height: 13.5pt; text-align: center;\" align=\"right\" height=\"18\">200<\/td>\n<td style=\"text-align: center;\">103 \u00d7 117<\/td>\n<td style=\"text-align: center;\">18.5 \/ 30.7<\/td>\n<\/tr>\n<\/tbody>\n<\/table>\n<h2>Caso de \u00e9xito<\/h2>\n<p>Para presentar su nueva colecci\u00f3n de aromas, una marca de fragancias para el hogar decidi\u00f3 usar nuestros frascos redondos de vidrio con difusor de varillas y los personaliz\u00f3 con una suave textura esmerilada, un c\u00e1lido vidrio \u00e1mbar y el logotipo de la marca grabado en relieve en el hombro. Adem\u00e1s, elegantes ilustraciones serigrafiadas distinguieron los diferentes aromas de la gama.<\/p>\n<p>Finalmente, el nuevo empaque ayud\u00f3 a que el producto llamara la atenci\u00f3n en los expositores, lo que se tradujo en un aumento del 35 % en las ventas en los dos primeros meses tras su lanzamiento. Motivada por la respuesta positiva del mercado, la marca ha seguido realizando grandes pedidos en los trimestres posteriores.<\/p>\n<h2>Sus opciones de personalizaci\u00f3n<\/h2>\n<ol>\n<li><strong>Color de la gorra: <\/strong>Negro para terroso, plata para frescor: tu tap\u00f3n cuenta la historia.<\/li>\n<li><strong>Armon\u00eda de colores de la ca\u00f1a: <\/strong>Combine las varillas del difusor con el aroma (blancas para c\u00edtricos, marrones para amaderadas).<\/li>\n<li><strong>Galvanoplastia para el lujo: <\/strong>Agregue un acabado dorado o plateado y eleve el nivel del empaque del difusor de inmediato.<\/li>\n<\/ol>","protected":false},"excerpt":{"rendered":"<p>Botellas difusoras de vidrio con curvas suaves y acabado transparente. Suministro directo de f\u00e1brica, muestras gratuitas y soporte estable para la venta al por mayor de botellas difusoras de vidrio.<\/p>","protected":false},"featured_media":4703,"template":"","meta":{"postBodyCss":"","postBodyMargin":[],"postBodyPadding":[],"postBodyBackground":{"backgroundType":"classic","gradient":""}},"product_brand":[],"product_cat":[15,16,63],"product_tag":[],"class_list":{"0":"post-4695","1":"product","2":"type-product","3":"status-publish","4":"has-post-thumbnail","6":"product_cat-glass-containers","7":"product_cat-glass-bottles","8":"product_cat-reed-diffuser-bottles","10":"first","11":"instock","12":"shipping-taxable","13":"product-type-simple"},"jetpack_sharing_enabled":true,"_links":{"self":[{"href":"https:\/\/minghanggroup.com\/es\/wp-json\/wp\/v2\/product\/4695","targetHints":{"allow":["GET"]}}],"collection":[{"href":"https:\/\/minghanggroup.com\/es\/wp-json\/wp\/v2\/product"}],"about":[{"href":"https:\/\/minghanggroup.com\/es\/wp-json\/wp\/v2\/types\/product"}],"wp:featuredmedia":[{"embeddable":true,"href":"https:\/\/minghanggroup.com\/es\/wp-json\/wp\/v2\/media\/4703"}],"wp:attachment":[{"href":"https:\/\/minghanggroup.com\/es\/wp-json\/wp\/v2\/media?parent=4695"}],"wp:term":[{"taxonomy":"product_brand","embeddable":true,"href":"https:\/\/minghanggroup.com\/es\/wp-json\/wp\/v2\/product_brand?post=4695"},{"taxonomy":"product_cat","embeddable":true,"href":"https:\/\/minghanggroup.com\/es\/wp-json\/wp\/v2\/product_cat?post=4695"},{"taxonomy":"product_tag","embeddable":true,"href":"https:\/\/minghanggroup.com\/es\/wp-json\/wp\/v2\/product_tag?post=4695"}],"curies":[{"name":"wp","href":"https:\/\/api.w.org\/{rel}","templated":true}]}}