{"id":4694,"date":"2026-01-15T14:34:20","date_gmt":"2026-01-15T06:34:20","guid":{"rendered":"https:\/\/minghanggroup.com\/?post_type=product&#038;p=4694"},"modified":"2026-01-15T15:27:51","modified_gmt":"2026-01-15T07:27:51","slug":"empty-diffuser-glass-bottles-with-embossed-wholesale","status":"publish","type":"product","link":"https:\/\/minghanggroup.com\/es\/producto\/empty-diffuser-glass-bottles-with-embossed-wholesale\/","title":{"rendered":"Botellas de vidrio difusoras vac\u00edas de 200 ml con relieve al por mayor"},"content":{"rendered":"<p>Este frasco difusor de vidrio est\u00e1 hecho de vidrio grueso y transparente, con una distintiva forma esf\u00e9rica, plana y redondeada, elaborada con finas decoraciones de diamantes y relieves florales. Su elegante dise\u00f1o se ve realzado por su fino cuello.<\/p>\n<h2>Caracter\u00edsticas del producto<\/h2>\n<ul>\n<li><strong>Textura de relieve:<\/strong> El dise\u00f1o en relieve se crea en una forma tridimensional con la adici\u00f3n de patrones de diamantes y flores para aumentar su sensaci\u00f3n y agarre de lujo vintage.<\/li>\n<li><strong>Cuello delgado + base decorativa:<\/strong> Un cuello delgado permite colocar f\u00e1cilmente los tapones de rosca y los accesorios del difusor, y una base elegante le da estabilidad a la botella. Son dos aspectos totalmente opuestos en cuanto a practicidad y est\u00e9tica.<\/li>\n<li><strong>Material de vidrio grueso:<\/strong> El vidrio s\u00f3dico-c\u00e1lcico grueso tiene un tacto de alta calidad, dura mucho tiempo y es de alta calidad.<\/li>\n<\/ul>\n<h2 style=\"text-align: left;\">Especificaciones clave<\/h2>\n<table class=\"aligncenter\" style=\"border-collapse: collapse; width: 485.27pt;\" border=\"0\" width=\"647\" cellspacing=\"0\" cellpadding=\"0\">\n<tbody>\n<tr style=\"height: 13.50pt;\">\n<td style=\"height: 13.50pt; width: 155.25pt;\" width=\"207\" height=\"18\">Especificaci\u00f3n<\/td>\n<td style=\"width: 330.00pt;\" width=\"440\">Detalles<\/td>\n<\/tr>\n<tr style=\"height: 13.50pt;\">\n<td style=\"height: 13.50pt;\" height=\"18\">Capacidad<\/td>\n<td>200 ml<\/td>\n<\/tr>\n<tr style=\"height: 13.50pt;\">\n<td style=\"height: 13.50pt;\" height=\"18\">Dimensiones<\/td>\n<td>87\u00d7109 mm<\/td>\n<\/tr>\n<tr style=\"height: 13.50pt;\">\n<td style=\"height: 13.50pt;\" height=\"18\">Di\u00e1metro interior\/exterior del cuello<\/td>\n<td>18 mm \/ 27 mm<\/td>\n<\/tr>\n<tr style=\"height: 13.50pt;\">\n<td style=\"height: 13.50pt;\" height=\"18\">Material<\/td>\n<td>Vidrio s\u00f3dico-c\u00e1lcico<\/td>\n<\/tr>\n<tr style=\"height: 13.50pt;\">\n<td style=\"height: 13.50pt;\" height=\"18\">Forma de la botella<\/td>\n<td>Esfera oblata con base de pedestal<\/td>\n<\/tr>\n<tr style=\"height: 13.50pt;\">\n<td style=\"height: 13.50pt;\" height=\"18\">Alcance de personalizaci\u00f3n<\/td>\n<td>Color, detalle del patr\u00f3n, acabado (tintado, detalles esmerilados)<\/td>\n<\/tr>\n<tr style=\"height: 13.50pt;\">\n<td style=\"height: 13.50pt;\" height=\"18\">Artesan\u00eda<\/td>\n<td>Prensado\/moldeo de patrones complejos, conformaci\u00f3n de bases de pedestal<\/td>\n<\/tr>\n<tr style=\"height: 13.50pt;\">\n<td style=\"height: 13.50pt;\" height=\"18\">Prop\u00f3sito del producto<\/td>\n<td>Venta al por mayor de recipientes difusores, botellas difusoras de vidrio<\/td>\n<\/tr>\n<tr style=\"height: 13.50pt;\">\n<td style=\"height: 13.50pt;\" height=\"18\">Industrias adecuadas<\/td>\n<td>Fragancias de lujo para el hogar, art\u00edculos de tocador para hoteles y spas<\/td>\n<\/tr>\n<\/tbody>\n<\/table>\n<h2>Caso de \u00e9xito: Colecci\u00f3n exclusiva de un proveedor europeo de hoteles de lujo<\/h2>\n<p>Nuestra botella de vidrio difusor de 200 ml contaba con un difusor y un acabado de vidrio blanco lechoso a medida, encargado por uno de los hoteles europeos de cinco estrellas. El brillante dise\u00f1o acolchado de rombos tambi\u00e9n ofrece un asa antideslizante perfecta, lo que previene ca\u00eddas accidentales en un 99 %. La capacidad de 200 ml tambi\u00e9n ahorra un 25 % en costos operativos al minimizar el n\u00famero de recargas. Este aspecto lujoso tambi\u00e9n gener\u00f3 un 200 % de consultas de clientes sobre la botella de vidrio del difusor. Esto impresion\u00f3 al proveedor, que encarg\u00f3 otro suministro de 350\u00a0000 botellas con un contrato plurianual.<\/p>\n<h2>Opciones de personalizaci\u00f3n para difusores al por mayor<\/h2>\n<ul>\n<li>Alternancias de patrones: personalice dise\u00f1os de diamantes o flores con el escudo de armas o emblemas florales particulares de la marca.<\/li>\n<li>Decoraciones de vidrieras: Se utiliza vidrio de dos tonos, com\u00fanmente cuerpo transparente con fondo de color.<\/li>\n<li>Logotipo en relieve: deslice un peque\u00f1o logotipo en relieve en el dise\u00f1o decorativo.<\/li>\n<li>Acabado base met\u00e1lico: aplicar pintura base dorada, plateada o bronce.<\/li>\n<\/ul>","protected":false},"excerpt":{"rendered":"<p>Botella difusora de vidrio cl\u00e1sica con relieve floral y base estable, recipientes difusores art\u00edsticos al por mayor adecuados para conceptos de decoraci\u00f3n de alto nivel, muestras gratis.<\/p>","protected":false},"featured_media":4697,"template":"","meta":{"postBodyCss":"","postBodyMargin":[],"postBodyPadding":[],"postBodyBackground":{"backgroundType":"classic","gradient":""}},"product_brand":[],"product_cat":[15,16,63],"product_tag":[],"class_list":{"0":"post-4694","1":"product","2":"type-product","3":"status-publish","4":"has-post-thumbnail","6":"product_cat-glass-containers","7":"product_cat-glass-bottles","8":"product_cat-reed-diffuser-bottles","10":"first","11":"instock","12":"shipping-taxable","13":"product-type-simple"},"jetpack_sharing_enabled":true,"_links":{"self":[{"href":"https:\/\/minghanggroup.com\/es\/wp-json\/wp\/v2\/product\/4694","targetHints":{"allow":["GET"]}}],"collection":[{"href":"https:\/\/minghanggroup.com\/es\/wp-json\/wp\/v2\/product"}],"about":[{"href":"https:\/\/minghanggroup.com\/es\/wp-json\/wp\/v2\/types\/product"}],"wp:featuredmedia":[{"embeddable":true,"href":"https:\/\/minghanggroup.com\/es\/wp-json\/wp\/v2\/media\/4697"}],"wp:attachment":[{"href":"https:\/\/minghanggroup.com\/es\/wp-json\/wp\/v2\/media?parent=4694"}],"wp:term":[{"taxonomy":"product_brand","embeddable":true,"href":"https:\/\/minghanggroup.com\/es\/wp-json\/wp\/v2\/product_brand?post=4694"},{"taxonomy":"product_cat","embeddable":true,"href":"https:\/\/minghanggroup.com\/es\/wp-json\/wp\/v2\/product_cat?post=4694"},{"taxonomy":"product_tag","embeddable":true,"href":"https:\/\/minghanggroup.com\/es\/wp-json\/wp\/v2\/product_tag?post=4694"}],"curies":[{"name":"wp","href":"https:\/\/api.w.org\/{rel}","templated":true}]}}