{"id":4689,"date":"2026-01-15T13:41:24","date_gmt":"2026-01-15T05:41:24","guid":{"rendered":"https:\/\/minghanggroup.com\/?post_type=product&#038;p=4689"},"modified":"2026-01-15T14:33:32","modified_gmt":"2026-01-15T06:33:32","slug":"empty-reed-diffuser-containers-with-embossed-bulk","status":"publish","type":"product","link":"https:\/\/minghanggroup.com\/es\/producto\/empty-reed-diffuser-containers-with-embossed-bulk\/","title":{"rendered":"Recipientes vac\u00edos para difusor de varillas de 120 ml con relieve"},"content":{"rendered":"<p>Este difusor de varillas vac\u00edo le dar\u00e1 a cualquier espacio un aire antiguo. Su cuerpo cil\u00edndrico s\u00f3lido est\u00e1 hecho de vidrio transparente y decorado con un delicado patr\u00f3n floral en relieve.<\/p>\n<h2>Caracter\u00edsticas del producto<\/h2>\n<ul>\n<li><strong>Textura de flor tridimensional:<\/strong> La textura floral grabada en la botella no solo proporciona un aspecto vintage y rom\u00e1ntico gracias a los detalles, sino que tambi\u00e9n mejora el agarre.<\/li>\n<li><strong>Vidrio de alta transparencia:<\/strong> El vidrio totalmente transparente muestra claramente el color de los aceites esenciales y la textura le da profundidad y dimensi\u00f3n al vidrio cuando se expone a la luz, haci\u00e9ndolo sofisticado.<\/li>\n<li><strong>Cuerpo cil\u00edndrico cuadrado:<\/strong> El cuerpo cil\u00edndrico en cuclillas tiene estabilidad al sentarse y sus l\u00edneas suaves combinan con otros dise\u00f1os de la decoraci\u00f3n del hogar.<\/li>\n<\/ul>\n<h2 style=\"text-align: left;\">Especificaciones clave<\/h2>\n<table class=\"aligncenter\" style=\"border-collapse: collapse; width: 485.27pt;\" border=\"0\" width=\"647\" cellspacing=\"0\" cellpadding=\"0\">\n<tbody>\n<tr style=\"height: 13.50pt;\">\n<td style=\"height: 13.50pt; width: 155.25pt;\" width=\"207\" height=\"18\">Especificaci\u00f3n<\/td>\n<td style=\"width: 330.00pt;\" width=\"440\">Detalles<\/td>\n<\/tr>\n<tr style=\"height: 13.50pt;\">\n<td style=\"height: 13.50pt;\" height=\"18\">Capacidad<\/td>\n<td>120 ml<\/td>\n<\/tr>\n<tr style=\"height: 13.50pt;\">\n<td style=\"height: 13.50pt;\" height=\"18\">Dimensiones<\/td>\n<td>60\u00d785 mm<\/td>\n<\/tr>\n<tr style=\"height: 13.50pt;\">\n<td style=\"height: 13.50pt;\" height=\"18\">Di\u00e1metro interior\/exterior del cuello<\/td>\n<td>17 mm \/ 27 mm<\/td>\n<\/tr>\n<tr style=\"height: 13.50pt;\">\n<td style=\"height: 13.50pt;\" height=\"18\">Material<\/td>\n<td>Vidrio s\u00f3dico-c\u00e1lcico<\/td>\n<\/tr>\n<tr style=\"height: 13.50pt;\">\n<td style=\"height: 13.50pt;\" height=\"18\">Forma de la botella<\/td>\n<td>Cilindro con grabado floral 3D<\/td>\n<\/tr>\n<tr style=\"height: 13.50pt;\">\n<td style=\"height: 13.50pt;\" height=\"18\">Alcance de personalizaci\u00f3n<\/td>\n<td>Color, patr\u00f3n de grabado, acabado de la superficie (transparente, tintado)<\/td>\n<\/tr>\n<tr style=\"height: 13.50pt;\">\n<td style=\"height: 13.50pt;\" height=\"18\">Artesan\u00eda<\/td>\n<td>Grabado\/prensado de vidrio 3D, acabado de cuello<\/td>\n<\/tr>\n<tr style=\"height: 13.50pt;\">\n<td style=\"height: 13.50pt;\" height=\"18\">Prop\u00f3sito del producto<\/td>\n<td>Recipientes difusores, recipientes decorativos para aceites arom\u00e1ticos<\/td>\n<\/tr>\n<tr style=\"height: 13.50pt;\">\n<td style=\"height: 13.50pt;\" height=\"18\">Industrias adecuadas<\/td>\n<td>Fragancias para el hogar boutique, tiendas de regalos<\/td>\n<\/tr>\n<\/tbody>\n<\/table>\n<h2>Historia de \u00e9xito: L\u00ednea superventas de una marca de estilo rural brit\u00e1nico<\/h2>\n<p>Una de las marcas brit\u00e1nicas present\u00f3 una l\u00ednea de difusores florales de varillas. Era su botella preferida de 120 ml. Su hermoso grabado floral era un excelente dise\u00f1o que funcionaba como sello distintivo y gener\u00f3 un crecimiento del 300 % en las redes sociales. El cuello est\u00e1ndar de 17 mm permite usar todas las varillas de difusor comunes, lo que facilita su producci\u00f3n. Su robusta estructura garantiza una tasa de \u00e9xito de env\u00edo del 99,5 %. La respuesta de los clientes y las ventas fueron muy altas, y la marca ha realizado otro pedido de 250\u00a0000 botellas de sus colecciones principales y de temporada.<\/p>\n<h2>Elecci\u00f3n de personalizaci\u00f3n del contenedor difusor<\/h2>\n<ul>\n<li>Color del vidrio: Viene en vidrio transparente, verde suave, azul claro o \u00e1mbar para darle un aspecto vintage.<\/li>\n<li>Patr\u00f3n grabado personalizado: transforma patrones florales en dise\u00f1os herbales, geom\u00e9tricos y Art Nouveau.<\/li>\n<li>Logotipo en relieve: se puede imprimir ligeramente un peque\u00f1o logotipo en relieve sobre el patr\u00f3n grabado.<\/li>\n<li>Capa brillante o perlada: agregue una capa perlada ligera para tener un efecto brillante en la luz.<\/li>\n<\/ul>","protected":false},"excerpt":{"rendered":"<p>Difusor de varillas vac\u00edo de estilo vintage con motivos florales en relieve, recipientes difusores de alta claridad adecuados para uso en fragancias dom\u00e9sticas, muestras gratuitas disponibles.<\/p>","protected":false},"featured_media":4691,"template":"","meta":{"postBodyCss":"","postBodyMargin":[],"postBodyPadding":[],"postBodyBackground":{"backgroundType":"classic","gradient":""}},"product_brand":[],"product_cat":[15,16,63],"product_tag":[],"class_list":{"0":"post-4689","1":"product","2":"type-product","3":"status-publish","4":"has-post-thumbnail","6":"product_cat-glass-containers","7":"product_cat-glass-bottles","8":"product_cat-reed-diffuser-bottles","10":"first","11":"instock","12":"shipping-taxable","13":"product-type-simple"},"jetpack_sharing_enabled":true,"_links":{"self":[{"href":"https:\/\/minghanggroup.com\/es\/wp-json\/wp\/v2\/product\/4689","targetHints":{"allow":["GET"]}}],"collection":[{"href":"https:\/\/minghanggroup.com\/es\/wp-json\/wp\/v2\/product"}],"about":[{"href":"https:\/\/minghanggroup.com\/es\/wp-json\/wp\/v2\/types\/product"}],"wp:featuredmedia":[{"embeddable":true,"href":"https:\/\/minghanggroup.com\/es\/wp-json\/wp\/v2\/media\/4691"}],"wp:attachment":[{"href":"https:\/\/minghanggroup.com\/es\/wp-json\/wp\/v2\/media?parent=4689"}],"wp:term":[{"taxonomy":"product_brand","embeddable":true,"href":"https:\/\/minghanggroup.com\/es\/wp-json\/wp\/v2\/product_brand?post=4689"},{"taxonomy":"product_cat","embeddable":true,"href":"https:\/\/minghanggroup.com\/es\/wp-json\/wp\/v2\/product_cat?post=4689"},{"taxonomy":"product_tag","embeddable":true,"href":"https:\/\/minghanggroup.com\/es\/wp-json\/wp\/v2\/product_tag?post=4689"}],"curies":[{"name":"wp","href":"https:\/\/api.w.org\/{rel}","templated":true}]}}