{"id":4684,"date":"2026-01-15T13:23:21","date_gmt":"2026-01-15T05:23:21","guid":{"rendered":"https:\/\/minghanggroup.com\/?post_type=product&#038;p=4684"},"modified":"2026-01-15T13:41:53","modified_gmt":"2026-01-15T05:41:53","slug":"clear-empty-reed-diffuser-bottles-wholesale","status":"publish","type":"product","link":"https:\/\/minghanggroup.com\/es\/producto\/clear-empty-reed-diffuser-bottles-wholesale\/","title":{"rendered":"Botellas difusoras de varillas vac\u00edas transparentes de 120 ml y 200 ml al por mayor"},"content":{"rendered":"<p>Estas botellas difusoras de varillas, disponibles al por mayor, combinan a la perfecci\u00f3n estilo y funcionalidad. Est\u00e1n hechas de vidrio grueso y transparente, con l\u00edneas redondeadas, suaves y cuadradas, y el cuello cuenta con un dise\u00f1o de m\u00faltiples roscas que se ajusta perfectamente a la tapa del difusor.<\/p>\n<h2>Caracter\u00edsticas del producto<\/h2>\n<ul>\n<li><strong>Cuerpo rectangular:<\/strong> El dise\u00f1o es limpio y tiene la forma de un rect\u00e1ngulo que parece suave y es f\u00e1cil de mostrar.<\/li>\n<li><strong>Cuello roscado a prueba de fugas:<\/strong> El dise\u00f1o de m\u00faltiples hilos tendr\u00e1 un sello herm\u00e9tico y seguro, lo cual es esencial para almacenar las mercanc\u00edas de forma segura.<\/li>\n<li><strong>Doble capacidad:<\/strong> 120 ml en zonas m\u00e1s peque\u00f1as y 200 ml en zonas m\u00e1s grandes para tener una difusi\u00f3n duradera y suficiente de las fragancias.<\/li>\n<\/ul>\n<h2 style=\"text-align: left;\">Especificaciones clave<\/h2>\n<table class=\"aligncenter\" style=\"border-collapse: collapse; width: 465.02pt;\" border=\"0\" width=\"620\" cellspacing=\"0\" cellpadding=\"0\">\n<tbody>\n<tr style=\"height: 13.50pt;\">\n<td style=\"height: 13.50pt; width: 155.25pt;\" width=\"207\" height=\"18\">Especificaci\u00f3n<\/td>\n<td style=\"width: 309.75pt;\" width=\"413\">Detalles<\/td>\n<\/tr>\n<tr style=\"height: 13.50pt;\">\n<td style=\"height: 13.50pt;\" height=\"18\">Capacidad<\/td>\n<td>120 ml \/ 200 ml<\/td>\n<\/tr>\n<tr style=\"height: 13.50pt;\">\n<td style=\"height: 13.50pt;\" height=\"18\">Dimensiones<\/td>\n<td>90\u00d736\u00d796 mm \/ 96\u00d748\u00d7105 mm<\/td>\n<\/tr>\n<tr style=\"height: 13.50pt;\">\n<td style=\"height: 13.50pt;\" height=\"18\">Di\u00e1metro interior\/exterior del cuello<\/td>\n<td>17 mm \/ 27 mm<\/td>\n<\/tr>\n<tr style=\"height: 13.50pt;\">\n<td style=\"height: 13.50pt;\" height=\"18\">Material<\/td>\n<td>Vidrio de sodio y calcio<\/td>\n<\/tr>\n<tr style=\"height: 13.50pt;\">\n<td style=\"height: 13.50pt;\" height=\"18\">Forma de la botella<\/td>\n<td>Prisma rectangular<\/td>\n<\/tr>\n<tr style=\"height: 13.50pt;\">\n<td style=\"height: 13.50pt;\" height=\"18\">Alcance de personalizaci\u00f3n<\/td>\n<td>Color, acabado (esmerilado, transparente), tama\u00f1o<\/td>\n<\/tr>\n<tr style=\"height: 13.50pt;\">\n<td style=\"height: 13.50pt;\" height=\"18\">Artesan\u00eda<\/td>\n<td>Conformado rectangular de precisi\u00f3n, acabado de alto brillo<\/td>\n<\/tr>\n<tr style=\"height: 13.50pt;\">\n<td style=\"height: 13.50pt;\" height=\"18\">Prop\u00f3sito del producto<\/td>\n<td>Botellas difusoras de varillas al por mayor, cristaler\u00eda difusora<\/td>\n<\/tr>\n<tr style=\"height: 13.50pt;\">\n<td style=\"height: 13.50pt;\" height=\"18\">Industrias adecuadas<\/td>\n<td>Marcas de fragancias para el hogar, grupos hoteleros<\/td>\n<\/tr>\n<\/tbody>\n<\/table>\n<h2>Historia de \u00e9xito<\/h2>\n<p>Uno de los principales hoteles de Norteam\u00e9rica compr\u00f3 nuestros difusores de 200 ml al por mayor. Su imagen de marca se alineaba perfectamente con una forma rectangular minimalista, y el tama\u00f1o de 200 ml minimizaba el n\u00famero de recargas, ahorrando as\u00ed un 20 % en el coste de la limpieza de la habitaci\u00f3n. Sus mezclas personalizadas de aceites esenciales se presentaban claramente en el envase, lo que se tradujo en un crecimiento del 15 % en las ventas minoristas. La cadena hotelera tambi\u00e9n qued\u00f3 muy satisfecha y realiz\u00f3 un nuevo pedido de 1,2 millones de botellas para satisfacer sus necesidades de suministro en todos sus hoteles durante los pr\u00f3ximos tres a\u00f1os.<\/p>\n<h2>Botellas difusoras con modelos personalizados al por mayor<\/h2>\n<ul>\n<li>Tintado de Vidrios: el vidrio se puede te\u00f1ir en color transparente, gris suave o negro ahumado para lograr diversas atm\u00f3sferas.<\/li>\n<li>Tama\u00f1os personalizados: cambie ligeramente las proporciones de los tama\u00f1os y mantenga la forma como un rect\u00e1ngulo.<\/li>\n<li>Recubrimiento mate: agregue un recubrimiento suave al tacto o mate para tener una sensaci\u00f3n de alta calidad.<\/li>\n<li>Serigraf\u00eda: Imprima nombres de marcas o im\u00e1genes simples y bonitas con tinta cer\u00e1mica de larga duraci\u00f3n.<\/li>\n<\/ul>","protected":false},"excerpt":{"rendered":"<p>Botellas difusoras transparentes al por mayor hechas de cristal de primera calidad, botellas difusoras de ca\u00f1a ideales al por mayor para recargas y exhibici\u00f3n, env\u00edo r\u00e1pido a todo el mundo.<\/p>","protected":false},"featured_media":4685,"template":"","meta":{"postBodyCss":"","postBodyMargin":[],"postBodyPadding":[],"postBodyBackground":{"backgroundType":"classic","gradient":""}},"product_brand":[],"product_cat":[15,16,63],"product_tag":[],"class_list":{"0":"post-4684","1":"product","2":"type-product","3":"status-publish","4":"has-post-thumbnail","6":"product_cat-glass-containers","7":"product_cat-glass-bottles","8":"product_cat-reed-diffuser-bottles","10":"first","11":"instock","12":"shipping-taxable","13":"product-type-simple"},"jetpack_sharing_enabled":true,"_links":{"self":[{"href":"https:\/\/minghanggroup.com\/es\/wp-json\/wp\/v2\/product\/4684","targetHints":{"allow":["GET"]}}],"collection":[{"href":"https:\/\/minghanggroup.com\/es\/wp-json\/wp\/v2\/product"}],"about":[{"href":"https:\/\/minghanggroup.com\/es\/wp-json\/wp\/v2\/types\/product"}],"wp:featuredmedia":[{"embeddable":true,"href":"https:\/\/minghanggroup.com\/es\/wp-json\/wp\/v2\/media\/4685"}],"wp:attachment":[{"href":"https:\/\/minghanggroup.com\/es\/wp-json\/wp\/v2\/media?parent=4684"}],"wp:term":[{"taxonomy":"product_brand","embeddable":true,"href":"https:\/\/minghanggroup.com\/es\/wp-json\/wp\/v2\/product_brand?post=4684"},{"taxonomy":"product_cat","embeddable":true,"href":"https:\/\/minghanggroup.com\/es\/wp-json\/wp\/v2\/product_cat?post=4684"},{"taxonomy":"product_tag","embeddable":true,"href":"https:\/\/minghanggroup.com\/es\/wp-json\/wp\/v2\/product_tag?post=4684"}],"curies":[{"name":"wp","href":"https:\/\/api.w.org\/{rel}","templated":true}]}}