{"id":4678,"date":"2026-01-15T11:11:58","date_gmt":"2026-01-15T03:11:58","guid":{"rendered":"https:\/\/minghanggroup.com\/?post_type=product&#038;p=4678"},"modified":"2026-01-15T11:54:31","modified_gmt":"2026-01-15T03:54:31","slug":"empty-reed-diffuser-bottles-with-grooves-bulk","status":"publish","type":"product","link":"https:\/\/minghanggroup.com\/es\/producto\/empty-reed-diffuser-bottles-with-grooves-bulk\/","title":{"rendered":"Botellas difusoras de varillas vac\u00edas con ranuras (110 ml y 130 ml)"},"content":{"rendered":"<p>Este difusor de varillas tiene una forma cil\u00edndrica cl\u00e1sica que le otorga una estructura estable y s\u00f3lida. Una textura grabada se encuentra en el lado acanalado de la botella y la tapa multirosca, combinada con un tap\u00f3n, proporciona un cierre herm\u00e9tico.<\/p>\n<h2>Caracter\u00edsticas del producto<\/h2>\n<ul>\n<li><strong>Textura ranurada:<\/strong> La base del cuerpo cil\u00edndrico es muy gruesa y ancha, lo que ayuda a ofrecer una buena estabilidad, las ranuras horizontales le dan la sensaci\u00f3n de un aspecto antiguo y pueden ayudar en el agarre.<\/li>\n<li><strong>Vidrio decorativo transparente:<\/strong> El vidrio transparente es tan claro que resalta los aceites arom\u00e1ticos en la botella, enfatizando los detalles texturizados de la botella.<\/li>\n<li><strong>Tap\u00f3n multi-rosca:<\/strong> El dise\u00f1o roscado es especial, por lo que tiene un ajuste perfecto y no gotea, lo que es esencial para el almacenamiento seguro de aceites esenciales.<\/li>\n<\/ul>\n<h2 style=\"text-align: left;\">Especificaciones clave<\/h2>\n<table class=\"aligncenter\" style=\"border-collapse: collapse; width: 465.02pt;\" border=\"0\" width=\"620\" cellspacing=\"0\" cellpadding=\"0\">\n<tbody>\n<tr style=\"height: 13.50pt;\">\n<td style=\"height: 13.50pt; width: 155.25pt;\" width=\"207\" height=\"18\">Especificaci\u00f3n<\/td>\n<td style=\"width: 309.75pt;\" width=\"413\">Detalles<\/td>\n<\/tr>\n<tr style=\"height: 13.50pt;\">\n<td style=\"height: 13.50pt;\" height=\"18\">Capacidad<\/td>\n<td>110 ml \/ 130 ml<\/td>\n<\/tr>\n<tr style=\"height: 13.50pt;\">\n<td style=\"height: 13.50pt;\" height=\"18\">Dimensiones<\/td>\n<td>56\u00d796 mm \/ 58\u00d799 mm<\/td>\n<\/tr>\n<tr style=\"height: 13.50pt;\">\n<td style=\"height: 13.50pt;\" height=\"18\">Di\u00e1metro interior\/exterior del cuello<\/td>\n<td>17 mm \/ 27 mm<\/td>\n<\/tr>\n<tr style=\"height: 13.50pt;\">\n<td style=\"height: 13.50pt;\" height=\"18\">Material<\/td>\n<td>Vidrio de sodio y calcio<\/td>\n<\/tr>\n<tr style=\"height: 13.50pt;\">\n<td style=\"height: 13.50pt;\" height=\"18\">Forma de la botella<\/td>\n<td>Cilindro con ranuras<\/td>\n<\/tr>\n<tr style=\"height: 13.50pt;\">\n<td style=\"height: 13.50pt;\" height=\"18\">Alcance de personalizaci\u00f3n<\/td>\n<td>Color, patr\u00f3n de ranuras, acabado (esmerilado, brillante)<\/td>\n<\/tr>\n<tr style=\"height: 13.50pt;\">\n<td style=\"height: 13.50pt;\" height=\"18\">Artesan\u00eda<\/td>\n<td>Moldeo de vidrio ranurado, rosca de precisi\u00f3n de m\u00faltiples entradas<\/td>\n<\/tr>\n<tr style=\"height: 13.50pt;\">\n<td style=\"height: 13.50pt;\" height=\"18\">Prop\u00f3sito del producto<\/td>\n<td>Botellas difusoras vac\u00edas, recipientes decorativos para aceites<\/td>\n<\/tr>\n<tr style=\"height: 13.50pt;\">\n<td style=\"height: 13.50pt;\" height=\"18\">Industrias adecuadas<\/td>\n<td>Marcas de fragancias para el hogar, art\u00edculos de tocador para hoteles<\/td>\n<\/tr>\n<\/tbody>\n<\/table>\n<h2>Caso de \u00e9xito: La introducci\u00f3n de una Colecci\u00f3n Patrimonial de estilo Farmac\u00e9utico en Europa<\/h2>\n<p>Una de las marcas europeas de fragancias para el hogar eligi\u00f3 nuestros difusores de varillas vac\u00edos de 130 ml y dise\u00f1\u00f3 el cuerpo de vidrio \u00e1mbar y el corcho. La textura rugosa ofrece un excelente agarre antideslizante, lo que gener\u00f3 excelentes rese\u00f1as entre los clientes, como se observ\u00f3 en el 60 % de las rese\u00f1as. Su dise\u00f1o de estilo vintage les permiti\u00f3 entrar en el mercado de m\u00e1s de 200 tiendas de productos para el hogar de alta gama. La respuesta del mercado fue muy positiva, por lo que encarg\u00f3 500.000 botellas adicionales de su colecci\u00f3n principal y productos de temporada.<\/p>\n<h2>Personalizaci\u00f3n de Botellas Difusoras Vac\u00edas<\/h2>\n<ul>\n<li>Color\/Transparencia del vidrio: Viene en vidrio transparente, \u00e1mbar, gris ahumado o blanco opaco.<\/li>\n<li>Patr\u00f3n de ranuras personalizado: las ranuras horizontales se pueden modificar en t\u00e9rminos de ancho, profundidad o espaciado.<\/li>\n<li>Grabado l\u00e1ser: grabe entre las ranuras s\u00edmbolos de boticario, logotipos de marca o motivos bot\u00e1nicos.<\/li>\n<li>Tapones personalizados: tapones de materiales iguales, por ejemplo, madera envejecida, cer\u00e1mica o vidrio.<\/li>\n<\/ul>","protected":false},"excerpt":{"rendered":"<p>Elegantes botellas difusoras vac\u00edas ranuradas hechas de cristal transparente, botellas difusoras de varillas vac\u00edas ideales para rellenar y exhibir, muestras gratuitas disponibles.<\/p>","protected":false},"featured_media":4682,"template":"","meta":{"postBodyCss":"","postBodyMargin":[],"postBodyPadding":[],"postBodyBackground":{"backgroundType":"classic","gradient":""}},"product_brand":[],"product_cat":[15,16,63],"product_tag":[],"class_list":{"0":"post-4678","1":"product","2":"type-product","3":"status-publish","4":"has-post-thumbnail","6":"product_cat-glass-containers","7":"product_cat-glass-bottles","8":"product_cat-reed-diffuser-bottles","10":"first","11":"instock","12":"shipping-taxable","13":"product-type-simple"},"jetpack_sharing_enabled":true,"_links":{"self":[{"href":"https:\/\/minghanggroup.com\/es\/wp-json\/wp\/v2\/product\/4678","targetHints":{"allow":["GET"]}}],"collection":[{"href":"https:\/\/minghanggroup.com\/es\/wp-json\/wp\/v2\/product"}],"about":[{"href":"https:\/\/minghanggroup.com\/es\/wp-json\/wp\/v2\/types\/product"}],"wp:featuredmedia":[{"embeddable":true,"href":"https:\/\/minghanggroup.com\/es\/wp-json\/wp\/v2\/media\/4682"}],"wp:attachment":[{"href":"https:\/\/minghanggroup.com\/es\/wp-json\/wp\/v2\/media?parent=4678"}],"wp:term":[{"taxonomy":"product_brand","embeddable":true,"href":"https:\/\/minghanggroup.com\/es\/wp-json\/wp\/v2\/product_brand?post=4678"},{"taxonomy":"product_cat","embeddable":true,"href":"https:\/\/minghanggroup.com\/es\/wp-json\/wp\/v2\/product_cat?post=4678"},{"taxonomy":"product_tag","embeddable":true,"href":"https:\/\/minghanggroup.com\/es\/wp-json\/wp\/v2\/product_tag?post=4678"}],"curies":[{"name":"wp","href":"https:\/\/api.w.org\/{rel}","templated":true}]}}