{"id":4664,"date":"2026-01-15T10:29:57","date_gmt":"2026-01-15T02:29:57","guid":{"rendered":"https:\/\/minghanggroup.com\/?post_type=product&#038;p=4664"},"modified":"2026-01-15T10:29:59","modified_gmt":"2026-01-15T02:29:59","slug":"faceted-diffuser-bottles-and-reeds-for-packaging-bulk","status":"publish","type":"product","link":"https:\/\/minghanggroup.com\/es\/producto\/faceted-diffuser-bottles-and-reeds-for-packaging-bulk\/","title":{"rendered":"Botellas difusoras facetadas de 100 ml y 200 ml y varillas para envasado a granel"},"content":{"rendered":"<p>Tus difusores y varillas no solo deben contener aroma, sino que tambi\u00e9n deben iluminar cada habitaci\u00f3n. Como fabricantes l\u00edderes de difusores de fragancias, creamos difusores de vidrio que convierten tu difusor de aceites esenciales en el latido silencioso de tu hogar.<\/p>\n<h2>Caracter\u00edsticas del producto<\/h2>\n<ul>\n<li><strong>Charm de dise\u00f1o facetado:<\/strong> Su difusor de ambiente no solo ser\u00e1 redondo, resistente y \u00fanico y moderno, sino que tambi\u00e9n ser\u00e1 un elemento decorativo.<\/li>\n<li><strong>Diamante, corte m\u00e1gico de luz:<\/strong> Las facetas afiladas crean una dispersi\u00f3n de luz de moda vintage para la fragancia de su hogar.<\/li>\n<li><strong>Ca\u00f1a, m\u00e1stil listo:<\/strong> Puede insertar las nuevas varillas redondas de ca\u00f1a o difusor directamente sin ning\u00fan ajuste inc\u00f3modo.<\/li>\n<\/ul>\n<h2>Especificaciones clave<\/h2>\n<table style=\"border-collapse: collapse; width: 80%; margin-right: auto; margin-left: auto;\" border=\"0\" width=\"360\" cellspacing=\"0\" cellpadding=\"0\">\n<tbody>\n<tr style=\"height: 13.50pt;\">\n<td style=\"height: 13.5pt; width: 54pt; text-align: center;\" width=\"72\" height=\"18\">Tama\u00f1o (ml)<\/td>\n<td style=\"width: 54pt; text-align: center;\" width=\"72\">Dimensiones (mm)<\/td>\n<td style=\"width: 54pt; text-align: center;\" width=\"72\">Di\u00e1metro del cuello<\/td>\n<td style=\"width: 54pt; text-align: center;\" width=\"72\">Forma<\/td>\n<td style=\"width: 54pt; text-align: center;\" width=\"72\">Procesos disponibles<\/td>\n<\/tr>\n<tr style=\"height: 13.50pt;\">\n<td style=\"height: 13.5pt; text-align: center;\" height=\"18\">100<\/td>\n<td style=\"text-align: center;\">81 \u00d7 82<\/td>\n<td class=\"et2\" style=\"text-align: center;\" rowspan=\"2\">17,5\/26,8 mm<\/td>\n<td class=\"et2\" style=\"text-align: center;\" rowspan=\"2\">Calabaza<\/td>\n<td class=\"et2\" style=\"text-align: center;\" rowspan=\"2\">Galvanoplastia, pintura, corte, serigraf\u00eda, etc.<\/td>\n<\/tr>\n<tr style=\"height: 13.50pt;\">\n<td style=\"height: 13.5pt; text-align: center;\" height=\"18\">200<\/td>\n<td style=\"text-align: center;\">93 \u00d7 93<\/td>\n<\/tr>\n<\/tbody>\n<\/table>\n<h2>Caso de \u00e9xito<\/h2>\n<p>Una peque\u00f1a empresa de fragancias para el hogar que utiliza aceites esenciales naturales en sus difusores buscaba un empaque que reflejara mejor el aroma artesanal y lujoso de sus productos. Para el lanzamiento de una nueva l\u00ednea, eligieron nuestros frascos y varillas difusoras de vidrio, y personalizaron las botellas con un tono oro rosa, un logotipo en relieve sutil en el hombro y patrones bot\u00e1nicos decorativos serigrafiados en seda fina.<\/p>\n<p>Tras la adopci\u00f3n de este nuevo envase, la marca revel\u00f3 que, durante las pruebas en tiendas, el atractivo en los estantes aument\u00f3 un 35 % y el reconocimiento de marca entre los clientes recurrentes mejor\u00f3 significativamente. En consecuencia, los frascos de perfume se convirtieron en el envase habitual de su l\u00ednea principal de productos.<\/p>\n<h2>Sus opciones de personalizaci\u00f3n<\/h2>\n<ol>\n<li><strong>Personalizaci\u00f3n del color de la botella:<\/strong> Puede elegir entre vidrio transparente, \u00e1mbar, gris ahumado o degradado para complementar diferentes fragancias y estilos de decoraci\u00f3n del hogar.<\/li>\n<li><strong>Personalizaci\u00f3n del logotipo de la marca:<\/strong> Puede colocar su logotipo, un dise\u00f1o personalizado o texto en el cuerpo, el hombro o la base de las botellas del difusor de fragancia en estilo en relieve.<\/li>\n<li><strong>Opciones de gorra y accesorios:<\/strong> Elija entre una amplia gama de tapas, incluidas tapas de madera, tapas de metal galvanizado y tapas de pl\u00e1stico mate, y comb\u00ednelas con barras de aroma de varios materiales y colores.<\/li>\n<\/ol>","protected":false},"excerpt":{"rendered":"<p>Botellas difusoras de vidrio y varillas con dise\u00f1o facetado. Suministro directo de f\u00e1brica por especialistas en botellas difusoras de fragancias. Personalizaci\u00f3n al por mayor disponible.<\/p>","protected":false},"featured_media":4668,"template":"","meta":{"postBodyCss":"","postBodyMargin":[],"postBodyPadding":[],"postBodyBackground":{"backgroundType":"classic","gradient":""}},"product_brand":[],"product_cat":[15,16,63],"product_tag":[],"class_list":{"0":"post-4664","1":"product","2":"type-product","3":"status-publish","4":"has-post-thumbnail","6":"product_cat-glass-containers","7":"product_cat-glass-bottles","8":"product_cat-reed-diffuser-bottles","10":"first","11":"instock","12":"shipping-taxable","13":"product-type-simple"},"jetpack_sharing_enabled":true,"_links":{"self":[{"href":"https:\/\/minghanggroup.com\/es\/wp-json\/wp\/v2\/product\/4664","targetHints":{"allow":["GET"]}}],"collection":[{"href":"https:\/\/minghanggroup.com\/es\/wp-json\/wp\/v2\/product"}],"about":[{"href":"https:\/\/minghanggroup.com\/es\/wp-json\/wp\/v2\/types\/product"}],"wp:featuredmedia":[{"embeddable":true,"href":"https:\/\/minghanggroup.com\/es\/wp-json\/wp\/v2\/media\/4668"}],"wp:attachment":[{"href":"https:\/\/minghanggroup.com\/es\/wp-json\/wp\/v2\/media?parent=4664"}],"wp:term":[{"taxonomy":"product_brand","embeddable":true,"href":"https:\/\/minghanggroup.com\/es\/wp-json\/wp\/v2\/product_brand?post=4664"},{"taxonomy":"product_cat","embeddable":true,"href":"https:\/\/minghanggroup.com\/es\/wp-json\/wp\/v2\/product_cat?post=4664"},{"taxonomy":"product_tag","embeddable":true,"href":"https:\/\/minghanggroup.com\/es\/wp-json\/wp\/v2\/product_tag?post=4664"}],"curies":[{"name":"wp","href":"https:\/\/api.w.org\/{rel}","templated":true}]}}