{"id":4663,"date":"2026-01-15T09:13:16","date_gmt":"2026-01-15T01:13:16","guid":{"rendered":"https:\/\/minghanggroup.com\/?post_type=product&#038;p=4663"},"modified":"2026-01-15T11:07:08","modified_gmt":"2026-01-15T03:07:08","slug":"square-empty-reed-diffuser-glass-bottles-bulk","status":"publish","type":"product","link":"https:\/\/minghanggroup.com\/es\/producto\/square-empty-reed-diffuser-glass-bottles-bulk\/","title":{"rendered":"Botellas de vidrio vac\u00edas cuadradas para difusor de varillas de 100 ml a granel"},"content":{"rendered":"<p>Estos frascos difusores de varillas est\u00e1n hechos de vidrio transparente. Su forma rectangular, marcadamente angulosa, refleja a la perfecci\u00f3n la fragancia de los aceites esenciales que contienen.<\/p>\n<h2>Caracter\u00edsticas del producto<\/h2>\n<ul>\n<li><strong>Rect\u00e1ngulo geom\u00e9trico minimalista:<\/strong> La figura rectangular de \u00e1ngulo agudo produce un efecto visual moderno y sofisticado.<\/li>\n<li><strong>Botella cristalina:<\/strong> Todo el vidrio es totalmente transparente y muestra claramente el color de los aceites esenciales, y la refracci\u00f3n de la luz resalta a\u00fan m\u00e1s la textura transparente de los aceites, que forma mejor una mezcla de notas de fragancia.<\/li>\n<li><strong>Gran capacidad:<\/strong> El tama\u00f1o grande de 100 ml tambi\u00e9n es bueno y puede durar mucho tiempo en habitaciones normales.<\/li>\n<\/ul>\n<h2 style=\"text-align: left;\">Especificaciones clave<\/h2>\n<table class=\"aligncenter\" style=\"border-collapse: collapse; width: 480.77pt;\" border=\"0\" width=\"641\" cellspacing=\"0\" cellpadding=\"0\">\n<tbody>\n<tr style=\"height: 13.50pt;\">\n<td style=\"height: 13.50pt; width: 155.25pt;\" width=\"207\" height=\"18\">Especificaci\u00f3n<\/td>\n<td style=\"width: 325.50pt;\" width=\"434\">Detalles<\/td>\n<\/tr>\n<tr style=\"height: 13.50pt;\">\n<td style=\"height: 13.50pt;\" height=\"18\">Capacidad<\/td>\n<td>100 ml<\/td>\n<\/tr>\n<tr style=\"height: 13.50pt;\">\n<td style=\"height: 13.50pt;\" height=\"18\">Dimensiones<\/td>\n<td>89\u00d736\u00d796 mm<\/td>\n<\/tr>\n<tr style=\"height: 13.50pt;\">\n<td style=\"height: 13.50pt;\" height=\"18\">Di\u00e1metro interior\/exterior del cuello<\/td>\n<td>19 mm \/ 31 mm<\/td>\n<\/tr>\n<tr style=\"height: 13.50pt;\">\n<td style=\"height: 13.50pt;\" height=\"18\">Material<\/td>\n<td>Vidrio de sodio y calcio<\/td>\n<\/tr>\n<tr style=\"height: 13.50pt;\">\n<td style=\"height: 13.50pt;\" height=\"18\">Forma de la botella<\/td>\n<td>Prisma rectangular<\/td>\n<\/tr>\n<tr style=\"height: 13.50pt;\">\n<td style=\"height: 13.50pt;\" height=\"18\">Alcance de personalizaci\u00f3n<\/td>\n<td>Forma, tama\u00f1o, color, acabado (mate, esmerilado, brillante)<\/td>\n<\/tr>\n<tr style=\"height: 13.50pt;\">\n<td style=\"height: 13.50pt;\" height=\"18\">Artesan\u00eda<\/td>\n<td>Conformado de vidrio rectangular de precisi\u00f3n, bordes pulidos<\/td>\n<\/tr>\n<tr style=\"height: 13.50pt;\">\n<td style=\"height: 13.50pt;\" height=\"18\">Prop\u00f3sito del producto<\/td>\n<td>Difusores de varillas, botellas de vidrio y recipientes para aceites arom\u00e1ticos<\/td>\n<\/tr>\n<tr style=\"height: 13.50pt;\">\n<td style=\"height: 13.50pt;\" height=\"18\">Industrias adecuadas<\/td>\n<td>Marcas de fragancias para el hogar, dise\u00f1o de interiores, hoteles y spas<\/td>\n<\/tr>\n<\/tbody>\n<\/table>\n<h2>Caso de \u00e9xito: Producto principal de la marca Home Living, Toronto<\/h2>\n<p>Una marca canadiense de art\u00edculos para el hogar present\u00f3 su propia marca de difusores de varillas naturales. Eligieron nuestros frascos difusores de vidrio de 100 ml como producto principal. Su marca se hizo conocida por su sencilla forma rectangular, con un 90% de reconocimiento en las tiendas asociadas. El dise\u00f1o era minimalista, lo que se tradujo en un crecimiento del 250% en las publicaciones compartidas del producto en redes sociales al usarlo en im\u00e1genes de decoraci\u00f3n. La marca qued\u00f3 muy satisfecha con el rendimiento y la comercializaci\u00f3n del producto, por lo que encarg\u00f3 400.000 unidades como complemento a su distribuci\u00f3n nacional y a la nueva colecci\u00f3n de temporada.<\/p>\n<h2>Personalizaci\u00f3n de botellas difusoras de vidrio<\/h2>\n<ul>\n<li>Colores y tonos del vidrio: El vidrio puede ser de cuatro colores: transparente, gris suave, \u00e1mbar o verde bosque.<\/li>\n<li>Grabado l\u00e1ser: una de las formas de hacerlo es cortar con l\u00e1ser un peque\u00f1o logotipo, dise\u00f1o o nombre en la superficie plana del vidrio.<\/li>\n<li>Tapones personalizados: Los tapones personalizados est\u00e1n disponibles con tapones que combinan con los del recipiente, por ejemplo, madera natural, corcho o metal mate.<\/li>\n<li>Serigraf\u00eda: Tinta cer\u00e1mica e impresi\u00f3n de un logotipo de marca bonito y limpio o un borde.<\/li>\n<\/ul>","protected":false},"excerpt":{"rendered":"<p>Botellas difusoras de vidrio rectangulares transparentes elaboradas en vidrio de alta claridad, adecuadas como botellas difusoras de vidrio para interiores modernos, se ofrecen precios al por mayor.<\/p>","protected":false},"featured_media":4671,"template":"","meta":{"postBodyCss":"","postBodyMargin":[],"postBodyPadding":[],"postBodyBackground":{"backgroundType":"classic","gradient":""}},"product_brand":[],"product_cat":[15,16,63],"product_tag":[],"class_list":{"0":"post-4663","1":"product","2":"type-product","3":"status-publish","4":"has-post-thumbnail","6":"product_cat-glass-containers","7":"product_cat-glass-bottles","8":"product_cat-reed-diffuser-bottles","10":"first","11":"instock","12":"shipping-taxable","13":"product-type-simple"},"jetpack_sharing_enabled":true,"_links":{"self":[{"href":"https:\/\/minghanggroup.com\/es\/wp-json\/wp\/v2\/product\/4663","targetHints":{"allow":["GET"]}}],"collection":[{"href":"https:\/\/minghanggroup.com\/es\/wp-json\/wp\/v2\/product"}],"about":[{"href":"https:\/\/minghanggroup.com\/es\/wp-json\/wp\/v2\/types\/product"}],"wp:featuredmedia":[{"embeddable":true,"href":"https:\/\/minghanggroup.com\/es\/wp-json\/wp\/v2\/media\/4671"}],"wp:attachment":[{"href":"https:\/\/minghanggroup.com\/es\/wp-json\/wp\/v2\/media?parent=4663"}],"wp:term":[{"taxonomy":"product_brand","embeddable":true,"href":"https:\/\/minghanggroup.com\/es\/wp-json\/wp\/v2\/product_brand?post=4663"},{"taxonomy":"product_cat","embeddable":true,"href":"https:\/\/minghanggroup.com\/es\/wp-json\/wp\/v2\/product_cat?post=4663"},{"taxonomy":"product_tag","embeddable":true,"href":"https:\/\/minghanggroup.com\/es\/wp-json\/wp\/v2\/product_tag?post=4663"}],"curies":[{"name":"wp","href":"https:\/\/api.w.org\/{rel}","templated":true}]}}