{"id":4653,"date":"2026-01-14T16:37:14","date_gmt":"2026-01-14T08:37:14","guid":{"rendered":"https:\/\/minghanggroup.com\/?post_type=product&#038;p=4653"},"modified":"2026-01-14T16:37:16","modified_gmt":"2026-01-14T08:37:16","slug":"diamond-texture-clear-reed-diffuser-bottles-bulk","status":"publish","type":"product","link":"https:\/\/minghanggroup.com\/es\/producto\/diamond-texture-clear-reed-diffuser-bottles-bulk\/","title":{"rendered":"Botellas difusoras de varillas transparentes con textura de diamante de 100 ml y 200 ml a granel"},"content":{"rendered":"<p>Tus difusores no solo deben contener aroma, sino que tambi\u00e9n deben iluminar cada rinc\u00f3n. Como fabricantes de fragancias, creamos difusores de vidrio que convierten tu difusor de aceites esenciales en la estrella silenciosa de tu hogar.<\/p>\n<h2>Caracter\u00edsticas del producto<\/h2>\n<ul>\n<li><strong>Diamante, corte ligero, juego:<\/strong>Facetas afiladas que captan y dispersan la luz: lujo vintage para el difusor de tu habitaci\u00f3n.<\/li>\n<li><strong>Forma de bola estable:<\/strong>La esfera es tan perfecta que es imposible que se tambalee en los estantes. Su difusor de varillas de vidrio ofrece una sensaci\u00f3n s\u00f3lida y lujosa.<\/li>\n<li><strong>Reed, Dise\u00f1o Listo:<\/strong>Coloque las ca\u00f1as redondas o los difusores directamente en el m\u00e1stil, evitando as\u00ed un ajuste inc\u00f3modo.<\/li>\n<\/ul>\n<h2>Especificaciones clave<\/h2>\n<table style=\"border-collapse: collapse; width: 80%; margin-left: auto; margin-right: auto;\" border=\"0\" width=\"288\" cellspacing=\"0\" cellpadding=\"0\">\n<tbody>\n<tr style=\"height: 13.50pt;\">\n<td style=\"height: 13.5pt; width: 54pt; text-align: center;\" width=\"72\" height=\"18\">Tama\u00f1o (ml)<\/td>\n<td style=\"width: 54pt; text-align: center;\" width=\"72\">Dimensiones (mm)<\/td>\n<td style=\"width: 54pt; text-align: center;\" width=\"72\">Caracter\u00edstica clave<\/td>\n<td style=\"width: 54pt; text-align: center;\" width=\"72\">Opciones de color<\/td>\n<\/tr>\n<tr style=\"height: 13.50pt;\">\n<td style=\"height: 13.5pt; text-align: center;\" align=\"right\" height=\"18\">100<\/td>\n<td style=\"text-align: center;\">70 \u00d7 84<\/td>\n<td class=\"et2\" style=\"text-align: center;\" rowspan=\"2\">Facetas talladas con diamantes<\/td>\n<td class=\"et2\" style=\"text-align: center;\" rowspan=\"2\">Claro o personalizado<\/td>\n<\/tr>\n<tr style=\"height: 13.50pt;\">\n<td style=\"height: 13.5pt; text-align: center;\" align=\"right\" height=\"18\">200<\/td>\n<td style=\"text-align: center;\">85 \u00d7 97<\/td>\n<\/tr>\n<\/tbody>\n<\/table>\n<h2>Caso de \u00e9xito<\/h2>\n<p>Una marca que vende fragancias para el hogar y productos de estilo de vida nos eligi\u00f3 para lanzar un difusor de 200 ml para su gama de difusores de varillas de lujo. El cliente opt\u00f3 por un cuello met\u00e1lico y varillas oscuras para aumentar la calidad y la durabilidad del producto en el efecto final. Adem\u00e1s, eligieron un color rosa claro para crear un ambiente m\u00e1s acogedor. Tras su lanzamiento, la l\u00ednea de fragancias fue un gran \u00e9xito en las tiendas de regalos y decoraci\u00f3n, y las ventas aumentaron aproximadamente un 25 % durante el primer trimestre, lo que impuls\u00f3 significativamente la marca en el mercado de fragancias para el hogar de gama media y alta.<\/p>\n<h2>Sus opciones de personalizaci\u00f3n<\/h2>\n<ol>\n<li><strong>Selecci\u00f3n del material del cuello y la tapa de la botella:<\/strong> Se encuentran disponibles cuellos de botella personalizables de metal galvanizado, metal mate, madera o apariencia de madera para transmitir estilos de lujo modernos, naturales o discretos.<\/li>\n<li><strong>Tipo de ca\u00f1a y combinaci\u00f3n de colores:<\/strong> El rat\u00e1n natural, el rat\u00e1n de fibra o el rat\u00e1n plano est\u00e1n disponibles en colores negro, marr\u00f3n oscuro o natural para controlar la velocidad de difusi\u00f3n y el estilo visual.<\/li>\n<li><strong>Color del vidrio y tratamiento de superficie:<\/strong> Se encuentran disponibles acabados personalizables en gris ahumado claro, \u00e1mbar o color aerosol interno en vidrio transparente, lo que equilibra el atractivo decorativo con la protecci\u00f3n del l\u00edquido de fragancia.<\/li>\n<\/ol>","protected":false},"excerpt":{"rendered":"<p>Botellas difusoras dise\u00f1adas como difusores de varillas transparentes para marcas de fragancias para el hogar. Suministro directo de f\u00e1brica con personalizaci\u00f3n al por mayor y env\u00edo r\u00e1pido.<\/p>","protected":false},"featured_media":4657,"template":"","meta":{"postBodyCss":"","postBodyMargin":[],"postBodyPadding":[],"postBodyBackground":{"backgroundType":"classic","gradient":""}},"product_brand":[],"product_cat":[16,15,63],"product_tag":[],"class_list":{"0":"post-4653","1":"product","2":"type-product","3":"status-publish","4":"has-post-thumbnail","6":"product_cat-glass-bottles","7":"product_cat-glass-containers","8":"product_cat-reed-diffuser-bottles","10":"first","11":"instock","12":"shipping-taxable","13":"product-type-simple"},"jetpack_sharing_enabled":true,"_links":{"self":[{"href":"https:\/\/minghanggroup.com\/es\/wp-json\/wp\/v2\/product\/4653","targetHints":{"allow":["GET"]}}],"collection":[{"href":"https:\/\/minghanggroup.com\/es\/wp-json\/wp\/v2\/product"}],"about":[{"href":"https:\/\/minghanggroup.com\/es\/wp-json\/wp\/v2\/types\/product"}],"wp:featuredmedia":[{"embeddable":true,"href":"https:\/\/minghanggroup.com\/es\/wp-json\/wp\/v2\/media\/4657"}],"wp:attachment":[{"href":"https:\/\/minghanggroup.com\/es\/wp-json\/wp\/v2\/media?parent=4653"}],"wp:term":[{"taxonomy":"product_brand","embeddable":true,"href":"https:\/\/minghanggroup.com\/es\/wp-json\/wp\/v2\/product_brand?post=4653"},{"taxonomy":"product_cat","embeddable":true,"href":"https:\/\/minghanggroup.com\/es\/wp-json\/wp\/v2\/product_cat?post=4653"},{"taxonomy":"product_tag","embeddable":true,"href":"https:\/\/minghanggroup.com\/es\/wp-json\/wp\/v2\/product_tag?post=4653"}],"curies":[{"name":"wp","href":"https:\/\/api.w.org\/{rel}","templated":true}]}}