{"id":4651,"date":"2026-01-14T15:16:13","date_gmt":"2026-01-14T07:16:13","guid":{"rendered":"https:\/\/minghanggroup.com\/?post_type=product&#038;p=4651"},"modified":"2026-01-14T16:33:45","modified_gmt":"2026-01-14T08:33:45","slug":"round-diffuser-glassware-with-spiral-texture-design-bulk","status":"publish","type":"product","link":"https:\/\/minghanggroup.com\/es\/producto\/round-diffuser-glassware-with-spiral-texture-design-bulk\/","title":{"rendered":"Difusor redondo de cristal con textura en espiral (100 ml y 250 ml)"},"content":{"rendered":"<p>Este difusor de cristal transparente est\u00e1 dise\u00f1ado en un recipiente de vidrio. Los patrones fluidos de formas espirales, tallados en el cuerpo esf\u00e9rico liso, brillan y centellean bajo la luz.<\/p>\n<h2>Caracter\u00edsticas del producto<\/h2>\n<ul>\n<li><strong>Textura en espiral:<\/strong> La textura en espiral de la botella no solo hace que sea m\u00e1s f\u00e1cil sostenerla, sino que tambi\u00e9n le proporciona m\u00faltiples niveles de textura visual, debido a la refracci\u00f3n de la luz, y la hace a\u00fan m\u00e1s art\u00edstica.<\/li>\n<li><strong>Dise\u00f1o esf\u00e9rico:<\/strong> La superficie redonda y lisa de la base es una est\u00e9tica suave que garantiza un posicionamiento estable sobre las mesas y se adapta a la mayor\u00eda de los estilos de decoraci\u00f3n del hogar.<\/li>\n<li><strong>Material de cristal transparente:<\/strong> El vidrio totalmente transparente presenta claramente el color de los aceites esenciales de aromaterapia sobre la textura cristalina del vidrio y su brillo, d\u00e1ndole un toque de clase elegante.<\/li>\n<\/ul>\n<h2 style=\"text-align: left;\">Especificaciones clave<\/h2>\n<table class=\"aligncenter\" style=\"border-collapse: collapse; width: 493.52pt;\" border=\"0\" width=\"658\" cellspacing=\"0\" cellpadding=\"0\">\n<tbody>\n<tr style=\"height: 13.50pt;\">\n<td style=\"height: 13.50pt; width: 111.75pt;\" width=\"149\" height=\"18\">Especificaci\u00f3n<\/td>\n<td style=\"width: 381.75pt;\" width=\"509\">Detalles<\/td>\n<\/tr>\n<tr style=\"height: 13.50pt;\">\n<td style=\"height: 13.50pt;\" height=\"18\">Capacidad<\/td>\n<td>100 ml \/ 250 ml<\/td>\n<\/tr>\n<tr style=\"height: 13.50pt;\">\n<td style=\"height: 13.50pt;\" height=\"18\">Dimensiones<\/td>\n<td>71,3 \u00d7 84,2 mm \/ 91,1 \u00d7 103,7 mm<\/td>\n<\/tr>\n<tr style=\"height: 13.50pt;\">\n<td style=\"height: 13.50pt;\" height=\"18\">Material<\/td>\n<td>Vidrio de sodio y calcio<\/td>\n<\/tr>\n<tr style=\"height: 13.50pt;\">\n<td style=\"height: 13.50pt;\" height=\"18\">Forma de la botella<\/td>\n<td>Esfera con textura de superficie en espiral<\/td>\n<\/tr>\n<tr style=\"height: 13.50pt;\">\n<td style=\"height: 13.50pt;\" height=\"18\">Alcance de personalizaci\u00f3n<\/td>\n<td>Forma, tama\u00f1o, color, textura y acabado (esmerilado, brillante).<\/td>\n<\/tr>\n<tr style=\"height: 13.50pt;\">\n<td style=\"height: 13.50pt;\" height=\"18\">Artesan\u00eda<\/td>\n<td>Moldeo de vidrio complejo con textura 3D integrada y precisi\u00f3n de rosca<\/td>\n<\/tr>\n<tr style=\"height: 13.50pt;\">\n<td style=\"height: 13.50pt;\" height=\"18\">Prop\u00f3sito del producto<\/td>\n<td>Botellas de vidrio para difusores de varillas, cristaler\u00eda para difusores<\/td>\n<\/tr>\n<tr style=\"height: 13.50pt;\">\n<td style=\"height: 13.50pt;\" height=\"18\">Industrias adecuadas<\/td>\n<td>Marcas de fragancias para el hogar, hosteler\u00eda, spa y bienestar<\/td>\n<\/tr>\n<\/tbody>\n<\/table>\n<h2>Historia de \u00e9xito: Serie m\u00e1s vendida de la marca n\u00f3rdica de muebles para el hogar<\/h2>\n<p>Una de las marcas n\u00f3rdicas de muebles para el hogar eligi\u00f3 nuestro difusor de varillas de 250 ml, modificando el cuerpo de vidrio esmerilado y el tap\u00f3n de madera blanca mate. Su textura especial en espiral proporciona un agarre antideslizante excelente, algo muy valorado por los clientes, ya que el 40 % de las rese\u00f1as positivas lo indican. Su gran peso y la exquisita sensaci\u00f3n de artesan\u00eda tambi\u00e9n contribuyeron a un aumento de las ventas del 50 %. El crecimiento de las ventas y la acogida recibida por la marca fueron muy gratificantes, por lo que ha pedido otras 500\u00a0000 unidades de su l\u00ednea principal de productos.<\/p>\n<h2>Personalizaci\u00f3n de contenedores para difusores de varillas<\/h2>\n<ul>\n<li>Color y Transparencia: El vidrio es transparente o transl\u00facido en colores suaves (gris, \u00e1mbar), o bien es blanco opaco.<\/li>\n<li>Personalizaciones de patrones y texturas: Los patrones en espiral se pueden programar con texturas como ondas, venas de hojas o formas geom\u00e9tricas.<\/li>\n<li>Materiales de tap\u00f3n personalizados: Los tapones pueden estar hechos de corcho, madera, cer\u00e1mica o pl\u00e1stico mate.<\/li>\n<li>Grabado l\u00e1ser: raye el nombre o dise\u00f1o de su marca en una secci\u00f3n suave hacia el cuello de la botella.<\/li>\n<\/ul>","protected":false},"excerpt":{"rendered":"<p>Dise\u00f1ado con detalles esculpidos en espiral y cuello roscado, este difusor de vidrio realza la est\u00e9tica de la marca. Recipiente premium para difusor de varillas con muestras gratuitas.<\/p>","protected":false},"featured_media":4659,"template":"","meta":{"postBodyCss":"","postBodyMargin":[],"postBodyPadding":[],"postBodyBackground":{"backgroundType":"classic","gradient":""}},"product_brand":[],"product_cat":[15,16,63],"product_tag":[],"class_list":{"0":"post-4651","1":"product","2":"type-product","3":"status-publish","4":"has-post-thumbnail","6":"product_cat-glass-containers","7":"product_cat-glass-bottles","8":"product_cat-reed-diffuser-bottles","10":"first","11":"instock","12":"shipping-taxable","13":"product-type-simple"},"jetpack_sharing_enabled":true,"_links":{"self":[{"href":"https:\/\/minghanggroup.com\/es\/wp-json\/wp\/v2\/product\/4651","targetHints":{"allow":["GET"]}}],"collection":[{"href":"https:\/\/minghanggroup.com\/es\/wp-json\/wp\/v2\/product"}],"about":[{"href":"https:\/\/minghanggroup.com\/es\/wp-json\/wp\/v2\/types\/product"}],"wp:featuredmedia":[{"embeddable":true,"href":"https:\/\/minghanggroup.com\/es\/wp-json\/wp\/v2\/media\/4659"}],"wp:attachment":[{"href":"https:\/\/minghanggroup.com\/es\/wp-json\/wp\/v2\/media?parent=4651"}],"wp:term":[{"taxonomy":"product_brand","embeddable":true,"href":"https:\/\/minghanggroup.com\/es\/wp-json\/wp\/v2\/product_brand?post=4651"},{"taxonomy":"product_cat","embeddable":true,"href":"https:\/\/minghanggroup.com\/es\/wp-json\/wp\/v2\/product_cat?post=4651"},{"taxonomy":"product_tag","embeddable":true,"href":"https:\/\/minghanggroup.com\/es\/wp-json\/wp\/v2\/product_tag?post=4651"}],"curies":[{"name":"wp","href":"https:\/\/api.w.org\/{rel}","templated":true}]}}