{"id":4645,"date":"2026-01-14T13:47:52","date_gmt":"2026-01-14T05:47:52","guid":{"rendered":"https:\/\/minghanggroup.com\/?post_type=product&#038;p=4645"},"modified":"2026-01-14T16:43:52","modified_gmt":"2026-01-14T08:43:52","slug":"best-cologne-bottles-inspired-by-vintage-cut-design-bulk","status":"publish","type":"product","link":"https:\/\/minghanggroup.com\/es\/producto\/best-cologne-bottles-inspired-by-vintage-cut-design-bulk\/","title":{"rendered":"Botellas de colonia de 100 ml inspiradas en dise\u00f1os vintage a granel"},"content":{"rendered":"<p>Tus mejores frascos de colonia no solo deben contener aroma, sino que tambi\u00e9n deben hacer que los usuarios se detengan a mitad de la navegaci\u00f3n. Como fabricantes de frascos de fragancias, creamos frascos de perfume de vidrio que convierten tu perfume personalizado en una reliquia que no dejar\u00e1 indiferente a nadie.<\/p>\n<h2>Caracter\u00edsticas del producto<\/h2>\n<ul>\n<li><strong>Bordes de corte geom\u00e9trico:<\/strong> Las facetas afiladas reflejan la luz, dando lugar al encanto del vidrio tallado vintage que puedes usar para el empaque de tus fragancias.<\/li>\n<li><strong>Contraste de tapa plateada:<\/strong> \u00bfQu\u00e9 son las tapas plateadas met\u00e1licas sobre el cristal transparente? El envase de tu perfume ser\u00e1 la definici\u00f3n misma del lujo contempor\u00e1neo al instante.<\/li>\n<li><strong>Silueta moderna estabilizada:<\/strong> Un pie firme, sin balanceo alguno. Tu frasco de perfume de cristal es pesado y lujoso al tacto.<\/li>\n<\/ul>\n<h2>Especificaciones clave<\/h2>\n<table style=\"border-collapse: collapse; width: 80%; margin-left: auto; margin-right: auto;\" border=\"0\" width=\"288\" cellspacing=\"0\" cellpadding=\"0\">\n<tbody>\n<tr style=\"height: 13.50pt;\">\n<td style=\"height: 13.5pt; width: 54pt; text-align: center;\" width=\"72\" height=\"18\">Tama\u00f1o<\/td>\n<td style=\"width: 54pt; text-align: center;\" width=\"72\">Dimensiones (mm)<\/td>\n<td style=\"width: 54pt; text-align: center;\" width=\"72\">Color de la tapa<\/td>\n<td style=\"width: 54pt; text-align: center;\" width=\"72\">Tipo de sellado<\/td>\n<\/tr>\n<tr style=\"height: 13.50pt;\">\n<td style=\"height: 13.5pt; text-align: center;\" height=\"18\">100 ml<\/td>\n<td style=\"text-align: center;\">69 \u00d7 32 \u00d7 110<\/td>\n<td style=\"text-align: center;\">Plata<\/td>\n<td style=\"text-align: center;\">Pulverizador de bomba<\/td>\n<\/tr>\n<\/tbody>\n<\/table>\n<h2>Caso de \u00e9xito<\/h2>\n<p>Una marca de fragancias enfocada principalmente en el mercado masculino decidi\u00f3 colaborar con nosotros para personalizar este frasco de perfume de vidrio facetado y, al mismo tiempo, renovar el empaque de sus productos clave. El cliente quer\u00eda usar el frasco poligonal con un tap\u00f3n plateado met\u00e1lico para reflejar la imagen de su marca, que era a la vez retro y sofisticada. El frasco llevaba una etiqueta que contaba la historia de la marca.<\/p>\n<p>Despu\u00e9s del lanzamiento del producto, las ventas trimestrales aumentaron alrededor de un 18% a\u00f1o tras a\u00f1o y, al mismo tiempo, la marca pudo incursionar con \u00e9xito en canales minoristas de alta gama.<\/p>\n<h2>Sus opciones de personalizaci\u00f3n<\/h2>\n<ol>\n<li><strong>Color de la gorra: <\/strong>Combina los tapones plateados con las familias de fragancias (p. ej., plateado para c\u00edtricos, dorado para amaderados). El tap\u00f3n de tu perfume es el primer elemento que cuenta su historia, incluso antes de la primera aplicaci\u00f3n.<\/li>\n<li><strong>Grabado l\u00e1ser para legados: <\/strong>Agregue un logotipo minimalista a las facetas geom\u00e9tricas de las botellas y convierta las soluciones de empaque de fragancias en temas de conversaci\u00f3n.<\/li>\n<li><strong>Facetas esmeriladas para un brillo suave: <\/strong>Escarcha ligeramente los bordes geom\u00e9tricos y aporta un suave resplandor de luz natural sin coste adicional.<\/li>\n<\/ol>","protected":false},"excerpt":{"rendered":"<p>Los mejores frascos de colonia con bordes geom\u00e9tricos. Estos frascos de perfume vintage de cristal tallado ofrecen personalizaci\u00f3n al por mayor y env\u00edo r\u00e1pido para marcas de renombre.<\/p>","protected":false},"featured_media":4649,"template":"","meta":{"postBodyCss":"","postBodyMargin":[],"postBodyPadding":[],"postBodyBackground":{"backgroundType":"classic","gradient":""}},"product_brand":[],"product_cat":[15,16,62],"product_tag":[],"class_list":{"0":"post-4645","1":"product","2":"type-product","3":"status-publish","4":"has-post-thumbnail","6":"product_cat-glass-containers","7":"product_cat-glass-bottles","8":"product_cat-perfume-bottles","10":"first","11":"instock","12":"shipping-taxable","13":"product-type-simple"},"jetpack_sharing_enabled":true,"_links":{"self":[{"href":"https:\/\/minghanggroup.com\/es\/wp-json\/wp\/v2\/product\/4645","targetHints":{"allow":["GET"]}}],"collection":[{"href":"https:\/\/minghanggroup.com\/es\/wp-json\/wp\/v2\/product"}],"about":[{"href":"https:\/\/minghanggroup.com\/es\/wp-json\/wp\/v2\/types\/product"}],"wp:featuredmedia":[{"embeddable":true,"href":"https:\/\/minghanggroup.com\/es\/wp-json\/wp\/v2\/media\/4649"}],"wp:attachment":[{"href":"https:\/\/minghanggroup.com\/es\/wp-json\/wp\/v2\/media?parent=4645"}],"wp:term":[{"taxonomy":"product_brand","embeddable":true,"href":"https:\/\/minghanggroup.com\/es\/wp-json\/wp\/v2\/product_brand?post=4645"},{"taxonomy":"product_cat","embeddable":true,"href":"https:\/\/minghanggroup.com\/es\/wp-json\/wp\/v2\/product_cat?post=4645"},{"taxonomy":"product_tag","embeddable":true,"href":"https:\/\/minghanggroup.com\/es\/wp-json\/wp\/v2\/product_tag?post=4645"}],"curies":[{"name":"wp","href":"https:\/\/api.w.org\/{rel}","templated":true}]}}