{"id":4636,"date":"2026-01-14T10:39:15","date_gmt":"2026-01-14T02:39:15","guid":{"rendered":"https:\/\/minghanggroup.com\/?post_type=product&#038;p=4636"},"modified":"2026-01-14T11:24:47","modified_gmt":"2026-01-14T03:24:47","slug":"square-glass-perfume-beautiful-bottles-bulk","status":"publish","type":"product","link":"https:\/\/minghanggroup.com\/es\/producto\/square-glass-perfume-beautiful-bottles-bulk\/","title":{"rendered":"Hermosas botellas de perfume de vidrio cuadradas de 3.4 oz al por mayor"},"content":{"rendered":"<p>El hermoso frasco del perfume presenta una exquisita elaboraci\u00f3n. El cuerpo cristalino, de forma cuadrada y angular, contrasta con la suave superficie del tap\u00f3n cil\u00edndrico, con un patr\u00f3n de m\u00e1rmol azul, creando un gran impacto visual.<\/p>\n<h2>Caracter\u00edsticas del producto<\/h2>\n<ul>\n<li><strong>Cuerpo angular cuadrado:<\/strong> El estilo minimalista moderno se mantiene mediante el cuerpo cuadrado limpio y los bordes pulidos y contribuye a la comodidad del agarre.<\/li>\n<li><strong>Material de cristal transparente:<\/strong> El material de cristal es tan transparente que el color y la pureza de la fragancia son perfectamente visibles.<\/li>\n<li><strong>Tapa cil\u00edndrica texturizada azul:<\/strong> La botella est\u00e1 cubierta por una tapa cil\u00edndrica texturizada de color azul brillante cuya forma texturizada se suma al estilo minimalista.<\/li>\n<\/ul>\n<h2 style=\"text-align: left;\">Especificaciones clave<\/h2>\n<table class=\"aligncenter\" style=\"border-collapse: collapse; width: 504.77pt;\" border=\"0\" width=\"673\" cellspacing=\"0\" cellpadding=\"0\">\n<tbody>\n<tr style=\"height: 13.50pt;\">\n<td style=\"height: 13.50pt; width: 119.25pt;\" width=\"159\" height=\"18\">Especificaci\u00f3n<\/td>\n<td style=\"width: 385.50pt;\" width=\"514\">Detalles<\/td>\n<\/tr>\n<tr style=\"height: 13.50pt;\">\n<td style=\"height: 13.50pt;\" height=\"18\">Capacidad<\/td>\n<td>100 ml (3,4 oz)<\/td>\n<\/tr>\n<tr style=\"height: 13.50pt;\">\n<td style=\"height: 13.50pt;\" height=\"18\">Dimensiones<\/td>\n<td>57\u00d742\u00d796 mm<\/td>\n<\/tr>\n<tr style=\"height: 13.50pt;\">\n<td style=\"height: 13.50pt;\" height=\"18\">Material<\/td>\n<td>Vidrio de calidad cristalina<\/td>\n<\/tr>\n<tr style=\"height: 13.50pt;\">\n<td style=\"height: 13.50pt;\" height=\"18\">Forma de la botella<\/td>\n<td>Prisma cuadrado<\/td>\n<\/tr>\n<tr style=\"height: 13.50pt;\">\n<td style=\"height: 13.50pt;\" height=\"18\">Alcance de personalizaci\u00f3n<\/td>\n<td>Tama\u00f1o, forma, color, grabado<\/td>\n<\/tr>\n<tr style=\"height: 13.50pt;\">\n<td style=\"height: 13.50pt;\" height=\"18\">Artesan\u00eda<\/td>\n<td>Corte y pulido de vidrio de precisi\u00f3n, fabricaci\u00f3n de tapas estampadas<\/td>\n<\/tr>\n<tr style=\"height: 13.50pt;\">\n<td style=\"height: 13.50pt;\" height=\"18\">Prop\u00f3sito del producto<\/td>\n<td>Frascos de colonia fresca, frascos de perfume hermosos<\/td>\n<\/tr>\n<tr style=\"height: 13.50pt;\">\n<td style=\"height: 13.50pt;\" height=\"18\">Industrias adecuadas<\/td>\n<td>Perfumer\u00eda contempor\u00e1nea, marcas de dise\u00f1o<\/td>\n<\/tr>\n<\/tbody>\n<\/table>\n<h2>Caso de \u00e9xito<\/h2>\n<p>Una marca californiana de estilo de vida present\u00f3 una colonia de agua anaranjada. Eligieron nuestra colonia en botella de 95 ml y la colorearon con un cuerpo de vidrio azul agua esmerilado y una tapa blanca con estampado de m\u00e1rmol. La construcci\u00f3n de vidrio abierto y los detalles azules aumentaron su durabilidad en 45; la forma cuadrada tambi\u00e9n era estable y redujo las roturas durante el env\u00edo en 42. La marca qued\u00f3 muy satisfecha con su desempe\u00f1o en el mercado y su base de clientes, por lo que solicit\u00f3 400.000 botellas m\u00e1s de su gama principal de productos.<\/p>\n<h2>Opciones de personalizaci\u00f3n de hermosas botellas de perfume<\/h2>\n<ul>\n<li>Dise\u00f1a tu gorra: Dise\u00f1a tu propia gorra con diferentes patrones (m\u00e1rmol, granito, abstracto) y en cualquier color.<\/li>\n<li>Grabado l\u00e1ser lateral: grabe patrones geom\u00e9tricos y dise\u00f1os de marca o dise\u00f1os con tem\u00e1tica costera en el panel de vidrio.<\/li>\n<li>Panel decorativo arenado: roc\u00ede un lado de la botella cuadrada para producir un panel esmerilado, que se utiliza para crear una identidad de marca modesta.<\/li>\n<li>Serigraf\u00eda con tinta brillante: el nombre de la marca en relieve tambi\u00e9n se puede imprimir con tinta brillante para crear un factor t\u00e1ctil.<\/li>\n<\/ul>","protected":false},"excerpt":{"rendered":"<p>Con un cuerpo cuadrado pulido y un elegante tap\u00f3n azul, este hermoso frasco de perfume se adapta a cualquier espacio moderno. Una colonia refinada de 95 ml, directamente de f\u00e1brica.<\/p>","protected":false},"featured_media":4641,"template":"","meta":{"postBodyCss":"","postBodyMargin":[],"postBodyPadding":[],"postBodyBackground":{"backgroundType":"classic","gradient":""}},"product_brand":[],"product_cat":[15,16,62],"product_tag":[],"class_list":{"0":"post-4636","1":"product","2":"type-product","3":"status-publish","4":"has-post-thumbnail","6":"product_cat-glass-containers","7":"product_cat-glass-bottles","8":"product_cat-perfume-bottles","10":"first","11":"instock","12":"shipping-taxable","13":"product-type-simple"},"jetpack_sharing_enabled":true,"_links":{"self":[{"href":"https:\/\/minghanggroup.com\/es\/wp-json\/wp\/v2\/product\/4636","targetHints":{"allow":["GET"]}}],"collection":[{"href":"https:\/\/minghanggroup.com\/es\/wp-json\/wp\/v2\/product"}],"about":[{"href":"https:\/\/minghanggroup.com\/es\/wp-json\/wp\/v2\/types\/product"}],"wp:featuredmedia":[{"embeddable":true,"href":"https:\/\/minghanggroup.com\/es\/wp-json\/wp\/v2\/media\/4641"}],"wp:attachment":[{"href":"https:\/\/minghanggroup.com\/es\/wp-json\/wp\/v2\/media?parent=4636"}],"wp:term":[{"taxonomy":"product_brand","embeddable":true,"href":"https:\/\/minghanggroup.com\/es\/wp-json\/wp\/v2\/product_brand?post=4636"},{"taxonomy":"product_cat","embeddable":true,"href":"https:\/\/minghanggroup.com\/es\/wp-json\/wp\/v2\/product_cat?post=4636"},{"taxonomy":"product_tag","embeddable":true,"href":"https:\/\/minghanggroup.com\/es\/wp-json\/wp\/v2\/product_tag?post=4636"}],"curies":[{"name":"wp","href":"https:\/\/api.w.org\/{rel}","templated":true}]}}