{"id":4634,"date":"2026-01-14T11:09:21","date_gmt":"2026-01-14T03:09:21","guid":{"rendered":"https:\/\/minghanggroup.com\/?post_type=product&#038;p=4634"},"modified":"2026-01-14T16:46:00","modified_gmt":"2026-01-14T08:46:00","slug":"pink-perfume-bottles-with-sprayer-for-brands-packaging-bulk","status":"publish","type":"product","link":"https:\/\/minghanggroup.com\/es\/producto\/pink-perfume-bottles-with-sprayer-for-brands-packaging-bulk\/","title":{"rendered":"Frascos de perfume rosas de 100 ml con pulverizador para marcas de embalaje a granel"},"content":{"rendered":"<p>Tus frascos de perfume rosas no solo deben contener aroma, sino que tambi\u00e9n deben hacer que los usuarios se detengan a mitad del desplazamiento. Como fabricantes de frascos de fragancias, creamos frascos de perfume de vidrio que convierten tu perfume personalizado en un momento de lujo instant\u00e1neo.<\/p>\n<h2>Caracter\u00edsticas del producto<\/h2>\n<ul>\n<li><strong>Gorra rosa Pop:<\/strong> \u00bfTapones de color rosa suave sobre cristal transparente? \u00a1Sin duda, una novedad visual en el mundo de los envases de perfumes!<\/li>\n<li><strong>Claridad cristalina:<\/strong> A trav\u00e9s de una botella de vidrio de este tipo, dif\u00edcilmente se puede ver el color de una fragancia de otra manera que no sea muy puro y claro, sin los filtros turbios.<\/li>\n<li><strong>Elegancia cil\u00edndrica: <\/strong>L\u00edneas limpias, una versi\u00f3n moderna del encanto vintage. El frasco de perfume de vidrio que vende su marca se siente pesado y de alta gama.<\/li>\n<\/ul>\n<h2>Especificaciones clave<\/h2>\n<table style=\"border-collapse: collapse; width: 80%; margin-left: auto; margin-right: auto;\" border=\"0\" width=\"288\" cellspacing=\"0\" cellpadding=\"0\">\n<tbody>\n<tr style=\"height: 13.50pt;\">\n<td style=\"height: 13.5pt; width: 54pt; text-align: center;\" width=\"72\" height=\"18\">Tama\u00f1o<\/td>\n<td style=\"width: 54pt; text-align: center;\" width=\"72\">Dimensiones (mm)<\/td>\n<td style=\"width: 54pt; text-align: center;\" width=\"72\">Color de la tapa<\/td>\n<td style=\"width: 54pt; text-align: center;\" width=\"72\">Tipo de sellado<\/td>\n<\/tr>\n<tr style=\"height: 13.50pt;\">\n<td style=\"height: 13.5pt; text-align: center;\" height=\"18\">100 ml<\/td>\n<td style=\"text-align: center;\">55 \u00d7 97<\/td>\n<td style=\"text-align: center;\">Rosa<\/td>\n<td style=\"text-align: center;\">Pulverizador de bomba<\/td>\n<\/tr>\n<\/tbody>\n<\/table>\n<h2>Caso de \u00e9xito<\/h2>\n<p>Una marca de perfumes especializada en perfumes femeninos se uni\u00f3 a nosotros en el dise\u00f1o de este frasco de perfume de vidrio para crear una fragancia nueva y delicada. El cliente dise\u00f1\u00f3 un logotipo serigrafiado en el frasco cil\u00edndrico y un tap\u00f3n esf\u00e9rico semitransparente rosa para realzar la suavidad y elegancia del producto, adem\u00e1s de decoraciones en relieve en el frasco.<\/p>\n<p>Tras su lanzamiento, debido a su dise\u00f1o muy reconocible, el nuevo perfume experiment\u00f3 un crecimiento de ventas de alrededor del 22% durante su canal de ventas inicial, lo que supuso esencialmente un impulso al atractivo de la marca en el mercado de fragancias femeninas.<\/p>\n<h2>Sus opciones de personalizaci\u00f3n<\/h2>\n<ol>\n<li><strong>Material y efectos de tapa de botella esf\u00e9rica personalizables:<\/strong> Seleccione colores s\u00f3lidos, semitransparentes, degradados o cristal, as\u00ed como tapas esf\u00e9ricas con efecto. Tambi\u00e9n se pueden a\u00f1adir part\u00edculas perladas o brillantes para una apariencia m\u00e1s atractiva.<\/li>\n<li><strong>Disminuci\u00f3n mejorada del vidrio de la botella:<\/strong> Es posible a\u00f1adir manchas esmeriladas a una botella transparente, pulverizaciones internas ligeras o de color o l\u00edneas biseladas altas y brillantes en la botella que hacen que la sensaci\u00f3n de profundidad y la experiencia t\u00e1ctil sean m\u00e1s intensas.<\/li>\n<li><strong>Logotipo de marca personalizado:<\/strong> Se puede utilizar serigraf\u00eda, estampaci\u00f3n en caliente (oro, plata) o grabado l\u00e1ser para imprimir el logotipo de la marca y el n\u00famero de serie en la parte inferior o en el cuerpo de la botella.<\/li>\n<\/ol>","protected":false},"excerpt":{"rendered":"<p>Frascos de perfume rosados, directos de f\u00e1brica, con un elegante frasco con pulverizador. Ideales para marcas comerciales, permiten la personalizaci\u00f3n al por mayor y env\u00edos r\u00e1pidos.<\/p>","protected":false},"featured_media":4640,"template":"","meta":{"postBodyCss":"","postBodyMargin":[],"postBodyPadding":[],"postBodyBackground":{"backgroundType":"classic","gradient":""}},"product_brand":[],"product_cat":[15,16,62],"product_tag":[],"class_list":{"0":"post-4634","1":"product","2":"type-product","3":"status-publish","4":"has-post-thumbnail","6":"product_cat-glass-containers","7":"product_cat-glass-bottles","8":"product_cat-perfume-bottles","10":"first","11":"instock","12":"shipping-taxable","13":"product-type-simple"},"jetpack_sharing_enabled":true,"_links":{"self":[{"href":"https:\/\/minghanggroup.com\/es\/wp-json\/wp\/v2\/product\/4634","targetHints":{"allow":["GET"]}}],"collection":[{"href":"https:\/\/minghanggroup.com\/es\/wp-json\/wp\/v2\/product"}],"about":[{"href":"https:\/\/minghanggroup.com\/es\/wp-json\/wp\/v2\/types\/product"}],"wp:featuredmedia":[{"embeddable":true,"href":"https:\/\/minghanggroup.com\/es\/wp-json\/wp\/v2\/media\/4640"}],"wp:attachment":[{"href":"https:\/\/minghanggroup.com\/es\/wp-json\/wp\/v2\/media?parent=4634"}],"wp:term":[{"taxonomy":"product_brand","embeddable":true,"href":"https:\/\/minghanggroup.com\/es\/wp-json\/wp\/v2\/product_brand?post=4634"},{"taxonomy":"product_cat","embeddable":true,"href":"https:\/\/minghanggroup.com\/es\/wp-json\/wp\/v2\/product_cat?post=4634"},{"taxonomy":"product_tag","embeddable":true,"href":"https:\/\/minghanggroup.com\/es\/wp-json\/wp\/v2\/product_tag?post=4634"}],"curies":[{"name":"wp","href":"https:\/\/api.w.org\/{rel}","templated":true}]}}