{"id":4625,"date":"2026-01-14T10:17:26","date_gmt":"2026-01-14T02:17:26","guid":{"rendered":"https:\/\/minghanggroup.com\/?post_type=product&#038;p=4625"},"modified":"2026-01-14T16:41:28","modified_gmt":"2026-01-14T08:41:28","slug":"vintage-amber-perfume-bottles-with-wooden-ball-lids-bulk","status":"publish","type":"product","link":"https:\/\/minghanggroup.com\/es\/producto\/vintage-amber-perfume-bottles-with-wooden-ball-lids-bulk\/","title":{"rendered":"Frascos de perfume vintage de color \u00e1mbar de 30 ml y 50 ml con tapas de bola de madera."},"content":{"rendered":"<p>Tu frasco de perfume vintage de \u00e1mbar no solo debe contener aroma, sino que debe transmitir su esencia al abrirlo. Como fabricantes l\u00edderes de frascos para fragancias, creamos frascos de perfume de vidrio que convierten tu perfume personalizado en una reliquia atemporal.<\/p>\n<h2>Caracter\u00edsticas del producto<\/h2>\n<ul>\n<li><strong>Protecci\u00f3n de vidrio \u00e1mbar: <\/strong>El vidrio \u00e1mbar c\u00e1lido mantiene los aceites esenciales a salvo de la luz, as\u00ed que olv\u00eddate de que los aromas se desvanezcan.<\/li>\n<li><strong>Contraste de tapa de madera natural: <\/strong>\u00bfTapas de madera que combinan con el vidrio \u00e1mbar? Esa es la receta perfecta para un encanto r\u00fastico en el empaque de fragancias.<\/li>\n<li><strong>Simplicidad cil\u00edndrica: <\/strong>L\u00edneas sencillas, contempor\u00e1neas y a la vez retro, con un toque de clase. Su perfumero de vidrio tiene un tacto agradable, pesado y lujoso.<\/li>\n<\/ul>\n<h2>Especificaciones clave<\/h2>\n<table style=\"border-collapse: collapse; width: 80%; margin-left: auto; margin-right: auto;\" border=\"0\" width=\"288\" cellspacing=\"0\" cellpadding=\"0\">\n<tbody>\n<tr style=\"height: 13.50pt;\">\n<td style=\"height: 13.5pt; width: 54pt; text-align: center;\" width=\"72\" height=\"18\">Tama\u00f1o (ml)<\/td>\n<td style=\"width: 54pt; text-align: center;\" width=\"72\">Dimensiones (mm)<\/td>\n<td style=\"width: 54pt; text-align: center;\" width=\"72\">Material de la tapa<\/td>\n<td style=\"width: 54pt; text-align: center;\" width=\"72\">Tipo de sellado<\/td>\n<\/tr>\n<tr style=\"height: 13.50pt;\">\n<td style=\"height: 13.5pt; text-align: center;\" align=\"right\" height=\"18\">30 \/ 1 onza<\/td>\n<td style=\"text-align: center;\">42 \u00d7 73<\/td>\n<td class=\"et2\" style=\"text-align: center;\" rowspan=\"2\">De madera<\/td>\n<td class=\"et2\" style=\"text-align: center;\" rowspan=\"2\">Atomizador<\/td>\n<\/tr>\n<tr style=\"height: 13.50pt;\">\n<td style=\"height: 13.5pt; text-align: center;\" align=\"right\" height=\"18\">50<\/td>\n<td style=\"text-align: center;\">45 \u00d7 88<\/td>\n<\/tr>\n<\/tbody>\n<\/table>\n<h2>Caso de \u00e9xito<\/h2>\n<p>Una empresa de perfumes especializada en fragancias naturales y de estilo vintage buscaba una versi\u00f3n de envase f\u00e1cilmente comprensible por su dise\u00f1o y su alta gama. Para presentar una nueva l\u00ednea, la marca eligi\u00f3 nuestros frascos de perfume de vidrio \u00e1mbar y estamp\u00f3 un logotipo en el hombro del frasco, con acabado mate esmerilado, y un peque\u00f1o patr\u00f3n en el frasco creado con componentes bot\u00e1nicos mediante serigraf\u00eda. El vidrio \u00e1mbar serv\u00eda para reducir la exposici\u00f3n a la luz y tambi\u00e9n reconoc\u00eda la importancia de la estabilidad de la f\u00f3rmula por parte de la marca, mientras que el tap\u00f3n de madera realzaba el dise\u00f1o natural.<\/p>\n<p>Tras la introducci\u00f3n del producto, el nuevo empaque mejor\u00f3 su reconocimiento en los estantes y la percepci\u00f3n del cliente, lo que se tradujo en un aumento del 35 % en los pedidos repetidos. Esto ha permitido a la marca repetir pedidos en varias temporadas consecutivas.<\/p>\n<h2>Sus opciones de personalizaci\u00f3n<\/h2>\n<ol>\n<li><strong>Profundidad ajustable del color de la botella:<\/strong> El tono \u00e1mbar est\u00e1ndar se puede modificar a otros tonos (\u00e1mbar claro, \u00e1mbar oscuro o marr\u00f3n ahumado) para combinar con las diferentes fragancias o l\u00edneas de productos y a\u00fan as\u00ed capturar la sensaci\u00f3n vintage.<\/li>\n<li><strong>Las opciones de gorra en material natural:<\/strong> Adem\u00e1s de la tapa esf\u00e9rica de madera maciza, hay otras opciones disponibles en especies de madera, efectos de te\u00f1ido o nivel de pulido de la superficie para crear la imagen de una marca natural, artesanal o de nicho.<\/li>\n<li><strong>Acabados semi-esmerilados o degradados:<\/strong> Los dise\u00f1os esmerilados o degradados se pueden aplicar a la mitad inferior de la botella o a partes espec\u00edficas de la botella, agregando as\u00ed elegancia a la botella, pero tambi\u00e9n conservando el concepto de ligereza.<\/li>\n<\/ol>","protected":false},"excerpt":{"rendered":"<p>Frasco de perfume vintage de color \u00e1mbar con un c\u00e1lido tono de cristal y tapas de madera. Suministro directo de f\u00e1brica, personalizaci\u00f3n al por mayor. Ideal para marcas de perfumes vintage.<\/p>","protected":false},"featured_media":4633,"template":"","meta":{"postBodyCss":"","postBodyMargin":[],"postBodyPadding":[],"postBodyBackground":{"backgroundType":"classic","gradient":""}},"product_brand":[],"product_cat":[15,16,62],"product_tag":[],"class_list":{"0":"post-4625","1":"product","2":"type-product","3":"status-publish","4":"has-post-thumbnail","6":"product_cat-glass-containers","7":"product_cat-glass-bottles","8":"product_cat-perfume-bottles","10":"first","11":"instock","12":"shipping-taxable","13":"product-type-simple"},"jetpack_sharing_enabled":true,"_links":{"self":[{"href":"https:\/\/minghanggroup.com\/es\/wp-json\/wp\/v2\/product\/4625","targetHints":{"allow":["GET"]}}],"collection":[{"href":"https:\/\/minghanggroup.com\/es\/wp-json\/wp\/v2\/product"}],"about":[{"href":"https:\/\/minghanggroup.com\/es\/wp-json\/wp\/v2\/types\/product"}],"wp:featuredmedia":[{"embeddable":true,"href":"https:\/\/minghanggroup.com\/es\/wp-json\/wp\/v2\/media\/4633"}],"wp:attachment":[{"href":"https:\/\/minghanggroup.com\/es\/wp-json\/wp\/v2\/media?parent=4625"}],"wp:term":[{"taxonomy":"product_brand","embeddable":true,"href":"https:\/\/minghanggroup.com\/es\/wp-json\/wp\/v2\/product_brand?post=4625"},{"taxonomy":"product_cat","embeddable":true,"href":"https:\/\/minghanggroup.com\/es\/wp-json\/wp\/v2\/product_cat?post=4625"},{"taxonomy":"product_tag","embeddable":true,"href":"https:\/\/minghanggroup.com\/es\/wp-json\/wp\/v2\/product_tag?post=4625"}],"curies":[{"name":"wp","href":"https:\/\/api.w.org\/{rel}","templated":true}]}}