{"id":4622,"date":"2026-01-14T08:58:15","date_gmt":"2026-01-14T00:58:15","guid":{"rendered":"https:\/\/minghanggroup.com\/?post_type=product&#038;p=4622"},"modified":"2026-01-14T10:38:56","modified_gmt":"2026-01-14T02:38:56","slug":"crystal-pink-perfume-bottle-for-travel-packing-bulk","status":"publish","type":"product","link":"https:\/\/minghanggroup.com\/es\/producto\/crystal-pink-perfume-bottle-for-travel-packing-bulk\/","title":{"rendered":"Botella de perfume de cristal rosa de 30 ml para viaje a granel"},"content":{"rendered":"<p>Este peque\u00f1o y lujoso frasco de perfume de vidrio rosa presenta una suave y natural transici\u00f3n entre un cuerpo cuadrado, corto y ancho, y una base redondeada. La tapa es de un rosa suave y brillante, lo que lo convierte en el frasco de perfume perfecto para viajar.<\/p>\n<h2>Caracter\u00edsticas del producto<\/h2>\n<ul>\n<li><strong>Gorra esf\u00e9rica rosa claro:<\/strong> El estilo femenino se vuelve m\u00e1s dulce y bonito con el dise\u00f1o esf\u00e9rico de color rosa claro brillante y la naturaleza redondeada hace que sea m\u00e1s f\u00e1cil de sostener.<\/li>\n<li><strong>Botella rectangular corta de alta transparencia:<\/strong> La botella rectangular, corta y ancha, es bastante estable, no tiende a volcarse y tiene una sensaci\u00f3n de solidez.<\/li>\n<li><strong>Bomba curva inherente:<\/strong> La bomba curva est\u00e1 hecha de paja, que se coloca en la botella y se roc\u00eda f\u00e1cilmente y el dise\u00f1o general es hermoso y limpio.<\/li>\n<\/ul>\n<h2 style=\"text-align: left;\">Especificaciones clave<\/h2>\n<table class=\"aligncenter\" style=\"border-collapse: collapse; width: 432.02pt;\" border=\"0\" width=\"576\" cellspacing=\"0\" cellpadding=\"0\">\n<tbody>\n<tr style=\"height: 13.50pt;\">\n<td style=\"height: 13.50pt; width: 119.25pt;\" width=\"159\" height=\"18\">Especificaci\u00f3n<\/td>\n<td style=\"width: 312.75pt;\" width=\"417\">Detalles<\/td>\n<\/tr>\n<tr style=\"height: 13.50pt;\">\n<td style=\"height: 13.50pt;\" height=\"18\">Capacidad<\/td>\n<td>30 ml<\/td>\n<\/tr>\n<tr style=\"height: 13.50pt;\">\n<td style=\"height: 13.50pt;\" height=\"18\">Dimensiones<\/td>\n<td>40\u00d740\u00d748 mm<\/td>\n<\/tr>\n<tr style=\"height: 13.50pt;\">\n<td style=\"height: 13.50pt;\" height=\"18\">Material<\/td>\n<td>Vidrio de alta claridad<\/td>\n<\/tr>\n<tr style=\"height: 13.50pt;\">\n<td style=\"height: 13.50pt;\" height=\"18\">Forma de la botella<\/td>\n<td>Columna cuadrada corta con base redondeada<\/td>\n<\/tr>\n<tr style=\"height: 13.50pt;\">\n<td style=\"height: 13.50pt;\" height=\"18\">Alcance de personalizaci\u00f3n<\/td>\n<td>Forma, tama\u00f1o, color, tipo de bomba, acabado<\/td>\n<\/tr>\n<tr style=\"height: 13.50pt;\">\n<td style=\"height: 13.50pt;\" height=\"18\">Artesan\u00eda<\/td>\n<td>Moldura de vidrio cuadrada, recubrimiento de tapa de alto brillo<\/td>\n<\/tr>\n<tr style=\"height: 13.50pt;\">\n<td style=\"height: 13.50pt;\" height=\"18\">Prop\u00f3sito del producto<\/td>\n<td>Frascos de perfume para viaje, frascos de perfume peque\u00f1os<\/td>\n<\/tr>\n<tr style=\"height: 13.50pt;\">\n<td style=\"height: 13.50pt;\" height=\"18\">Industrias adecuadas<\/td>\n<td>Perfumer\u00eda convencional y de nicho, marcas de belleza<\/td>\n<\/tr>\n<\/tbody>\n<\/table>\n<h2>Caso de \u00e9xito: El debut de un perfume viral de una marca de belleza coreana<\/h2>\n<p>Una de las marcas de belleza coreanas m\u00e1s populares, con su est\u00e9tica adorable, decidi\u00f3 usar nuestro frasco de perfume de viaje de 30 ml como su empaque exclusivo y modific\u00f3 la tapa rosa suave y el frasco de vidrio perlado. El dise\u00f1o cuadrado \u00fanico del frasco se volvi\u00f3 viral en redes sociales, con m\u00e1s de un mill\u00f3n de menciones en el primer mes. Su dise\u00f1o peque\u00f1o y herm\u00e9tico, con una tasa de \u00e9xito de env\u00edo del 99,9%, es ideal para el p\u00fablico objetivo, con agendas apretadas y un ritmo de vida acelerado. La demanda del mercado y el entusiasmo de los clientes sorprendieron gratamente a la marca, que r\u00e1pidamente encarg\u00f3 otras 500.000 botellas para su promoci\u00f3n global.<\/p>\n<h2>Personalizaci\u00f3n de frascos de perfume rosas<\/h2>\n<ul>\n<li>Color de tapa personalizado: elige la tapa esf\u00e9rica de cualquier color Pantone, desde pasteles suaves hasta colores ne\u00f3n.<\/li>\n<li>Forma de tapa personalizada: la tapa est\u00e1 ligeramente doblada en forma de coraz\u00f3n o plana.<\/li>\n<li>Grabado l\u00e1ser de vidrio: grabe la superficie de vidrio de la botella con un coraz\u00f3n, una estrella o el logotipo de la marca.<\/li>\n<li>Paneles de vidrio: Escarche los paneles frontal y posterior para crear una apariencia de ensue\u00f1o y suave.<\/li>\n<\/ul>","protected":false},"excerpt":{"rendered":"<p>Realza tu marca con frascos de perfume de vidrio. Estos atomizadores de perfume de vidrio tienen bordes redondeados y tapas de m\u00e1rmol con textura \u00fanica. \u00a1Env\u00edo r\u00e1pido!<\/p>","protected":false},"featured_media":4629,"template":"","meta":{"postBodyCss":"","postBodyMargin":[],"postBodyPadding":[],"postBodyBackground":{"backgroundType":"classic","gradient":""}},"product_brand":[],"product_cat":[15,16,62],"product_tag":[],"class_list":{"0":"post-4622","1":"product","2":"type-product","3":"status-publish","4":"has-post-thumbnail","6":"product_cat-glass-containers","7":"product_cat-glass-bottles","8":"product_cat-perfume-bottles","10":"first","11":"instock","12":"shipping-taxable","13":"product-type-simple"},"jetpack_sharing_enabled":true,"_links":{"self":[{"href":"https:\/\/minghanggroup.com\/es\/wp-json\/wp\/v2\/product\/4622","targetHints":{"allow":["GET"]}}],"collection":[{"href":"https:\/\/minghanggroup.com\/es\/wp-json\/wp\/v2\/product"}],"about":[{"href":"https:\/\/minghanggroup.com\/es\/wp-json\/wp\/v2\/types\/product"}],"wp:featuredmedia":[{"embeddable":true,"href":"https:\/\/minghanggroup.com\/es\/wp-json\/wp\/v2\/media\/4629"}],"wp:attachment":[{"href":"https:\/\/minghanggroup.com\/es\/wp-json\/wp\/v2\/media?parent=4622"}],"wp:term":[{"taxonomy":"product_brand","embeddable":true,"href":"https:\/\/minghanggroup.com\/es\/wp-json\/wp\/v2\/product_brand?post=4622"},{"taxonomy":"product_cat","embeddable":true,"href":"https:\/\/minghanggroup.com\/es\/wp-json\/wp\/v2\/product_cat?post=4622"},{"taxonomy":"product_tag","embeddable":true,"href":"https:\/\/minghanggroup.com\/es\/wp-json\/wp\/v2\/product_tag?post=4622"}],"curies":[{"name":"wp","href":"https:\/\/api.w.org\/{rel}","templated":true}]}}