{"id":4607,"date":"2026-01-13T16:28:57","date_gmt":"2026-01-13T08:28:57","guid":{"rendered":"https:\/\/minghanggroup.com\/?post_type=product&#038;p=4607"},"modified":"2026-01-13T16:54:05","modified_gmt":"2026-01-13T08:54:05","slug":"1-6oz-vintage-small-perfume-bottles-with-wooden-lids-bulk","status":"publish","type":"product","link":"https:\/\/minghanggroup.com\/es\/producto\/1-6oz-vintage-small-perfume-bottles-with-wooden-lids-bulk\/","title":{"rendered":"Frascos de perfume vintage peque\u00f1os de 1.6 oz con tapa de madera al por mayor"},"content":{"rendered":"<p>Tus peque\u00f1os frascos de perfume vintage no solo deben contener aroma, sino que deben transmitir &#034;lujo&#034; al abrirlos. Como fabricantes de frascos de fragancias, creamos frascos de perfume de vidrio que convierten tu perfume personalizado en un tesoro atemporal.<\/p>\n<h2>Caracter\u00edsticas del producto<\/h2>\n<ul>\n<li><strong>Silueta rectangular atemporal: <\/strong>L\u00edneas limpias de bordes suaves, un alma vintage para el packaging de tu fragancia.<\/li>\n<li><strong>Tapa de madera texturizada Elegancia: <\/strong>\u00bfTapones de madera natural con cristal transparente? Al instante, el envase del perfume evoca un contraste org\u00e1nico.<\/li>\n<li><strong>Base estabilizada: <\/strong>Base extra gruesa, que evita que se balancee en los estantes. Tu frasco de perfume de vidrio no solo luce pesado, sino que tambi\u00e9n ofrece una sensaci\u00f3n premium.<\/li>\n<\/ul>\n<h2>Especificaciones clave<\/h2>\n<table style=\"border-collapse: collapse; width: 80%; margin-left: auto; margin-right: auto;\" border=\"0\" width=\"288\" cellspacing=\"0\" cellpadding=\"0\">\n<tbody>\n<tr style=\"height: 13.50pt;\">\n<td style=\"height: 13.5pt; width: 54pt; text-align: center;\" width=\"72\" height=\"18\">Tama\u00f1o<\/td>\n<td style=\"width: 54pt; text-align: center;\" width=\"72\">Dimensiones (mm)<\/td>\n<td style=\"width: 54pt; text-align: center;\" width=\"72\">Acabado de la tapa<\/td>\n<td style=\"width: 54pt; text-align: center;\" width=\"72\">Tipo de sellado<\/td>\n<\/tr>\n<tr style=\"height: 13.50pt;\">\n<td style=\"height: 13.5pt; text-align: center;\" height=\"18\">50 ml \/ 1,6 oz<\/td>\n<td style=\"text-align: center;\">39\u00d725\u00d7115<\/td>\n<td style=\"text-align: center;\">Con textura de madera<\/td>\n<td style=\"text-align: center;\">Atomizador<\/td>\n<\/tr>\n<\/tbody>\n<\/table>\n<h2>Caso de \u00e9xito<\/h2>\n<p>Una empresa de fragancias centrada en aromas naturales y minimalistas quer\u00eda que su empaque transmitiera arte artesanal a la vez que fuera muy sencillo. Para el lanzamiento de su \u00faltima colecci\u00f3n, eligieron nuestros mini frascos de perfume retro y los hicieron \u00fanicos con un suave acabado esmerilado, un delicado logotipo grabado en la base y un tap\u00f3n en tono madera natural para enfatizar la filosof\u00eda ecol\u00f3gica de la marca.<\/p>\n<p>En menos de dos temporadas, la empresa ampli\u00f3 la gama utilizando el mismo dise\u00f1o de botella en diferentes colores y sigui\u00f3 realizando pedidos en grandes cantidades, convirtiendo as\u00ed esta botella personalizada en un elemento fijo a largo plazo de su l\u00ednea principal de productos.<\/p>\n<h2>Sus opciones de personalizaci\u00f3n<\/h2>\n<ol>\n<li><strong>Parte superior con textura de madera:<\/strong> Combine el material de su tapa con el aroma de su perfume: madera para hierbas, metal para c\u00edtricos.<\/li>\n<li><strong>Serigraf\u00eda para el Patrimonio:<\/strong> Agregue estampados florales vintage y sus ideas para envolver aromas se convertir\u00e1n en temas de conversaci\u00f3n.<\/li>\n<li><strong>Vidrio esmerilado para un brillo suave:<\/strong> Ligeramente escarchado s\u00f3lo en el tercio superior, resplandor natural durante el d\u00eda.<\/li>\n<\/ol>","protected":false},"excerpt":{"rendered":"<p>Soluci\u00f3n de envasado de vidrio: frascos de perfume vintage peque\u00f1os y delgados. Suministro directo de f\u00e1brica, muestras gratuitas y personalizaci\u00f3n al por mayor para frascos de perfume de 50 ml.<\/p>","protected":false},"featured_media":4611,"template":"","meta":{"postBodyCss":"","postBodyMargin":[],"postBodyPadding":[],"postBodyBackground":{"backgroundType":"classic","gradient":""}},"product_brand":[],"product_cat":[15,16,62],"product_tag":[],"class_list":{"0":"post-4607","1":"product","2":"type-product","3":"status-publish","4":"has-post-thumbnail","6":"product_cat-glass-containers","7":"product_cat-glass-bottles","8":"product_cat-perfume-bottles","10":"first","11":"instock","12":"shipping-taxable","13":"product-type-simple"},"jetpack_sharing_enabled":true,"_links":{"self":[{"href":"https:\/\/minghanggroup.com\/es\/wp-json\/wp\/v2\/product\/4607","targetHints":{"allow":["GET"]}}],"collection":[{"href":"https:\/\/minghanggroup.com\/es\/wp-json\/wp\/v2\/product"}],"about":[{"href":"https:\/\/minghanggroup.com\/es\/wp-json\/wp\/v2\/types\/product"}],"wp:featuredmedia":[{"embeddable":true,"href":"https:\/\/minghanggroup.com\/es\/wp-json\/wp\/v2\/media\/4611"}],"wp:attachment":[{"href":"https:\/\/minghanggroup.com\/es\/wp-json\/wp\/v2\/media?parent=4607"}],"wp:term":[{"taxonomy":"product_brand","embeddable":true,"href":"https:\/\/minghanggroup.com\/es\/wp-json\/wp\/v2\/product_brand?post=4607"},{"taxonomy":"product_cat","embeddable":true,"href":"https:\/\/minghanggroup.com\/es\/wp-json\/wp\/v2\/product_cat?post=4607"},{"taxonomy":"product_tag","embeddable":true,"href":"https:\/\/minghanggroup.com\/es\/wp-json\/wp\/v2\/product_tag?post=4607"}],"curies":[{"name":"wp","href":"https:\/\/api.w.org\/{rel}","templated":true}]}}