{"id":4598,"date":"2026-01-13T14:38:53","date_gmt":"2026-01-13T06:38:53","guid":{"rendered":"https:\/\/minghanggroup.com\/?post_type=product&#038;p=4598"},"modified":"2026-01-13T16:51:05","modified_gmt":"2026-01-13T08:51:05","slug":"square-glass-perfume-atomiser-bottles-wholesale","status":"publish","type":"product","link":"https:\/\/minghanggroup.com\/es\/producto\/square-glass-perfume-atomiser-bottles-wholesale\/","title":{"rendered":"Botellas atomizadoras de perfume de vidrio cuadradas de 30 ml, 50 ml y 100 ml, venta al por mayor"},"content":{"rendered":"<p>Estos atomizadores de perfume de vidrio est\u00e1n hechos de vidrio transparente y tienen una forma cuadrada delicadamente tallada. Las tapas est\u00e1n dise\u00f1adas con tres texturas: negro, gris y transparente esmerilado, lo que les da una ligera diferencia visual.<\/p>\n<h2>Caracter\u00edsticas del producto<\/h2>\n<ul>\n<li><strong>Botella cuadrada redondeada:<\/strong> La forma cuadrada redondeada tiene la ventaja de mantener las l\u00edneas rectas de una forma cuadrada, pero las esquinas redondeadas hacen que los bordes afilados sean limpios y c\u00f3modos de sostener.<\/li>\n<li><strong>Material de cristal transparente de gran tama\u00f1o:<\/strong> El cristal transparente brillante proporcionar\u00e1 una visi\u00f3n clara y n\u00edtida de su perfume.<\/li>\n<li><strong>Varias variaciones de tapa texturizada:<\/strong> Las tapas esmeriladas negras, grises y transparentes crean inter\u00e9s visual y combinan con varios estilos de empaquetado de perfumes.<\/li>\n<\/ul>\n<h2 style=\"text-align: left;\">Especificaciones clave<\/h2>\n<table class=\"aligncenter\" style=\"border-collapse: collapse; width: 378.77pt;\" border=\"0\" width=\"505\" cellspacing=\"0\" cellpadding=\"0\">\n<tbody>\n<tr style=\"height: 13.50pt;\">\n<td style=\"height: 13.50pt; width: 119.25pt;\" width=\"159\" height=\"18\">Especificaci\u00f3n<\/td>\n<td style=\"width: 259.50pt;\" width=\"346\">Detalles<\/td>\n<\/tr>\n<tr style=\"height: 13.50pt;\">\n<td style=\"height: 13.50pt;\" height=\"18\">Capacidad<\/td>\n<td>30 ml \/ 50 ml \/ 100 ml<\/td>\n<\/tr>\n<tr style=\"height: 13.50pt;\">\n<td style=\"height: 13.50pt;\" height=\"18\">Dimensiones<\/td>\n<td>52\u00d728\u00d763 mm \/ 61\u00d729\u00d772 mm \/ 81\u00d735\u00d789 mm<\/td>\n<\/tr>\n<tr style=\"height: 13.50pt;\">\n<td style=\"height: 13.50pt;\" height=\"18\">Material<\/td>\n<td>Vidrio de calidad cristalina<\/td>\n<\/tr>\n<tr style=\"height: 13.50pt;\">\n<td style=\"height: 13.50pt;\" height=\"18\">Forma de la botella<\/td>\n<td>Prisma cuadrado redondeado<\/td>\n<\/tr>\n<tr style=\"height: 13.50pt;\">\n<td style=\"height: 13.50pt;\" height=\"18\">Alcance de personalizaci\u00f3n<\/td>\n<td>Forma, tama\u00f1o, color, acabado, capacidad<\/td>\n<\/tr>\n<tr style=\"height: 13.50pt;\">\n<td style=\"height: 13.50pt;\" height=\"18\">Artesan\u00eda<\/td>\n<td>Moldeo de vidrio de precisi\u00f3n<\/td>\n<\/tr>\n<tr style=\"height: 13.50pt;\">\n<td style=\"height: 13.50pt;\" height=\"18\">Prop\u00f3sito del producto<\/td>\n<td>Frascos de vidrio para perfumes, envases para fragancias<\/td>\n<\/tr>\n<tr style=\"height: 13.50pt;\">\n<td style=\"height: 13.50pt;\" height=\"18\">Industrias adecuadas<\/td>\n<td>Marcas de fragancias, marcas de estilo de vida<\/td>\n<\/tr>\n<\/tbody>\n<\/table>\n<h2>Historia de \u00e9xito<\/h2>\n<p>Los atomizadores de perfume de vidrio de 100 ml fueron pedidos por una marca con sede en Toronto que ofrece servicios de fragancias personalizadas. El dise\u00f1o de la hoja se grab\u00f3 con l\u00e1ser en el frasco a petici\u00f3n del cliente. Su suave forma cuadrada ha hecho que el 90 % de los clientes elogien su comodidad. La satisfacci\u00f3n del cliente tambi\u00e9n aument\u00f3 en un 42 % gracias a la mayor facilidad de decoraci\u00f3n con vidrio. El mercado ha sido muy positivo, y la marca acaba de encargar 380\u00a0000 frascos de perfume de vidrio para ampliar sus franquicias.<\/p>\n<h2>Personalizaci\u00f3n de frascos de perfume de vidrio<\/h2>\n<ul>\n<li>Material y textura especiales de las tapas: Las tapas pueden estar hechas de materiales especiales, por ejemplo, madera, piedra, cer\u00e1mica o caucho.<\/li>\n<li>Grabado l\u00e1ser en los laterales: se pueden grabar logotipos simples, dise\u00f1os geom\u00e9tricos o listas de ingredientes en el panel de vidrio plano.<\/li>\n<li>Incrustaci\u00f3n decorativa de metal: La uni\u00f3n entre la botella y la tapa est\u00e1 provista de una fina tira de metal (cobre, lat\u00f3n).<\/li>\n<li>Serigraf\u00eda: Los bordes finos o patrones de etiquetas se imprimen en la superficie del vidrio.<\/li>\n<\/ul>","protected":false},"excerpt":{"rendered":"<p>Realza tu marca con frascos de perfume de vidrio. Estos atomizadores de perfume de vidrio tienen bordes redondeados y tapas de m\u00e1rmol con textura \u00fanica. \u00a1Env\u00edo r\u00e1pido!<\/p>","protected":false},"featured_media":4604,"template":"","meta":{"postBodyCss":"","postBodyMargin":[],"postBodyPadding":[],"postBodyBackground":{"backgroundType":"classic","gradient":""}},"product_brand":[],"product_cat":[15,16,62],"product_tag":[],"class_list":{"0":"post-4598","1":"product","2":"type-product","3":"status-publish","4":"has-post-thumbnail","6":"product_cat-glass-containers","7":"product_cat-glass-bottles","8":"product_cat-perfume-bottles","10":"first","11":"instock","12":"shipping-taxable","13":"product-type-simple"},"jetpack_sharing_enabled":true,"_links":{"self":[{"href":"https:\/\/minghanggroup.com\/es\/wp-json\/wp\/v2\/product\/4598","targetHints":{"allow":["GET"]}}],"collection":[{"href":"https:\/\/minghanggroup.com\/es\/wp-json\/wp\/v2\/product"}],"about":[{"href":"https:\/\/minghanggroup.com\/es\/wp-json\/wp\/v2\/types\/product"}],"wp:featuredmedia":[{"embeddable":true,"href":"https:\/\/minghanggroup.com\/es\/wp-json\/wp\/v2\/media\/4604"}],"wp:attachment":[{"href":"https:\/\/minghanggroup.com\/es\/wp-json\/wp\/v2\/media?parent=4598"}],"wp:term":[{"taxonomy":"product_brand","embeddable":true,"href":"https:\/\/minghanggroup.com\/es\/wp-json\/wp\/v2\/product_brand?post=4598"},{"taxonomy":"product_cat","embeddable":true,"href":"https:\/\/minghanggroup.com\/es\/wp-json\/wp\/v2\/product_cat?post=4598"},{"taxonomy":"product_tag","embeddable":true,"href":"https:\/\/minghanggroup.com\/es\/wp-json\/wp\/v2\/product_tag?post=4598"}],"curies":[{"name":"wp","href":"https:\/\/api.w.org\/{rel}","templated":true}]}}