{"id":4593,"date":"2026-01-13T14:15:37","date_gmt":"2026-01-13T06:15:37","guid":{"rendered":"https:\/\/minghanggroup.com\/?post_type=product&#038;p=4593"},"modified":"2026-01-13T16:50:36","modified_gmt":"2026-01-13T08:50:36","slug":"empty-beautiful-fragrance-bottles-wholesale","status":"publish","type":"product","link":"https:\/\/minghanggroup.com\/es\/producto\/empty-beautiful-fragrance-bottles-wholesale\/","title":{"rendered":"Botellas de fragancia vac\u00edas de 100 ml al por mayor"},"content":{"rendered":"<p>Estos hermosos frascos de fragancia tienen un dise\u00f1o elegante y suave, fabricados con vidrio transparente. Las tapas est\u00e1n rematadas con un acabado cepillado que les da un aspecto lujoso.<\/p>\n<h2>Caracter\u00edsticas del producto<\/h2>\n<ul>\n<li><strong>Botella en forma de l\u00e1grima:<\/strong> La naturaleza fluida y suave de la botella proporciona un buen agarre y agrega belleza a la botella.<\/li>\n<li><strong>Tapa de metal cepillado:<\/strong> La tapa de metal tambi\u00e9n contrasta marcadamente con el cristal transparente, lo que aumenta la calidad y el estilo del producto.<\/li>\n<li><strong>Boquilla de pulverizaci\u00f3n incorporada:<\/strong> La boquilla de pulverizaci\u00f3n incorporada en la tapa se considera c\u00f3moda y presentable, lo que la hace ideal para el uso diario de perfumes.<\/li>\n<\/ul>\n<h2 style=\"text-align: left;\">Especificaciones clave<\/h2>\n<table class=\"aligncenter\" style=\"border-collapse: collapse; width: 427.52pt;\" border=\"0\" width=\"570\" cellspacing=\"0\" cellpadding=\"0\">\n<tbody>\n<tr style=\"height: 13.50pt;\">\n<td style=\"height: 13.50pt; width: 119.25pt;\" width=\"159\" height=\"18\">Especificaci\u00f3n<\/td>\n<td style=\"width: 308.25pt;\" width=\"411\">Detalles<\/td>\n<\/tr>\n<tr style=\"height: 13.50pt;\">\n<td style=\"height: 13.50pt;\" height=\"18\">Capacidad<\/td>\n<td>100 ml<\/td>\n<\/tr>\n<tr style=\"height: 13.50pt;\">\n<td style=\"height: 13.50pt;\" height=\"18\">Dimensiones<\/td>\n<td>51\u00d7107 mm<\/td>\n<\/tr>\n<tr style=\"height: 13.50pt;\">\n<td style=\"height: 13.50pt;\" height=\"18\">Material<\/td>\n<td>Vidrio de calidad cristalina, tapa de metal<\/td>\n<\/tr>\n<tr style=\"height: 13.50pt;\">\n<td style=\"height: 13.50pt;\" height=\"18\">Alcance de personalizaci\u00f3n<\/td>\n<td>Forma, tama\u00f1o, acabado, color<\/td>\n<\/tr>\n<tr style=\"height: 13.50pt;\">\n<td style=\"height: 13.50pt;\" height=\"18\">Artesan\u00eda<\/td>\n<td>Hermosas botellas de fragancia, botellas de fragancia a granel<\/td>\n<\/tr>\n<tr style=\"height: 13.50pt;\">\n<td style=\"height: 13.50pt;\" height=\"18\">Prop\u00f3sito del producto<\/td>\n<td>Fragancias Premium y Femeninas, Aromas Exclusivos<\/td>\n<\/tr>\n<\/tbody>\n<\/table>\n<h2>Historia de \u00e9xito<\/h2>\n<p>Una de las empresas de perfumes francesas m\u00e1s antiguas decidi\u00f3 usar nuestro frasco de perfume de 100 ml y encarg\u00f3 un frasco de vidrio con forma de l\u00e1grima y tap\u00f3n met\u00e1lico de oro rosa. Su hermosa forma de l\u00e1grima combinaba sugerentemente con el dise\u00f1o y se convirti\u00f3 inmediatamente en un sello distintivo de la marca, logrando un aumento del 90% en sus ventas. Su boquilla de pulverizaci\u00f3n fina integrada recibi\u00f3 excelentes calificaciones por su pulverizaci\u00f3n uniforme y delicada, con un 85% de comentarios positivos. Tras estos impresionantes resultados, la marca encarg\u00f3 otras 500.000 botellas para satisfacer la demanda de su l\u00ednea de productos reintroducida en los dos a\u00f1os siguientes.<\/p>\n<h2>Hermosas botellas de fragancia personalizables<\/h2>\n<ul>\n<li>Vitral degradado: utiliza un vidrio de dos tonos (o una ligera gradaci\u00f3n) de colores claros a suaves (como rosa, \u00e1mbar, etc.).<\/li>\n<li>Pulverizaci\u00f3n met\u00e1lica: roc\u00ede la botella con perla, oro o cromo para obtener un efecto brillante.<\/li>\n<li>Serigraf\u00eda: Transfiera patrones elaborados y v\u00edvidos al vidrio y demuestre un fuerte sentido de expresi\u00f3n art\u00edstica.<\/li>\n<li>Vidrio texturizado: agregue una ligera textura martillada o acanalada a las formas para proporcionar dimensi\u00f3n.<\/li>\n<\/ul>","protected":false},"excerpt":{"rendered":"<p>Elegantes y hermosos frascos de fragancia con cuerpo de vidrio en forma de l\u00e1grima y tap\u00f3n de metal cepillado. El frasco de perfume de 100 ml admite personalizaci\u00f3n OEM.<\/p>","protected":false},"featured_media":4594,"template":"","meta":{"postBodyCss":"","postBodyMargin":[],"postBodyPadding":[],"postBodyBackground":{"backgroundType":"classic","gradient":""}},"product_brand":[],"product_cat":[15,16,62],"product_tag":[],"class_list":{"0":"post-4593","1":"product","2":"type-product","3":"status-publish","4":"has-post-thumbnail","6":"product_cat-glass-containers","7":"product_cat-glass-bottles","8":"product_cat-perfume-bottles","10":"first","11":"instock","12":"shipping-taxable","13":"product-type-simple"},"jetpack_sharing_enabled":true,"_links":{"self":[{"href":"https:\/\/minghanggroup.com\/es\/wp-json\/wp\/v2\/product\/4593","targetHints":{"allow":["GET"]}}],"collection":[{"href":"https:\/\/minghanggroup.com\/es\/wp-json\/wp\/v2\/product"}],"about":[{"href":"https:\/\/minghanggroup.com\/es\/wp-json\/wp\/v2\/types\/product"}],"wp:featuredmedia":[{"embeddable":true,"href":"https:\/\/minghanggroup.com\/es\/wp-json\/wp\/v2\/media\/4594"}],"wp:attachment":[{"href":"https:\/\/minghanggroup.com\/es\/wp-json\/wp\/v2\/media?parent=4593"}],"wp:term":[{"taxonomy":"product_brand","embeddable":true,"href":"https:\/\/minghanggroup.com\/es\/wp-json\/wp\/v2\/product_brand?post=4593"},{"taxonomy":"product_cat","embeddable":true,"href":"https:\/\/minghanggroup.com\/es\/wp-json\/wp\/v2\/product_cat?post=4593"},{"taxonomy":"product_tag","embeddable":true,"href":"https:\/\/minghanggroup.com\/es\/wp-json\/wp\/v2\/product_tag?post=4593"}],"curies":[{"name":"wp","href":"https:\/\/api.w.org\/{rel}","templated":true}]}}