{"id":4592,"date":"2026-01-13T16:32:57","date_gmt":"2026-01-13T08:32:57","guid":{"rendered":"https:\/\/minghanggroup.com\/?post_type=product&#038;p=4592"},"modified":"2026-01-13T16:53:18","modified_gmt":"2026-01-13T08:53:18","slug":"100-ml-perfume-bottles-bulk-fragrance-bottle-manufacturers","status":"publish","type":"product","link":"https:\/\/minghanggroup.com\/es\/producto\/100-ml-perfume-bottles-bulk-fragrance-bottle-manufacturers\/","title":{"rendered":"Frascos de perfume de 100 ml con dise\u00f1o cuadrado a granel"},"content":{"rendered":"<p>Tu frasco de perfume de 100 ml no solo debe contener aroma, sino que tambi\u00e9n debe hacer que los usuarios se detengan a mitad de la navegaci\u00f3n. Como fabricantes l\u00edderes de frascos de fragancias, creamos frascos de perfume de vidrio que convierten tu perfume personalizado en un momento de lujo que dejar\u00e1 at\u00f3nitos a los visitantes.<\/p>\n<h2>Caracter\u00edsticas del producto<\/h2>\n<ul>\n<li><strong>Contraste de gorra rosa\/negra: <\/strong>\u00bfTapas rosas o negras suaves sobre cristal transparente? Un regalo visual instant\u00e1neo para el envase de tu perfume.<\/li>\n<li><strong>Rect\u00e1ngulo estabilizado: <\/strong>Fondo grueso que evita que se balancee en los estantes. Su frasco de perfume de vidrio tiene un tacto suntuoso y lujoso.<\/li>\n<li><strong>Marca lista: <\/strong>No requiere etiquetas, ideal para el lanzamiento de un perfume personalizado o una exhibici\u00f3n de aceites esenciales.<\/li>\n<\/ul>\n<h2>Especificaciones clave<\/h2>\n<table style=\"border-collapse: collapse; width: 80%; margin-right: auto; margin-left: auto;\" border=\"0\" width=\"288\" cellspacing=\"0\" cellpadding=\"0\">\n<tbody>\n<tr style=\"height: 13.50pt;\">\n<td style=\"height: 13.5pt; width: 54pt; text-align: center;\" width=\"72\" height=\"18\">Tama\u00f1o<\/td>\n<td style=\"width: 54pt; text-align: center;\" width=\"72\">Dimensiones (mm)<\/td>\n<td style=\"width: 54pt; text-align: center;\" width=\"72\">Color de la tapa<\/td>\n<td style=\"width: 54pt; text-align: center;\" width=\"72\">Tipo de sellado<\/td>\n<\/tr>\n<tr style=\"height: 13.50pt;\">\n<td style=\"height: 13.5pt; text-align: center;\" height=\"18\">100 ml<\/td>\n<td style=\"text-align: center;\">68\u00d736\u00d7100<\/td>\n<td style=\"text-align: center;\">Rosa\/Negro<\/td>\n<td style=\"text-align: center;\">Atomizador<\/td>\n<\/tr>\n<\/tbody>\n<\/table>\n<h2>Caso de \u00e9xito<\/h2>\n<p>Una de las marcas l\u00edderes en fragancias modernas y minimalistas buscaba un envase que reflejara la pureza de sus productos y su elegante car\u00e1cter. Para presentar su nueva colecci\u00f3n, opt\u00f3 por nuestros frascos de perfume cuadrados de vidrio y los personaliz\u00f3, entre otras cosas, con un acabado ligeramente esmerilado y un logotipo perforado para una mejor visibilidad en los lineales.<\/p>\n<p>Con el tiempo, este dise\u00f1o elegante se volvi\u00f3 tan efectivo que hizo que la marca se destacara en la tienda, lo que result\u00f3 en un aumento del 46% en las tasas de recompra de distribuidores y un aumento de ventas del 30% en dos trimestres.<\/p>\n<h2>Sus opciones de personalizaci\u00f3n<\/h2>\n<ol>\n<li><strong>Color de la gorra: <\/strong>Rosa para floral, negro para amaderado, su tap\u00f3n revelar\u00e1 la historia incluso antes de la primera pulverizaci\u00f3n.<\/li>\n<li><strong>Impresi\u00f3n UV para decoraci\u00f3n: <\/strong>Dale a tu cristaler\u00eda un dise\u00f1o sofisticado y tus soluciones de envasado de fragancias se convertir\u00e1n en tema de discusi\u00f3n.<\/li>\n<li><strong>Ajustes del atomizador para aceites esenciales: <\/strong>Ajuste el atomizador para los aceites densos, sin bloqueos, solo una niebla perfectamente fina.<\/li>\n<\/ol>","protected":false},"excerpt":{"rendered":"<p>Frascos de perfume de 100 ml con l\u00edneas limpias y vidrio grueso. Suministro directo de f\u00e1brica, muestras gratuitas y personalizaci\u00f3n al por mayor por parte de fabricantes experimentados de frascos de fragancias.<\/p>","protected":false},"featured_media":4602,"template":"","meta":{"postBodyCss":"","postBodyMargin":[],"postBodyPadding":[],"postBodyBackground":{"backgroundType":"classic","gradient":""}},"product_brand":[],"product_cat":[16,15,62],"product_tag":[],"class_list":{"0":"post-4592","1":"product","2":"type-product","3":"status-publish","4":"has-post-thumbnail","6":"product_cat-glass-bottles","7":"product_cat-glass-containers","8":"product_cat-perfume-bottles","10":"first","11":"instock","12":"shipping-taxable","13":"product-type-simple"},"jetpack_sharing_enabled":true,"_links":{"self":[{"href":"https:\/\/minghanggroup.com\/es\/wp-json\/wp\/v2\/product\/4592","targetHints":{"allow":["GET"]}}],"collection":[{"href":"https:\/\/minghanggroup.com\/es\/wp-json\/wp\/v2\/product"}],"about":[{"href":"https:\/\/minghanggroup.com\/es\/wp-json\/wp\/v2\/types\/product"}],"wp:featuredmedia":[{"embeddable":true,"href":"https:\/\/minghanggroup.com\/es\/wp-json\/wp\/v2\/media\/4602"}],"wp:attachment":[{"href":"https:\/\/minghanggroup.com\/es\/wp-json\/wp\/v2\/media?parent=4592"}],"wp:term":[{"taxonomy":"product_brand","embeddable":true,"href":"https:\/\/minghanggroup.com\/es\/wp-json\/wp\/v2\/product_brand?post=4592"},{"taxonomy":"product_cat","embeddable":true,"href":"https:\/\/minghanggroup.com\/es\/wp-json\/wp\/v2\/product_cat?post=4592"},{"taxonomy":"product_tag","embeddable":true,"href":"https:\/\/minghanggroup.com\/es\/wp-json\/wp\/v2\/product_tag?post=4592"}],"curies":[{"name":"wp","href":"https:\/\/api.w.org\/{rel}","templated":true}]}}