{"id":4582,"date":"2026-01-13T11:42:11","date_gmt":"2026-01-13T03:42:11","guid":{"rendered":"https:\/\/minghanggroup.com\/?post_type=product&#038;p=4582"},"modified":"2026-01-13T16:50:08","modified_gmt":"2026-01-13T08:50:08","slug":"small-ribbed-travel-containers-for-perfume-wholesale","status":"publish","type":"product","link":"https:\/\/minghanggroup.com\/es\/producto\/small-ribbed-travel-containers-for-perfume-wholesale\/","title":{"rendered":"Envases de viaje peque\u00f1os acanalados de 15 ml para perfumes al por mayor"},"content":{"rendered":"<p>Estos envases de viaje para perfume est\u00e1n hechos de cristal rayado, con un cuerpo transparente que contrasta con las tapas esf\u00e9ricas negras brillantes. Su peque\u00f1o tama\u00f1o de 15 ml permite llevarlos f\u00e1cilmente en el bolso.<\/p>\n<h2>Caracter\u00edsticas del producto<\/h2>\n<ul>\n<li><strong>Tama\u00f1o port\u00e1til de 15 ml:<\/strong> El tama\u00f1o de 15 ml es adecuado para soportar la aplicaci\u00f3n diaria de toques y se ajusta a los criterios del packaging de perfumes nicho.<\/li>\n<li><strong>Botella de cristal texturizado:<\/strong> La botella de cristal rayado, muy transparente, tiene un buen agarre y adem\u00e1s refracta la luz y le da un estilo vintage.<\/li>\n<li><strong>Dise\u00f1o combinado:<\/strong> Esto se consigue mediante el ingenioso uso de una base cil\u00edndrica y un cuerpo cuadrado para proporcionar un buen agarre y tambi\u00e9n dar una apariencia limpia.<\/li>\n<\/ul>\n<h2 style=\"text-align: left;\">Especificaciones clave<\/h2>\n<table class=\"aligncenter\" style=\"border-collapse: collapse; width: 366.77pt;\" border=\"0\" width=\"489\" cellspacing=\"0\" cellpadding=\"0\">\n<tbody>\n<tr style=\"height: 13.50pt;\">\n<td style=\"height: 13.50pt; width: 119.25pt;\" width=\"159\" height=\"18\">Atributo<\/td>\n<td style=\"width: 247.50pt;\" width=\"330\">Detalles<\/td>\n<\/tr>\n<tr style=\"height: 13.50pt;\">\n<td style=\"height: 13.50pt;\" height=\"18\">Capacidad<\/td>\n<td>15 ml<\/td>\n<\/tr>\n<tr style=\"height: 13.50pt;\">\n<td style=\"height: 13.50pt;\" height=\"18\">Dimensiones<\/td>\n<td>32 \u00d7 50 mm<\/td>\n<\/tr>\n<tr style=\"height: 13.50pt;\">\n<td style=\"height: 13.50pt;\" height=\"18\">Material<\/td>\n<td>Vidrio texturizado cristalino<\/td>\n<\/tr>\n<tr style=\"height: 13.50pt;\">\n<td style=\"height: 13.50pt;\" height=\"18\">Forma de la botella<\/td>\n<td>Cilindro<\/td>\n<\/tr>\n<tr style=\"height: 13.50pt;\">\n<td style=\"height: 13.50pt;\" height=\"18\">Alcance de personalizaci\u00f3n<\/td>\n<td>Color, pulverizaci\u00f3n, glaseado, tama\u00f1o<\/td>\n<\/tr>\n<tr style=\"height: 13.50pt;\">\n<td style=\"height: 13.50pt;\" height=\"18\">Uso del producto<\/td>\n<td>Contenedor de perfume, frascos de perfume de viaje<\/td>\n<\/tr>\n<tr style=\"height: 13.50pt;\">\n<td style=\"height: 13.50pt;\" height=\"18\">Industrias objetivo<\/td>\n<td>Perfumistas de nicho, marcas de perfumes personalizadas<\/td>\n<\/tr>\n<\/tbody>\n<\/table>\n<h2>Historia de \u00e9xito<\/h2>\n<p>Nuestros envases de viaje de 15 ml para perfumes se personalizaron con un cuerpo de vidrio \u00e1mbar intenso y un dise\u00f1o a rayas para la empresa de perfumes europea, con 100 a\u00f1os de antig\u00fcedad. El contorno acanalado se convirti\u00f3 en un sello distintivo, y la marca alcanz\u00f3 el 90 % del nicho de mercado. Su tama\u00f1o de 15 ml fue ideal para su idea de viaje de 5 d\u00edas y fue el m\u00e1s vendido de la serie. El dise\u00f1o retro tambi\u00e9n aument\u00f3 el inter\u00e9s en redes sociales entre los blogueros de estilo de vida tradicionales en un 450 %. La marca qued\u00f3 satisfecha y encarg\u00f3 un nuevo lote de 600\u00a0000 botellas para sus tres colecciones de viaje de inspiraci\u00f3n patrimonial.<\/p>\n<h2>Personalizaci\u00f3n de frascos de perfume de viaje<\/h2>\n<ul>\n<li>Colores y tonos de vidrio: Las opciones de color de vidrio son transparente, \u00e1mbar, azul cobalto u otros colores de vidrio de estilo retro.<\/li>\n<li>Variaciones del patr\u00f3n de las nervaduras: personalice el ancho, la profundidad o la distancia entre las nervaduras verticales de la botella.<\/li>\n<li>Grabado l\u00e1ser: grabe logotipos retro, motivos de viaje o coordenadas en el panel frontal liso.<\/li>\n<li>Serigraf\u00eda: Imprima etiquetas o bordes de estilo retro sobre el panel plano de vidrio.<\/li>\n<\/ul>","protected":false},"excerpt":{"rendered":"<p>Envases de viaje para perfume con capacidad de 15 ml de cristal con textura vertical y tap\u00f3n negro brillante. Frascos de perfume de viaje premium suministrados directamente de f\u00e1brica.<\/p>","protected":false},"featured_media":4583,"template":"","meta":{"postBodyCss":"","postBodyMargin":[],"postBodyPadding":[],"postBodyBackground":{"backgroundType":"classic","gradient":""}},"product_brand":[],"product_cat":[15,16,62],"product_tag":[],"class_list":{"0":"post-4582","1":"product","2":"type-product","3":"status-publish","4":"has-post-thumbnail","6":"product_cat-glass-containers","7":"product_cat-glass-bottles","8":"product_cat-perfume-bottles","10":"first","11":"instock","12":"shipping-taxable","13":"product-type-simple"},"jetpack_sharing_enabled":true,"_links":{"self":[{"href":"https:\/\/minghanggroup.com\/es\/wp-json\/wp\/v2\/product\/4582","targetHints":{"allow":["GET"]}}],"collection":[{"href":"https:\/\/minghanggroup.com\/es\/wp-json\/wp\/v2\/product"}],"about":[{"href":"https:\/\/minghanggroup.com\/es\/wp-json\/wp\/v2\/types\/product"}],"wp:featuredmedia":[{"embeddable":true,"href":"https:\/\/minghanggroup.com\/es\/wp-json\/wp\/v2\/media\/4583"}],"wp:attachment":[{"href":"https:\/\/minghanggroup.com\/es\/wp-json\/wp\/v2\/media?parent=4582"}],"wp:term":[{"taxonomy":"product_brand","embeddable":true,"href":"https:\/\/minghanggroup.com\/es\/wp-json\/wp\/v2\/product_brand?post=4582"},{"taxonomy":"product_cat","embeddable":true,"href":"https:\/\/minghanggroup.com\/es\/wp-json\/wp\/v2\/product_cat?post=4582"},{"taxonomy":"product_tag","embeddable":true,"href":"https:\/\/minghanggroup.com\/es\/wp-json\/wp\/v2\/product_tag?post=4582"}],"curies":[{"name":"wp","href":"https:\/\/api.w.org\/{rel}","templated":true}]}}