{"id":4581,"date":"2026-01-13T16:29:49","date_gmt":"2026-01-13T08:29:49","guid":{"rendered":"https:\/\/minghanggroup.com\/?post_type=product&#038;p=4581"},"modified":"2026-01-13T16:51:56","modified_gmt":"2026-01-13T08:51:56","slug":"glass-perfume-bottle-fancy-design-for-packaging-bulk","status":"publish","type":"product","link":"https:\/\/minghanggroup.com\/es\/producto\/glass-perfume-bottle-fancy-design-for-packaging-bulk\/","title":{"rendered":"Botella de perfume de vidrio de 100 ml con dise\u00f1o elegante para embalaje a granel"},"content":{"rendered":"<p>Tu frasco de perfume cuadrado rosa no solo debe contener aroma, sino que tambi\u00e9n debe hacer que los usuarios se detengan a mitad del desplazamiento. Como dise\u00f1adores de frascos de perfume de lujo, creamos frascos de perfume de vidrio que convierten tu perfume personalizado en un momento de lujo instant\u00e1neo.<\/p>\n<h2>Caracter\u00edsticas del producto<\/h2>\n<ul>\n<li><strong>Contraste de gorra rosa: <\/strong>\u00bfTapas de color rosa suave con una capa de vidrio transparente? El empaque de tu perfume destacar\u00e1 visualmente al instante.<\/li>\n<li><strong>Rect\u00e1ngulo estabilizado: <\/strong>Fondo grueso que evita que se mueva. Su frasco de perfume de vidrio tiene un peso y una sensaci\u00f3n de calidad superior.<\/li>\n<li><strong>Acentos dorados: <\/strong>\u00bfTapa rosa y aro dorado? El empaque de tu fragancia adquirir\u00e1 elegancia al instante.<\/li>\n<\/ul>\n<h2>Especificaciones clave<\/h2>\n<table style=\"border-collapse: collapse; width: 80%; margin-left: auto; margin-right: auto;\" border=\"0\" width=\"288\" cellspacing=\"0\" cellpadding=\"0\">\n<tbody>\n<tr style=\"height: 13.50pt;\">\n<td style=\"height: 13.5pt; width: 54pt; text-align: center;\" width=\"72\" height=\"18\">Tama\u00f1o<\/td>\n<td style=\"width: 54pt; text-align: center;\" width=\"72\">Dimensiones (mm)<\/td>\n<td style=\"width: 54pt; text-align: center;\" width=\"72\">Color de la tapa<\/td>\n<td style=\"width: 54pt; text-align: center;\" width=\"72\">Tipo de sellado<\/td>\n<\/tr>\n<tr style=\"height: 13.50pt;\">\n<td style=\"height: 13.5pt; text-align: center;\" height=\"18\">100 ml<\/td>\n<td style=\"text-align: center;\">70 \u00d7 37 \u00d7 97<\/td>\n<td style=\"text-align: center;\">Rosa<\/td>\n<td style=\"text-align: center;\">Atomizador<\/td>\n<\/tr>\n<\/tbody>\n<\/table>\n<h2>Caso de \u00e9xito<\/h2>\n<p>Una marca de perfumes estaba a punto de lanzar una nueva fragancia femenina y, por lo tanto, buscaba un envase que reflejara al instante la elegancia y la identidad de la marca. Para la primera producci\u00f3n, optaron por nuestros frascos de perfume cuadrados de vidrio y los personalizaron con un color rosa suave, un acabado esmerilado y un logotipo ligeramente grabado en relieve en el panel frontal. Adem\u00e1s, se utilizaron delicados patrones serigrafiados para a\u00f1adir profundidad visual sin dominar el estilo minimalista.<\/p>\n<p>El resultado fue una renovaci\u00f3n del empaque que mejor\u00f3 considerablemente el atractivo en los estantes y el reconocimiento de la marca, lo que facilit\u00f3 un aumento del 35 % en las ventas durante los dos primeros meses del lanzamiento. Desde entonces, la marca ha realizado m\u00faltiples pedidos al por mayor de sus colecciones de temporada.<\/p>\n<h2>Sus opciones de personalizaci\u00f3n<\/h2>\n<ol>\n<li><strong>Gorra rosa: <\/strong>Rosa para floral, plata para c\u00edtricos: tu gorra ya est\u00e1 contando la historia antes de la primera pulverizaci\u00f3n.<\/li>\n<li><strong>Impresi\u00f3n UV para decoraci\u00f3n: <\/strong>\u00bfPor qu\u00e9 no continuar convirtiendo sus soluciones de envasado de fragancias en arte a\u00f1adiendo el patr\u00f3n floral al vidrio?<\/li>\n<li><strong>Decoraci\u00f3n rosa esmerilada: <\/strong>Un buen detalle ser\u00eda escarchar solo un tercio de la parte superior del vaso; el color rosa se iluminar\u00e1 suavemente con la luz natural. Tus soluciones de empaquetado de fragancias ser\u00e1n fotografiables.<\/li>\n<\/ol>","protected":false},"excerpt":{"rendered":"<p>Frasco de perfume con un elegante dise\u00f1o en tono rosa suave y forma cuadrada. Disponible directamente de f\u00e1brica, con muestras gratuitas y opciones personalizadas.<\/p>","protected":false},"featured_media":4590,"template":"","meta":{"postBodyCss":"","postBodyMargin":[],"postBodyPadding":[],"postBodyBackground":{"backgroundType":"classic","gradient":""}},"product_brand":[],"product_cat":[15,16,62],"product_tag":[],"class_list":{"0":"post-4581","1":"product","2":"type-product","3":"status-publish","4":"has-post-thumbnail","6":"product_cat-glass-containers","7":"product_cat-glass-bottles","8":"product_cat-perfume-bottles","10":"first","11":"instock","12":"shipping-taxable","13":"product-type-simple"},"jetpack_sharing_enabled":true,"_links":{"self":[{"href":"https:\/\/minghanggroup.com\/es\/wp-json\/wp\/v2\/product\/4581","targetHints":{"allow":["GET"]}}],"collection":[{"href":"https:\/\/minghanggroup.com\/es\/wp-json\/wp\/v2\/product"}],"about":[{"href":"https:\/\/minghanggroup.com\/es\/wp-json\/wp\/v2\/types\/product"}],"wp:featuredmedia":[{"embeddable":true,"href":"https:\/\/minghanggroup.com\/es\/wp-json\/wp\/v2\/media\/4590"}],"wp:attachment":[{"href":"https:\/\/minghanggroup.com\/es\/wp-json\/wp\/v2\/media?parent=4581"}],"wp:term":[{"taxonomy":"product_brand","embeddable":true,"href":"https:\/\/minghanggroup.com\/es\/wp-json\/wp\/v2\/product_brand?post=4581"},{"taxonomy":"product_cat","embeddable":true,"href":"https:\/\/minghanggroup.com\/es\/wp-json\/wp\/v2\/product_cat?post=4581"},{"taxonomy":"product_tag","embeddable":true,"href":"https:\/\/minghanggroup.com\/es\/wp-json\/wp\/v2\/product_tag?post=4581"}],"curies":[{"name":"wp","href":"https:\/\/api.w.org\/{rel}","templated":true}]}}