{"id":4576,"date":"2026-01-13T10:51:34","date_gmt":"2026-01-13T02:51:34","guid":{"rendered":"https:\/\/minghanggroup.com\/?post_type=product&#038;p=4576"},"modified":"2026-01-13T16:51:38","modified_gmt":"2026-01-13T08:51:38","slug":"mini-fragrance-bottles-for-travel-design-wholesale","status":"publish","type":"product","link":"https:\/\/minghanggroup.com\/es\/producto\/mini-fragrance-bottles-for-travel-design-wholesale\/","title":{"rendered":"Mini frascos de fragancia de 10 ml para viajes al por mayor"},"content":{"rendered":"<p>Esta l\u00ednea de mini frascos de perfume incluye dos atractivos dise\u00f1os: el prisma cuadrado delgado y el cl\u00e1sico dise\u00f1o cil\u00edndrico. Cada frasco contiene 10 ml. Est\u00e1n fabricados en vidrio transparente, por lo que caben en cualquier bolsillo o bolso.<\/p>\n<h2>Caracter\u00edsticas del producto<\/h2>\n<ul>\n<li><strong>Peque\u00f1o y exquisito:<\/strong> Este frasco de perfume tiene un dise\u00f1o peque\u00f1o con una practicidad integrada y una buena apariencia, ya que puede colocarse en cualquier bolso o bolsillo.<\/li>\n<li><strong>Cuadrado o cil\u00edndrico:<\/strong> Puede optar por tener una botella cuadrada elegante o una botella cil\u00edndrica m\u00e1s antigua que pueda compararse con su marca.<\/li>\n<li><strong>Botella de vidrio transparente:<\/strong> La botella est\u00e1 hecha de vidrio transparente que permite a los invitados ver la cantidad de perfume que queda en la botella, lo que le da un car\u00e1cter puro e impecable.<\/li>\n<\/ul>\n<h2 style=\"text-align: left;\">Especificaciones clave<\/h2>\n<table class=\"aligncenter\" style=\"border-collapse: collapse; width: 473.27pt;\" border=\"0\" width=\"631\" cellspacing=\"0\" cellpadding=\"0\">\n<tbody>\n<tr style=\"height: 13.50pt;\">\n<td style=\"height: 13.50pt; width: 119.25pt;\" width=\"159\" height=\"18\">Especificaci\u00f3n<\/td>\n<td style=\"width: 354.00pt;\" width=\"472\">Detalles<\/td>\n<\/tr>\n<tr style=\"height: 13.50pt;\">\n<td style=\"height: 13.50pt;\" height=\"18\">Capacidad<\/td>\n<td>10 ml (todos los estilos)<\/td>\n<\/tr>\n<tr style=\"height: 13.50pt;\">\n<td style=\"height: 13.50pt;\" height=\"18\">Dimensiones<\/td>\n<td>17\u00d717\u00d799 mm \/ 21\u00d721\u00d7103 mm (cuadrado) \/ 23\u00d7105 mm (cilindro)<\/td>\n<\/tr>\n<tr style=\"height: 13.50pt;\">\n<td style=\"height: 13.50pt;\" height=\"18\">Material<\/td>\n<td>Vidrio transparente, tapas de metal<\/td>\n<\/tr>\n<tr style=\"height: 13.50pt;\">\n<td style=\"height: 13.50pt;\" height=\"18\">Forma de la botella<\/td>\n<td>Prisma cuadrado y cilindro<\/td>\n<\/tr>\n<tr style=\"height: 13.50pt;\">\n<td style=\"height: 13.50pt;\" height=\"18\">Alcance de personalizaci\u00f3n<\/td>\n<td>Forma, tama\u00f1o y color\/tinte de la botella<\/td>\n<\/tr>\n<tr style=\"height: 13.50pt;\">\n<td style=\"height: 13.50pt;\" height=\"18\">Artesan\u00eda<\/td>\n<td>Soplado de vidrio en miniatura de precisi\u00f3n, ensamblaje de tapa met\u00e1lica<\/td>\n<\/tr>\n<tr style=\"height: 13.50pt;\">\n<td style=\"height: 13.50pt;\" height=\"18\">Prop\u00f3sito del producto<\/td>\n<td>Frascos de perfume para viaje, frascos de muestra de perfume<\/td>\n<\/tr>\n<tr style=\"height: 13.50pt;\">\n<td style=\"height: 13.50pt;\" height=\"18\">Industrias adecuadas<\/td>\n<td>Hosteler\u00eda, Travel Retail, Marcas de perfumes<\/td>\n<\/tr>\n<\/tbody>\n<\/table>\n<h2>Caso de \u00e9xito: Instalaciones especiales para una cadena hotelera de lujo<\/h2>\n<p>Una cadena hotelera de cinco estrellas encarg\u00f3 nuestros mini frascos de perfume, que personalizaron seg\u00fan sus necesidades. Presentan un tap\u00f3n dorado y un elegante acabado esmerilado, incluyendo el logotipo del hotel. El formato de 10 ml es ideal para los hu\u00e9spedes, y el 92 % se llev\u00f3 el frasco como recuerdo. Los hu\u00e9spedes mostraron una satisfacci\u00f3n del 80 % con las instalaciones de las habitaciones y el aspecto de alta gama de este frasco de perfume de larga duraci\u00f3n. La cadena hotelera se mostr\u00f3 satisfecha con la buena acogida y promoci\u00f3n de la marca, hasta el punto de encargar 800.000 frascos adicionales que se distribuir\u00e1n en sus hoteles de todo el mundo.<\/p>\n<h2>Envases de perfume de viaje con personalizaci\u00f3n premium<\/h2>\n<ul>\n<li>Opciones de color de vidrio: Los clientes pueden usar vidrio de color transparente, gris ahumado o \u00e1mbar para mejorar la protecci\u00f3n contra los rayos UV o la marca.<\/li>\n<li>Efecto de vidrio esmerilado: Las fachadas total o parcialmente esmeriladas del trabajo terminado brindan la apariencia de un vidrio suave y lujoso.<\/li>\n<li>Serigraf\u00eda: \u00bfSe puede imprimir un peque\u00f1o logotipo o imagen en el lateral de la botella para garantizar que tenga una imagen de marca definida?<\/li>\n<li>Pulverizador de viaje: Es de alta calidad y su bomba pulverizadora de viaje es a prueba de fugas y se puede utilizar f\u00e1cilmente.<\/li>\n<\/ul>","protected":false},"excerpt":{"rendered":"<p>Nuestro set de perfumes de viaje incluye frascos de vidrio cuadrados y cil\u00edndricos. Estos mini frascos de fragancia vienen con tapas premium doradas y plateadas. Muestras gratis.<\/p>","protected":false},"featured_media":4580,"template":"","meta":{"postBodyCss":"","postBodyMargin":[],"postBodyPadding":[],"postBodyBackground":{"backgroundType":"classic","gradient":""}},"product_brand":[],"product_cat":[15,16,62],"product_tag":[],"class_list":{"0":"post-4576","1":"product","2":"type-product","3":"status-publish","4":"has-post-thumbnail","6":"product_cat-glass-containers","7":"product_cat-glass-bottles","8":"product_cat-perfume-bottles","10":"first","11":"instock","12":"shipping-taxable","13":"product-type-simple"},"jetpack_sharing_enabled":true,"_links":{"self":[{"href":"https:\/\/minghanggroup.com\/es\/wp-json\/wp\/v2\/product\/4576","targetHints":{"allow":["GET"]}}],"collection":[{"href":"https:\/\/minghanggroup.com\/es\/wp-json\/wp\/v2\/product"}],"about":[{"href":"https:\/\/minghanggroup.com\/es\/wp-json\/wp\/v2\/types\/product"}],"wp:featuredmedia":[{"embeddable":true,"href":"https:\/\/minghanggroup.com\/es\/wp-json\/wp\/v2\/media\/4580"}],"wp:attachment":[{"href":"https:\/\/minghanggroup.com\/es\/wp-json\/wp\/v2\/media?parent=4576"}],"wp:term":[{"taxonomy":"product_brand","embeddable":true,"href":"https:\/\/minghanggroup.com\/es\/wp-json\/wp\/v2\/product_brand?post=4576"},{"taxonomy":"product_cat","embeddable":true,"href":"https:\/\/minghanggroup.com\/es\/wp-json\/wp\/v2\/product_cat?post=4576"},{"taxonomy":"product_tag","embeddable":true,"href":"https:\/\/minghanggroup.com\/es\/wp-json\/wp\/v2\/product_tag?post=4576"}],"curies":[{"name":"wp","href":"https:\/\/api.w.org\/{rel}","templated":true}]}}