{"id":4571,"date":"2026-01-13T08:50:56","date_gmt":"2026-01-13T00:50:56","guid":{"rendered":"https:\/\/minghanggroup.com\/?post_type=product&#038;p=4571"},"modified":"2026-01-13T16:52:23","modified_gmt":"2026-01-13T08:52:23","slug":"clear-rectangle-3-4-oz-perfume-bottles-wholesale","status":"publish","type":"product","link":"https:\/\/minghanggroup.com\/es\/producto\/clear-rectangle-3-4-oz-perfume-bottles-wholesale\/","title":{"rendered":"Botellas de perfume rectangulares transparentes de 3.4 oz al por mayor"},"content":{"rendered":"<p>Este frasco de perfume de 95 ml tiene una elegante forma rectangular y est\u00e1 hecho de cristal transparente. Su cuerpo en forma de bumer\u00e1n (con bordes suaves) permite que la luz fluya a trav\u00e9s de \u00e9l, y su tap\u00f3n trapezoidal negro brillante es realmente llamativo.<\/p>\n<h2>Caracter\u00edsticas del producto<\/h2>\n<ul>\n<li><strong>Botella de cristal de alta transparencia:<\/strong> La botella de cristal extremadamente transparente es la exhibici\u00f3n perfecta del aroma de la fragancia debido al brillo y la claridad del producto.<\/li>\n<li><strong>Botella cuadrada redondeada:<\/strong> La botella cuadrada redondeada garantizar\u00e1 una apariencia limpia en una colocaci\u00f3n y brindar\u00e1 m\u00e1s comodidad cuando se sostiene en la mano.<\/li>\n<li><strong>Tapa trapezoidal negra brillante:<\/strong> La botella transparente contrasta con la tapa trapezoidal negra brillante, y las l\u00edneas limpias se utilizan para respaldar el estilo minimalista y sofisticado.<\/li>\n<\/ul>\n<h2 style=\"text-align: left;\">Especificaciones clave<\/h2>\n<table class=\"aligncenter\" style=\"border-collapse: collapse; width: 414.02pt;\" border=\"0\" width=\"552\" cellspacing=\"0\" cellpadding=\"0\">\n<tbody>\n<tr style=\"height: 13.50pt;\">\n<td style=\"height: 13.50pt; width: 119.25pt;\" width=\"159\" height=\"18\">Especificaci\u00f3n<\/td>\n<td style=\"width: 294.75pt;\" width=\"393\">Detalles<\/td>\n<\/tr>\n<tr style=\"height: 13.50pt;\">\n<td style=\"height: 13.50pt;\" height=\"18\">Capacidad<\/td>\n<td>100 ml (3,4 oz)<\/td>\n<\/tr>\n<tr style=\"height: 13.50pt;\">\n<td style=\"height: 13.50pt;\" height=\"18\">Dimensiones<\/td>\n<td>73\u00d731\u00d7106 mm<\/td>\n<\/tr>\n<tr style=\"height: 13.50pt;\">\n<td style=\"height: 13.50pt;\" height=\"18\">Material<\/td>\n<td>Vidrio de calidad cristalina<\/td>\n<\/tr>\n<tr style=\"height: 13.50pt;\">\n<td style=\"height: 13.50pt;\" height=\"18\">Forma de la botella<\/td>\n<td>Rect\u00e1ngulo con esquinas redondeadas<\/td>\n<\/tr>\n<tr style=\"height: 13.50pt;\">\n<td style=\"height: 13.50pt;\" height=\"18\">Alcance de personalizaci\u00f3n<\/td>\n<td>Forma, tama\u00f1o, color\/acabado del vidrio<\/td>\n<\/tr>\n<tr style=\"height: 13.50pt;\">\n<td style=\"height: 13.50pt;\" height=\"18\">Artesan\u00eda<\/td>\n<td>Moldeo de vidrio de precisi\u00f3n, acabado de tapa de alto brillo<\/td>\n<\/tr>\n<tr style=\"height: 13.50pt;\">\n<td style=\"height: 13.50pt;\" height=\"18\">Prop\u00f3sito del producto<\/td>\n<td>Frasco de perfume rectangular, frascos de perfume vac\u00edos<\/td>\n<\/tr>\n<tr style=\"height: 13.50pt;\">\n<td style=\"height: 13.50pt;\" height=\"18\">Industrias adecuadas<\/td>\n<td>Marcas de grandes almacenes, regalos de lujo<\/td>\n<\/tr>\n<\/tbody>\n<\/table>\n<h2>Historia de \u00e9xito<\/h2>\n<p>Una de las marcas neoyorquinas especializadas en accesorios modernos para el hogar eligi\u00f3 nuestro frasco de perfume de 95 ml como recipiente y lo personaliz\u00f3 con un cuerpo de vidrio gris ahumado claro y la distintiva tapa trapezoidal negra mate. La forma del frasco es rectangular, lo que le da un atractivo excepcional en el estante, y los minoristas han indicado una tasa de conversi\u00f3n de ventas del 25 %, superior a la de otros formatos de frasco. El vidrio transparente (incluso el vidrio tintado) es un valor a\u00f1adido a la alta calidad y la autenticidad del producto, que aumenta el 50 % la repetici\u00f3n de la compra. La marca qued\u00f3 tan satisfecha con el rendimiento del producto que encarg\u00f3 400\u00a0000 frascos m\u00e1s para incorporar la fragancia a su l\u00ednea de productos permanente.<\/p>\n<h2>Personalizaci\u00f3n de frasco de perfume rectangular<\/h2>\n<ul>\n<li>Colores y acabados del vidrio: Las botellas de vidrio tienen forma rectangular y vienen en acabados transparentes, ahumados, \u00e1mbar y esmerilados.<\/li>\n<li>Grabado l\u00e1ser en vidrio: La botella puede tener dise\u00f1os simples, nombres de marcas o l\u00edneas decorativas grabadas en ella.<\/li>\n<li>Panel con logotipo de marca arenado: es posible imprimir el logotipo de la marca en un panel rectangular esmerilado arenado en la parte delantera o trasera de la botella.<\/li>\n<li>Detalles Decorativos Met\u00e1licos: Se puede colocar una fina l\u00e1mina de metal (ya sea plateada o dorada) en la base de la tapa o en el cuello de la botella.<\/li>\n<\/ul>","protected":false},"excerpt":{"rendered":"<p>Este frasco de perfume de 100 ml est\u00e1 hecho de vidrio transparente con bordes redondeados y una tapa negra brillante. Este frasco rectangular se puede personalizar.<\/p>","protected":false},"featured_media":4573,"template":"","meta":{"postBodyCss":"","postBodyMargin":[],"postBodyPadding":[],"postBodyBackground":{"backgroundType":"classic","gradient":""}},"product_brand":[],"product_cat":[15,16,62],"product_tag":[],"class_list":{"0":"post-4571","1":"product","2":"type-product","3":"status-publish","4":"has-post-thumbnail","6":"product_cat-glass-containers","7":"product_cat-glass-bottles","8":"product_cat-perfume-bottles","10":"first","11":"instock","12":"shipping-taxable","13":"product-type-simple"},"jetpack_sharing_enabled":true,"_links":{"self":[{"href":"https:\/\/minghanggroup.com\/es\/wp-json\/wp\/v2\/product\/4571","targetHints":{"allow":["GET"]}}],"collection":[{"href":"https:\/\/minghanggroup.com\/es\/wp-json\/wp\/v2\/product"}],"about":[{"href":"https:\/\/minghanggroup.com\/es\/wp-json\/wp\/v2\/types\/product"}],"wp:featuredmedia":[{"embeddable":true,"href":"https:\/\/minghanggroup.com\/es\/wp-json\/wp\/v2\/media\/4573"}],"wp:attachment":[{"href":"https:\/\/minghanggroup.com\/es\/wp-json\/wp\/v2\/media?parent=4571"}],"wp:term":[{"taxonomy":"product_brand","embeddable":true,"href":"https:\/\/minghanggroup.com\/es\/wp-json\/wp\/v2\/product_brand?post=4571"},{"taxonomy":"product_cat","embeddable":true,"href":"https:\/\/minghanggroup.com\/es\/wp-json\/wp\/v2\/product_cat?post=4571"},{"taxonomy":"product_tag","embeddable":true,"href":"https:\/\/minghanggroup.com\/es\/wp-json\/wp\/v2\/product_tag?post=4571"}],"curies":[{"name":"wp","href":"https:\/\/api.w.org\/{rel}","templated":true}]}}