{"id":4566,"date":"2026-01-13T11:21:53","date_gmt":"2026-01-13T03:21:53","guid":{"rendered":"https:\/\/minghanggroup.com\/?post_type=product&#038;p=4566"},"modified":"2026-01-13T16:48:50","modified_gmt":"2026-01-13T08:48:50","slug":"glass-personalized-cologne-bottle-with-diamond-lids-bulk","status":"publish","type":"product","link":"https:\/\/minghanggroup.com\/es\/producto\/glass-personalized-cologne-bottle-with-diamond-lids-bulk\/","title":{"rendered":"Botellas de colonia de vidrio personalizadas de 50 ml con tapas de diamante al por mayor"},"content":{"rendered":"<p>Tus frascos de colonia personalizados no solo deben contener aroma, sino que tambi\u00e9n deben llamar la atenci\u00f3n de los clientes. Como proveedores l\u00edderes de frascos de fragancias, fabricamos frascos de perfume de vidrio que convierten tu perfume personalizado en un momento de lujo que dejar\u00e1 at\u00f3nitos a los clientes.<\/p>\n<h2>Caracter\u00edsticas del producto<\/h2>\n<ul>\n<li><strong>Contraste de tapa plateada\/dorada: <\/strong>\u00bfTapones met\u00e1licos sobre vidrio transparente? El empaquetado de perfumes es un \u00e9xito inmediato.<\/li>\n<li><strong>Base rectangular con fondo engrosado estabilizado: <\/strong>No se tambalea en los estantes. Su frasco de perfume de vidrio es pesado y de alta calidad.<\/li>\n<li><strong>Magia de gorra multifac\u00e9tica: <\/strong>La tapa superior refleja la luz y a\u00f1ade decoraci\u00f3n instant\u00e1nea sin gasto adicional.<\/li>\n<\/ul>\n<h2>Especificaciones clave<\/h2>\n<table style=\"border-collapse: collapse; width: 80%; margin-left: auto; margin-right: auto;\" border=\"0\" width=\"288\" cellspacing=\"0\" cellpadding=\"0\">\n<tbody>\n<tr style=\"height: 13.50pt;\">\n<td style=\"height: 13.5pt; width: 54pt; text-align: center;\" width=\"72\" height=\"18\">Tama\u00f1o<\/td>\n<td style=\"width: 54pt; text-align: center;\" width=\"72\">Dimensiones (mm)<\/td>\n<td style=\"width: 54pt; text-align: center;\" width=\"72\">Color de la tapa<\/td>\n<td style=\"width: 54pt; text-align: center;\" width=\"72\">Tipo de sellado<\/td>\n<\/tr>\n<tr style=\"height: 13.50pt;\">\n<td style=\"height: 13.5pt; text-align: center;\" height=\"18\">50 ml<\/td>\n<td style=\"text-align: center;\">58\u00d733\u00d779 \/ 58\u00d735\u00d791<\/td>\n<td style=\"text-align: center;\">Plata\/Oro<\/td>\n<td style=\"text-align: center;\">Atomizador<\/td>\n<\/tr>\n<\/tbody>\n<\/table>\n<h2>Caso de \u00e9xito<\/h2>\n<p>Una de las marcas de fragancias que se centraba en los eau de parfum de alta gama buscaba un envase transparente que representara la artesan\u00eda y los posicionara en un lugar destacado. Para lanzar su nueva colecci\u00f3n, la marca eligi\u00f3 nuestros frascos de perfume de vidrio personalizados con un acabado esmerilado, un logotipo ligeramente grabado en relieve en la parte frontal y un collar de pulverizaci\u00f3n personalizado en tono dorado, a juego con la propia marca.<br \/>\nLa marca aument\u00f3 su volumen de pedidos repetidos en un 35 por ciento en dos lanzamientos y obtuvo una mayor respuesta de los distribuidores que los impuls\u00f3 a continuar realizando pedidos repetidos en diferentes temporadas.<\/p>\n<h2>Sus opciones de personalizaci\u00f3n<\/h2>\n<ol>\n<li><strong>Color de la corteza:<\/strong> Floral dorado y amaderado plateado: su tap\u00f3n lo explica todo antes de la primera pulverizaci\u00f3n.<\/li>\n<li><strong>Impresi\u00f3n UV: <\/strong>Coloque dise\u00f1os de flores en el vidrio: sus soluciones para paquetes de perfumes har\u00e1n que la gente hable.<\/li>\n<li><strong>Grabado de lujo: <\/strong>Grabe con l\u00e1ser su logotipo en el lateral.<\/li>\n<\/ol>","protected":false},"excerpt":{"rendered":"<p>Botella de colonia personalizada con vidrio transparente y acabado en spray. Trabaja con proveedores confiables de botellas de fragancia que ofrecen personalizaci\u00f3n directa de f\u00e1brica y al por mayor.<\/p>","protected":false},"featured_media":4570,"template":"","meta":{"postBodyCss":"","postBodyMargin":[],"postBodyPadding":[],"postBodyBackground":{"backgroundType":"classic","gradient":""}},"product_brand":[],"product_cat":[15,16,62],"product_tag":[],"class_list":{"0":"post-4566","1":"product","2":"type-product","3":"status-publish","4":"has-post-thumbnail","6":"product_cat-glass-containers","7":"product_cat-glass-bottles","8":"product_cat-perfume-bottles","10":"first","11":"instock","12":"shipping-taxable","13":"product-type-simple"},"jetpack_sharing_enabled":true,"_links":{"self":[{"href":"https:\/\/minghanggroup.com\/es\/wp-json\/wp\/v2\/product\/4566","targetHints":{"allow":["GET"]}}],"collection":[{"href":"https:\/\/minghanggroup.com\/es\/wp-json\/wp\/v2\/product"}],"about":[{"href":"https:\/\/minghanggroup.com\/es\/wp-json\/wp\/v2\/types\/product"}],"wp:featuredmedia":[{"embeddable":true,"href":"https:\/\/minghanggroup.com\/es\/wp-json\/wp\/v2\/media\/4570"}],"wp:attachment":[{"href":"https:\/\/minghanggroup.com\/es\/wp-json\/wp\/v2\/media?parent=4566"}],"wp:term":[{"taxonomy":"product_brand","embeddable":true,"href":"https:\/\/minghanggroup.com\/es\/wp-json\/wp\/v2\/product_brand?post=4566"},{"taxonomy":"product_cat","embeddable":true,"href":"https:\/\/minghanggroup.com\/es\/wp-json\/wp\/v2\/product_cat?post=4566"},{"taxonomy":"product_tag","embeddable":true,"href":"https:\/\/minghanggroup.com\/es\/wp-json\/wp\/v2\/product_tag?post=4566"}],"curies":[{"name":"wp","href":"https:\/\/api.w.org\/{rel}","templated":true}]}}