{"id":4555,"date":"2026-01-12T16:22:03","date_gmt":"2026-01-12T08:22:03","guid":{"rendered":"https:\/\/minghanggroup.com\/?post_type=product&#038;p=4555"},"modified":"2026-01-12T17:04:46","modified_gmt":"2026-01-12T09:04:46","slug":"clear-glass-perfume-bottles-vintage-design-wholesale","status":"publish","type":"product","link":"https:\/\/minghanggroup.com\/es\/producto\/clear-glass-perfume-bottles-vintage-design-wholesale\/","title":{"rendered":"Botellas de perfume de vidrio transparente de 50 ml, dise\u00f1o vintage, venta al por mayor"},"content":{"rendered":"<p>Tus frascos de perfume vintage no solo deben contener aroma, sino tambi\u00e9n llamar la atenci\u00f3n de quienes los visitan. Como expertos en dise\u00f1o de frascos de perfume, creamos frascos de perfume de vidrio que convierten tu perfume personalizado en un momento de lujo que dejar\u00e1 at\u00f3nitos a quienes lo visitan.<\/p>\n<h2>Caracter\u00edsticas del producto<\/h2>\n<ul>\n<li><strong>Claridad cristalina: <\/strong>Mira el verdadero tono de tu fragancia a trav\u00e9s de esta botella de vidrio, sin filtros turbios, solo pura belleza de vidrio.<\/li>\n<li><strong>Contraste de tapa plateada: <\/strong>\u00bfTapas plateadas met\u00e1licas sobre vidrio transparente? Un toque visual sorprendente para el empaque de tu perfume.<\/li>\n<li><strong>Base rectangular estabilizada: <\/strong>Fondo grueso: no se tambalea en absoluto en los estantes. Su frasco de perfume de vidrio tiene un tacto pesado y de alta calidad.<\/li>\n<\/ul>\n<h2>Especificaciones clave<\/h2>\n<table style=\"border-collapse: collapse; width: 80%; margin-right: auto; margin-left: auto;\" border=\"0\" width=\"360\" cellspacing=\"0\" cellpadding=\"0\">\n<tbody>\n<tr style=\"height: 13.50pt;\">\n<td style=\"height: 13.5pt; width: 54pt; text-align: center;\" width=\"72\" height=\"18\">Tama\u00f1o<\/td>\n<td style=\"width: 54pt; text-align: center;\" width=\"72\">Dimensiones (mm)<\/td>\n<td style=\"width: 54pt; text-align: center;\" width=\"72\">Material<\/td>\n<td style=\"width: 54pt; text-align: center;\" width=\"72\">Color de la tapa<\/td>\n<td style=\"width: 54pt; text-align: center;\" width=\"72\">Tipo de sellado<\/td>\n<\/tr>\n<tr style=\"height: 13.50pt;\">\n<td style=\"height: 13.5pt; text-align: center;\" height=\"18\">50 ml<\/td>\n<td style=\"text-align: center;\">41\u00d730\u00d7107<\/td>\n<td style=\"text-align: center;\">Cristal + Metal\/PE<\/td>\n<td style=\"text-align: center;\">Plata<\/td>\n<td style=\"text-align: center;\">Atomizador<\/td>\n<\/tr>\n<\/tbody>\n<\/table>\n<h2>Caso de \u00e9xito<\/h2>\n<p>Una marca de perfumes buscaba un envase que reflejara su posicionamiento minimalista y, al mismo tiempo, contribuyera a mejorar la visibilidad en los estantes. Para el lanzamiento de la primera colecci\u00f3n, la marca eligi\u00f3 nuestros frascos de perfume de vidrio transparente y los personaliz\u00f3 con un acabado esmerilado, el logotipo grabado en relieve en el hombro y sutiles estampados de seda que transmiten textura sin sobrecargar visualmente.<\/p>\n<p>Por lo tanto, el nuevo envase contribuy\u00f3 significativamente a que la marca lograra un aumento del 35 % en las ventas durante los dos primeros meses tras el lanzamiento. La empresa, motivada por la buena acogida del mercado, ha ampliado su l\u00ednea de productos y ha realizado pedidos al por mayor durante tres lanzamientos consecutivos.<\/p>\n<h2>Sus opciones de personalizaci\u00f3n<\/h2>\n<ol>\n<li><strong>Gorra de plata: <\/strong>Haz que el color del tap\u00f3n refleje las notas de la fragancia: plateado para mineral, dorado para floral. Tu tap\u00f3n narra la historia.<\/li>\n<li><strong>Grabe para un lujo instant\u00e1neo: <\/strong>Utilice un l\u00e1ser para marcar su logotipo en el lateral.<\/li>\n<li><strong>Impresi\u00f3n UV para decoraci\u00f3n: <\/strong>Imprima im\u00e1genes bot\u00e1nicas en el vidrio y sus soluciones de envasado de fragancias se convertir\u00e1n en una obra maestra.<\/li>\n<\/ol>","protected":false},"excerpt":{"rendered":"<p>Frascos de perfume de vidrio de estilo vintage con forma refinada y transparencia. Suministro directo de f\u00e1brica, con dise\u00f1os \u00fanicos para fragancias. Env\u00edo r\u00e1pido.<\/p>","protected":false},"featured_media":4565,"template":"","meta":{"postBodyCss":"","postBodyMargin":[],"postBodyPadding":[],"postBodyBackground":{"backgroundType":"classic","gradient":""}},"product_brand":[],"product_cat":[16,15,62],"product_tag":[],"class_list":{"0":"post-4555","1":"product","2":"type-product","3":"status-publish","4":"has-post-thumbnail","6":"product_cat-glass-bottles","7":"product_cat-glass-containers","8":"product_cat-perfume-bottles","10":"first","11":"instock","12":"shipping-taxable","13":"product-type-simple"},"jetpack_sharing_enabled":true,"_links":{"self":[{"href":"https:\/\/minghanggroup.com\/es\/wp-json\/wp\/v2\/product\/4555","targetHints":{"allow":["GET"]}}],"collection":[{"href":"https:\/\/minghanggroup.com\/es\/wp-json\/wp\/v2\/product"}],"about":[{"href":"https:\/\/minghanggroup.com\/es\/wp-json\/wp\/v2\/types\/product"}],"wp:featuredmedia":[{"embeddable":true,"href":"https:\/\/minghanggroup.com\/es\/wp-json\/wp\/v2\/media\/4565"}],"wp:attachment":[{"href":"https:\/\/minghanggroup.com\/es\/wp-json\/wp\/v2\/media?parent=4555"}],"wp:term":[{"taxonomy":"product_brand","embeddable":true,"href":"https:\/\/minghanggroup.com\/es\/wp-json\/wp\/v2\/product_brand?post=4555"},{"taxonomy":"product_cat","embeddable":true,"href":"https:\/\/minghanggroup.com\/es\/wp-json\/wp\/v2\/product_cat?post=4555"},{"taxonomy":"product_tag","embeddable":true,"href":"https:\/\/minghanggroup.com\/es\/wp-json\/wp\/v2\/product_tag?post=4555"}],"curies":[{"name":"wp","href":"https:\/\/api.w.org\/{rel}","templated":true}]}}